{"id":996724,"date":"2023-02-24T13:04:42","date_gmt":"2023-02-24T13:04:42","guid":{"rendered":"https:\/\/isfelevator.com\/product\/sp-16\/"},"modified":"2023-02-27T19:43:54","modified_gmt":"2023-02-27T19:43:54","slug":"%d1%81%d0%bf-16","status":"publish","type":"product","link":"https:\/\/isfelevator.com\/ru\/product\/%d1%81%d0%bf-16\/","title":{"rendered":"\u0421\u041f-16"},"content":{"rendered":"<p><strong><span style=\"vertical-align: inherit;\">\u0421\u041f-16<\/span><\/strong><\/p>\n<p><strong><span style=\"vertical-align: inherit;\">\u0425\u0430\u0440\u0430\u043a\u0442\u0435\u0440\u0438\u0441\u0442\u0438\u043a\u0438<\/span><\/strong><span style=\"vertical-align: inherit;\"> \u041c\u043e\u0436\u0435\u0442 \u0440\u0430\u0431\u043e\u0442\u0430\u0442\u044c \u0432 \u0441\u0438\u0441\u0442\u0435\u043c\u0430\u0445 \u0432\u0432\u0435\u0440\u0445\/\u0432\u043d\u0438\u0437 \u0432 \u043a\u043e\u043b\u043b\u0435\u043a\u0442\u0438\u0432\u043d\u044b\u0445 (16 \u044d\u0442\u0430\u0436\u0435\u0439) \u0438 \u043f\u043e\u043b\u043d\u044b\u0445 \u043a\u043e\u043b\u043b\u0435\u043a\u0442\u0438\u0432\u043d\u044b\u0445 (9 \u044d\u0442\u0430\u0436\u0435\u0439) \u0441\u0438\u0441\u0442\u0435\u043c\u0430\u0445. 7-\u0441\u0435\u0433\u043c\u0435\u043d\u0442\u043d\u044b\u0435 \u0432\u044b\u0445\u043e\u0434\u044b (9 \u0432\u044b\u0445\u043e\u0434\u043e\u0432) \u0438 2&#215;7-\u0441\u0435\u0433\u043c\u0435\u043d\u0442\u043d\u044b\u0439 \u0438\u043d\u0434\u0438\u043a\u0430\u0442\u043e\u0440 \u0412\u044b\u0445\u043e\u0434\u044b \u0441 \u043a\u043e\u0434\u043e\u043c \u0413\u0440\u0435\u044f (5 \u0432\u044b\u0445\u043e\u0434\u043e\u0432) \u041f\u0440\u0435\u0434\u0443\u0441\u0442\u0430\u043d\u043e\u0432\u043b\u0435\u043d\u043d\u044b\u0435 \u0440\u0435\u043b\u0435\u0439\u043d\u044b\u0435 \u0432\u044b\u0445\u043e\u0434\u044b (\u043d\u0435 \u0440\u0430\u0431\u043e\u0442\u0430\u0435\u0442, \u0437\u0430\u043d\u044f\u0442\u043e, \u0432\u043d\u0438\u0437 \u0438 \u0432\u0432\u0435\u0440\u0445) \u0440\u0435\u043b\u0435\u0439\u043d\u044b\u0435 \u0432\u044b\u0445\u043e\u0434\u044b (4 \u0432\u044b\u0445\u043e\u0434\u0430) \u0412\u043e\u0437\u043c\u043e\u0436\u043d\u043e\u0441\u0442\u044c \u0440\u0430\u0431\u043e\u0442\u044b \u0441 ARL500 \u0438 ARCODE . ARL500 ve ARCODE sistemleriyle birlikte \u00e7al\u0131\u015fabilme. \u041f\u0440\u043e\u0441\u0442\u043e\u0435 \u043f\u0440\u043e\u0433\u0440\u0430\u043c\u043c\u0438\u0440\u043e\u0432\u0430\u043d\u0438\u0435 \u0441 \u043f\u043e\u043c\u043e\u0449\u044c\u044e DIP-\u043f\u0435\u0440\u0435\u043a\u043b\u044e\u0447\u0430\u0442\u0435\u043b\u0435\u0439.<\/span><\/p>\n","protected":false},"excerpt":{"rendered":"<p><strong><span style=\"vertical-align: inherit;\">SP-16 \u043f\u0440\u0435\u0434\u0441\u0442\u0430\u0432\u043b\u044f\u0435\u0442 \u0441\u043e\u0431\u043e\u0439 \u043c\u043e\u0434\u0443\u043b\u044c \u043f\u0430\u0440\u0430\u043b\u043b\u0435\u043b\u044c\u043d\u043e\u0433\u043e\/\u043f\u043e\u0441\u043b\u0435\u0434\u043e\u0432\u0430\u0442\u0435\u043b\u044c\u043d\u043e\u0433\u043e \u043f\u0440\u0435\u043e\u0431\u0440\u0430\u0437\u043e\u0432\u0430\u0442\u0435\u043b\u044f, \u043a\u043e\u0442\u043e\u0440\u044b\u0439 \u043c\u043e\u0436\u043d\u043e \u0438\u0441\u043f\u043e\u043b\u044c\u0437\u043e\u0432\u0430\u0442\u044c \u0432 ARL500 \u0438 ARCODE. <\/span><\/strong><span style=\"vertical-align: inherit;\">SP-16 \u043f\u043e\u0437\u0432\u043e\u043b\u044f\u0435\u0442 \u0438\u0441\u043f\u043e\u043b\u044c\u0437\u043e\u0432\u0430\u0442\u044c \u0441\u0443\u0449\u0435\u0441\u0442\u0432\u0443\u044e\u0449\u0438\u0435 \u043f\u0430\u0440\u0430\u043b\u043b\u0435\u043b\u044c\u043d\u044b\u0435 \u0430\u0432\u0442\u043e\u043c\u043e\u0431\u0438\u043b\u044c\u043d\u044b\u0435 \u0443\u0441\u0442\u0430\u043d\u043e\u0432\u043a\u0438 \u0441 \u043f\u0430\u043d\u0435\u043b\u044f\u043c\u0438 \u0443\u043f\u0440\u0430\u0432\u043b\u0435\u043d\u0438\u044f ARL500 \u0438 ARCODE, \u043a\u043e\u0442\u043e\u0440\u044b\u0435 \u043e\u0431\u044b\u0447\u043d\u043e \u0440\u0430\u0431\u043e\u0442\u0430\u044e\u0442 \u0441 \u043f\u043e\u0441\u043b\u0435\u0434\u043e\u0432\u0430\u0442\u0435\u043b\u044c\u043d\u043e\u0439 \u0441\u0432\u044f\u0437\u044c\u044e. \u041e\u0434\u043d\u0430 \u043f\u043b\u0430\u0442\u0430 SP16 \u043f\u043e\u0434\u0434\u0435\u0440\u0436\u0438\u0432\u0430\u0435\u0442 16 \u044d\u0442\u0430\u0436\u0435\u0439 \u043f\u0440\u0438 \u0433\u0440\u0443\u043f\u043f\u043e\u0432\u044b\u0445 \u043e\u043f\u0435\u0440\u0430\u0446\u0438\u044f\u0445 \u0432\u0432\u0435\u0440\u0445\/\u0432\u043d\u0438\u0437 \u0438 9 \u044d\u0442\u0430\u0436\u0435\u0439 \u043f\u0440\u0438 \u043f\u043e\u043b\u043d\u044b\u0445 \u043a\u043e\u043b\u043b\u0435\u043a\u0442\u0438\u0432\u043d\u044b\u0445 \u043e\u043f\u0435\u0440\u0430\u0446\u0438\u044f\u0445. \u0414\u043b\u044f \u0431\u043e\u043b\u0435\u0435 \u0432\u044b\u0441\u043e\u043a\u043e\u0439 \u043f\u043e\u0434\u0434\u0435\u0440\u0436\u043a\u0438 \u043c\u043e\u0436\u043d\u043e \u0438\u0441\u043f\u043e\u043b\u044c\u0437\u043e\u0432\u0430\u0442\u044c \u0431\u043e\u043b\u0435\u0435 \u043e\u0434\u043d\u043e\u0439 \u0434\u043e\u0441\u043a\u0438. \u0421 \u043f\u043e\u043c\u043e\u0449\u044c\u044e SP16 \u043c\u043e\u0436\u043d\u043e \u0438\u0441\u043f\u043e\u043b\u044c\u0437\u043e\u0432\u0430\u0442\u044c \u0441\u0443\u0449\u0435\u0441\u0442\u0432\u0443\u044e\u0449\u0438\u0435 \u043f\u0430\u0440\u0430\u043b\u043b\u0435\u043b\u044c\u043d\u044b\u0435 \u043f\u0440\u043e\u0432\u043e\u0434\u043d\u044b\u0435 \u0441\u043e\u0435\u0434\u0438\u043d\u0435\u043d\u0438\u044f \u0447\u0435\u0440\u0435\u0437 7-\u0441\u0435\u0433\u043c\u0435\u043d\u0442\u043d\u044b\u0435 \u0432\u044b\u0445\u043e\u0434\u044b \u0438 \u0432\u044b\u0445\u043e\u0434\u044b \u0441 \u043a\u043e\u0434\u043e\u043c \u0413\u0440\u0435\u044f.<\/span><\/p>\n","protected":false},"featured_media":992700,"comment_status":"open","ping_status":"closed","template":"","meta":[],"product_brand":[],"product_cat":[691,727,685],"product_tag":[],"class_list":{"0":"post-996724","1":"product","2":"type-product","3":"status-publish","4":"has-post-thumbnail","6":"product_cat-691","7":"product_cat-727","8":"product_cat-685","10":"first","11":"instock","12":"shipping-taxable","13":"product-type-simple","14":"prodpage-style2"},"_links":{"self":[{"href":"https:\/\/isfelevator.com\/ru\/wp-json\/wp\/v2\/product\/996724","targetHints":{"allow":["GET"]}}],"collection":[{"href":"https:\/\/isfelevator.com\/ru\/wp-json\/wp\/v2\/product"}],"about":[{"href":"https:\/\/isfelevator.com\/ru\/wp-json\/wp\/v2\/types\/product"}],"replies":[{"embeddable":true,"href":"https:\/\/isfelevator.com\/ru\/wp-json\/wp\/v2\/comments?post=996724"}],"wp:featuredmedia":[{"embeddable":true,"href":"https:\/\/isfelevator.com\/ru\/wp-json\/wp\/v2\/media\/992700"}],"wp:attachment":[{"href":"https:\/\/isfelevator.com\/ru\/wp-json\/wp\/v2\/media?parent=996724"}],"wp:term":[{"taxonomy":"product_brand","embeddable":true,"href":"https:\/\/isfelevator.com\/ru\/wp-json\/wp\/v2\/product_brand?post=996724"},{"taxonomy":"product_cat","embeddable":true,"href":"https:\/\/isfelevator.com\/ru\/wp-json\/wp\/v2\/product_cat?post=996724"},{"taxonomy":"product_tag","embeddable":true,"href":"https:\/\/isfelevator.com\/ru\/wp-json\/wp\/v2\/product_tag?post=996724"}],"curies":[{"name":"wp","href":"https:\/\/api.w.org\/{rel}","templated":true}]}}