{"id":996933,"date":"2023-02-24T13:04:18","date_gmt":"2023-02-24T13:04:18","guid":{"rendered":"https:\/\/isfelevator.com\/product\/arcode-integrated-ele-control-unit\/"},"modified":"2023-02-28T08:57:18","modified_gmt":"2023-02-28T08:57:18","slug":"arcode-geintegreerde-ele-controle-eenheid","status":"publish","type":"product","link":"https:\/\/isfelevator.com\/nl\/product\/arcode-geintegreerde-ele-controle-eenheid\/","title":{"rendered":"ARCODE Ge\u00efntegreerde Ele. Controle-eenheid"},"content":{"rendered":"<p><strong><span style=\"vertical-align: inherit;\">ARCODE Ge\u00efntegreerde Ele. Controle-eenheid<\/span><\/strong><\/p>\n<p><span style=\"vertical-align: inherit;\">ALGEMENE KENMERKEN Toepassingstype: Installatie van nieuwe liften of vervanging van bestaande liften Motorbesturing: Synchrone (gearless) machines of inductiemachines (geared) Aandrijfsysteem: Met machinekamer of MRL Kastinstallatie: Binnen in de schacht of buiten de schacht Snelheidsbereik: Omhoog tot 4 m\/s Groepsbediening: Tot 8 liften Aantal verdiepingen: Tot 64 verdiepingen Kooibedrading: Met CANbus seri\u00eble communicatie (standaard) Landingsbedrading: Met voorbedrade CANbus seri\u00eble bedrading met conventionele bedrading (tot 16 verdiepingen met parallelle aansluitoptiekaart) Kooipositionering: Met incrementele of absolute encoders gemonteerd op motoras Deurbediening: 2 onafhankelijk bediende kooi-ingangen Evacuatiebediening: Met behulp van een 1-fase 230V UPS en batterij Feedbackopties: Incrementele encoders (5V TTL of 10-30V HTL ),<\/span><\/p>\n<p><span style=\"vertical-align: inherit;\">ARCODE absolute encoders (EnDat, SSI, SinCos of BISS) Automatische instellingen: Auto-tuning \/ Shaft learning \/ Control gain berekening Rollback-preventie bij de start: Pre-torque-functie (met een analoog signaal van een load cell), Anti-rollback-functie (zonder enig extern laadsignaal) Handset (AREM): TFT-kleurendisplay met gebruiksvriendelijke en meertalige interface, Bedien het systeem vanaf elke locatie via CANbus Software-update: Snel en betrouwbaar updatesysteem via AREM in \u00e9\u00e9n keer Extra functies Directe landing Interne ingang EMI filter Interne DC-smoorspoel Vooropening deur en snelle start (met optionele module) Digitale schachtleren Korte vloerbeweging zonder benodigde hardware of instellingen Hoge stopnauwkeurigheid Spanning veiligheidscircuit 48 &#8211; 230 VAC Energiebesparende modus Programmeerbare ingangen en uitgangen Speciaal lifttestmenu<\/span><\/p>\n","protected":false},"excerpt":{"rendered":"<p><strong><span style=\"vertical-align: inherit;\">ARCODE<\/span><\/strong><span style=\"vertical-align: inherit;\"> Ge\u00efntegreerde liftcontroller voor tractieliften. ARCODE is een ge\u00efntegreerde liftbesturingseenheid die VVVF-omvormer, besturingskaart en evacuatiesysteem in \u00e9\u00e9n pakket combineert.<\/span><\/p>\n","protected":false},"featured_media":992354,"comment_status":"open","ping_status":"closed","template":"","meta":[],"product_brand":[],"product_cat":[747,681],"product_tag":[],"class_list":{"0":"post-996933","1":"product","2":"type-product","3":"status-publish","4":"has-post-thumbnail","6":"product_cat-geintegreerde-liftbesturingsunit","7":"product_cat-lift-controllers","9":"first","10":"instock","11":"shipping-taxable","12":"product-type-simple","13":"prodpage-style2"},"_links":{"self":[{"href":"https:\/\/isfelevator.com\/nl\/wp-json\/wp\/v2\/product\/996933","targetHints":{"allow":["GET"]}}],"collection":[{"href":"https:\/\/isfelevator.com\/nl\/wp-json\/wp\/v2\/product"}],"about":[{"href":"https:\/\/isfelevator.com\/nl\/wp-json\/wp\/v2\/types\/product"}],"replies":[{"embeddable":true,"href":"https:\/\/isfelevator.com\/nl\/wp-json\/wp\/v2\/comments?post=996933"}],"wp:featuredmedia":[{"embeddable":true,"href":"https:\/\/isfelevator.com\/nl\/wp-json\/wp\/v2\/media\/992354"}],"wp:attachment":[{"href":"https:\/\/isfelevator.com\/nl\/wp-json\/wp\/v2\/media?parent=996933"}],"wp:term":[{"taxonomy":"product_brand","embeddable":true,"href":"https:\/\/isfelevator.com\/nl\/wp-json\/wp\/v2\/product_brand?post=996933"},{"taxonomy":"product_cat","embeddable":true,"href":"https:\/\/isfelevator.com\/nl\/wp-json\/wp\/v2\/product_cat?post=996933"},{"taxonomy":"product_tag","embeddable":true,"href":"https:\/\/isfelevator.com\/nl\/wp-json\/wp\/v2\/product_tag?post=996933"}],"curies":[{"name":"wp","href":"https:\/\/api.w.org\/{rel}","templated":true}]}}