{"id":996899,"date":"2023-02-24T13:04:19","date_gmt":"2023-02-24T13:04:19","guid":{"rendered":"https:\/\/isfelevator.com\/product\/akus-sd-combi-elevator-auxiliary-units\/"},"modified":"2023-02-28T07:56:57","modified_gmt":"2023-02-28T07:56:57","slug":"akus-sd-combi-hulpeenheden-voor-liften","status":"publish","type":"product","link":"https:\/\/isfelevator.com\/nl\/product\/akus-sd-combi-hulpeenheden-voor-liften\/","title":{"rendered":"AKUS-SD COMBI Hulpeenheden voor liften"},"content":{"rendered":"<p><strong><span style=\"vertical-align: inherit;\">AKUS-SD COMBI Hulpeenheden voor liften<\/span><\/strong><\/p>\n<p><strong><span style=\"vertical-align: inherit;\">KENMERKEN<\/span><\/strong><span style=\"vertical-align: inherit;\"> De AKUS-SD COMBI, die uit slechts \u00e9\u00e9n bord bestaat, is het nieuwe ontwerp van de Emergency Rescue Unit. Het biedt alle functies van AKUS-SD. Bij stroomuitval verplaatst het de lift die tussen twee verdiepingen tot stilstand is gekomen naar vloerniveau, opent de automatische deur en worden passagiers veilig ge\u00ebvacueerd. Bij liften met automatische deuren wordt bij een stroomstoring op vloerniveau de deur geopend en worden de passagiers ge\u00ebvacueerd. AKUS-SD COMBI kan worden toegepast op alle systemen met \u00e9\u00e9n snelheid, twee snelheden of snelheidsgestuurde systemen. Geschikt voor asynchrone aandrijvingen. Werkt open lus. U hoeft geen sensor op de motor te plaatsen. Bevat een interne transformator.<\/span><\/p>\n<p><span style=\"vertical-align: inherit;\">AKUS-SD COMBI krijgt de stroom van 5 stuks batterijen die geen onderhoud nodig hebben. Dankzij het slimme batterijlaadsysteem dat de batterijen niet vermoeit en jarenlang laat werken. Doordat het ge\u00efntegreerd is in het bedieningspaneel, zijn alle aansluitingen die nodig zijn voor een noodunit in stof uitgevoerd. De insteltijd wordt dus geminimaliseerd. Er is geen veiligheidscircuitaansluiting nodig. De aansluiting van het veiligheidscircuit wordt alleen gemaakt om de controller op te tillen. AKUS-SD COMBI kan worden uitgeschakeld met een paar kabelverbindingen in geval van storing. Met lcd-programmaparameters zoals max. looptijd, automatisch deurtype, motoraandrijvingsfrequentie, deuropeningstijd, startvertraging, taal enz. kan eenvoudig worden aangepast. Liftbewaking en foutrapportage met een gebruiksvriendelijke menu-interface. Turkse, Engelstalige menu-opties. Ontworpen volgens EN81-1.<\/span><\/p>\n","protected":false},"excerpt":{"rendered":"<p><strong><span style=\"vertical-align: inherit;\">AKUS-SD COMBI <\/span><\/strong> <strong><span style=\"vertical-align: inherit;\">noodreddingssysteem<\/span><\/strong><\/p>\n","protected":false},"featured_media":992534,"comment_status":"open","ping_status":"closed","template":"","meta":[],"product_brand":[],"product_cat":[687,681,705],"product_tag":[],"class_list":{"0":"post-996899","1":"product","2":"type-product","3":"status-publish","4":"has-post-thumbnail","6":"product_cat-hulpeenheden","7":"product_cat-lift-controllers","8":"product_cat-noodreddingseenheid","10":"first","11":"instock","12":"shipping-taxable","13":"product-type-simple","14":"prodpage-style2"},"_links":{"self":[{"href":"https:\/\/isfelevator.com\/nl\/wp-json\/wp\/v2\/product\/996899","targetHints":{"allow":["GET"]}}],"collection":[{"href":"https:\/\/isfelevator.com\/nl\/wp-json\/wp\/v2\/product"}],"about":[{"href":"https:\/\/isfelevator.com\/nl\/wp-json\/wp\/v2\/types\/product"}],"replies":[{"embeddable":true,"href":"https:\/\/isfelevator.com\/nl\/wp-json\/wp\/v2\/comments?post=996899"}],"wp:featuredmedia":[{"embeddable":true,"href":"https:\/\/isfelevator.com\/nl\/wp-json\/wp\/v2\/media\/992534"}],"wp:attachment":[{"href":"https:\/\/isfelevator.com\/nl\/wp-json\/wp\/v2\/media?parent=996899"}],"wp:term":[{"taxonomy":"product_brand","embeddable":true,"href":"https:\/\/isfelevator.com\/nl\/wp-json\/wp\/v2\/product_brand?post=996899"},{"taxonomy":"product_cat","embeddable":true,"href":"https:\/\/isfelevator.com\/nl\/wp-json\/wp\/v2\/product_cat?post=996899"},{"taxonomy":"product_tag","embeddable":true,"href":"https:\/\/isfelevator.com\/nl\/wp-json\/wp\/v2\/product_tag?post=996899"}],"curies":[{"name":"wp","href":"https:\/\/api.w.org\/{rel}","templated":true}]}}