{"id":996858,"date":"2023-02-24T13:04:19","date_gmt":"2023-02-24T13:04:19","guid":{"rendered":"https:\/\/isfelevator.com\/product\/arl-300-elevator-controller-panels\/"},"modified":"2023-02-28T07:25:37","modified_gmt":"2023-02-28T07:25:37","slug":"arl-300-paneel-bedieningspanelen-voor-liften","status":"publish","type":"product","link":"https:\/\/isfelevator.com\/nl\/product\/arl-300-paneel-bedieningspanelen-voor-liften\/","title":{"rendered":"ARL 300 paneel Bedieningspanelen voor liften"},"content":{"rendered":"<p><strong><span style=\"vertical-align: inherit;\">ARL 300 paneel. Bedieningspanelen voor liften<\/span><\/strong><\/p>\n<p><strong><span style=\"vertical-align: inherit;\">ARL 300 Paneel <\/span><\/strong> <strong><span style=\"vertical-align: inherit;\">SYSTEEM KENMERKEN<\/span><\/strong><span style=\"vertical-align: inherit;\">Auto positionering; Door monostabiele magneetschakelaars en staafmagneten voor VVVF en hydraulische systemen, Door bistabiele magneetschakelaars en ronde magneten voor systemen met twee snelheden Automatisch deurtype; Elk type automatische deur Auto-ingang; Automatische deurcontrole door ingebouwde in- en uitgangen op het moederbord, Dubbele automatische deurcontrole door toevoeging van 2 Auto_Kg board Emergency Rescue System; Door AKUS-SD integratie in het bedieningspaneel (voor touwliften), Door toevoeging van ARL-SARJ bord en 2 stuks van een 12V batterij (voor hydraulische liften) Deuroverbrugging; Deurvooropening en nivellering bij geopende deur Motorfasebeveiliging; Door ingebouwde in- en uitgangen op het moederbord Indicatorcode-uitgangen; Door ingebouwd binair (ook omgekeerd binair) &amp; grijze code (ook omgekeerde grijze code) en 7-segment indicatoruitgangen (kan in een menu worden geprogrammeerd) Aansluitingen veiligheidscircuit; Speciale aansluiting voor veiligheidscircuit met ondersteuning voor KBK-5-kaarten Compatibiliteit; Volledige conformiteit met EN 81-1\/2 +A3 standaard als een compleet paneel<\/span><\/p>\n","protected":false},"excerpt":{"rendered":"<p><strong><span style=\"vertical-align: inherit;\">ARL 300 Paneel <\/span><\/strong> <strong><span style=\"vertical-align: inherit;\">Lift Bedieningspaneel <\/span><\/strong> <strong><span style=\"vertical-align: inherit;\">ALGEMENE KENMERKEN<\/span><\/strong><span style=\"vertical-align: inherit;\"> Aantal stops: 24 stops Aandrijvingstype: Touw, Twee snelheden, Hydraulisch, VVVF geregeld (met ADrive VVVF omvormer) + Geared Machine, + Gearless Machine (met of zonder machinekamer) Hefsnelheid: Omhoog tot 1,6 m\/s Bedieningstype: Eenvoudige drukknop, Parallelle bediening (binnen\/buiten gemengd), Collectief met \u00e9\u00e9n knop omhoog en omlaag, Collectief met \u00e9\u00e9n knop omhoog, Collectief met \u00e9\u00e9n knop omlaag, Volledig collectief Groepsbediening: Tot 4 liften Kooiinstallatie: Seri\u00eble auto-installatie tot 16 stops met RK22-inspectieboxondersteuning Bordesinstallatie: Parallelle bordesinstallatie<\/span><\/p>\n","protected":false},"featured_media":992504,"comment_status":"open","ping_status":"closed","template":"","meta":[],"product_brand":[],"product_cat":[735,681],"product_tag":[],"class_list":{"0":"post-996858","1":"product","2":"type-product","3":"status-publish","4":"has-post-thumbnail","6":"product_cat-bedieningspanelen-voor-liften","7":"product_cat-lift-controllers","9":"first","10":"instock","11":"shipping-taxable","12":"product-type-simple","13":"prodpage-style2"},"_links":{"self":[{"href":"https:\/\/isfelevator.com\/nl\/wp-json\/wp\/v2\/product\/996858","targetHints":{"allow":["GET"]}}],"collection":[{"href":"https:\/\/isfelevator.com\/nl\/wp-json\/wp\/v2\/product"}],"about":[{"href":"https:\/\/isfelevator.com\/nl\/wp-json\/wp\/v2\/types\/product"}],"replies":[{"embeddable":true,"href":"https:\/\/isfelevator.com\/nl\/wp-json\/wp\/v2\/comments?post=996858"}],"wp:featuredmedia":[{"embeddable":true,"href":"https:\/\/isfelevator.com\/nl\/wp-json\/wp\/v2\/media\/992504"}],"wp:attachment":[{"href":"https:\/\/isfelevator.com\/nl\/wp-json\/wp\/v2\/media?parent=996858"}],"wp:term":[{"taxonomy":"product_brand","embeddable":true,"href":"https:\/\/isfelevator.com\/nl\/wp-json\/wp\/v2\/product_brand?post=996858"},{"taxonomy":"product_cat","embeddable":true,"href":"https:\/\/isfelevator.com\/nl\/wp-json\/wp\/v2\/product_cat?post=996858"},{"taxonomy":"product_tag","embeddable":true,"href":"https:\/\/isfelevator.com\/nl\/wp-json\/wp\/v2\/product_tag?post=996858"}],"curies":[{"name":"wp","href":"https:\/\/api.w.org\/{rel}","templated":true}]}}