{"id":996849,"date":"2023-02-24T13:04:19","date_gmt":"2023-02-24T13:04:19","guid":{"rendered":"https:\/\/isfelevator.com\/product\/arl-500-elevator-controller-panels\/"},"modified":"2023-02-28T07:08:21","modified_gmt":"2023-02-28T07:08:21","slug":"arl-500-paneel-bedieningspanelen-voor-liften","status":"publish","type":"product","link":"https:\/\/isfelevator.com\/nl\/product\/arl-500-paneel-bedieningspanelen-voor-liften\/","title":{"rendered":"ARL 500-paneel Bedieningspanelen voor liften"},"content":{"rendered":"<p><strong><span style=\"vertical-align: inherit;\">ARL 500-paneel. Bedieningspanelen voor liften<\/span><\/strong><\/p>\n<p><strong><span style=\"vertical-align: inherit;\">ARL 500 Paneel <\/span><\/strong> <strong><span style=\"vertical-align: inherit;\">ALGEMENE KENMERKEN<\/span><\/strong><span style=\"vertical-align: inherit;\">Communicatie met auto-units: Seri\u00eble autocommunicatie via CANBus, \u00e9\u00e9n-op-\u00e9\u00e9n verbinding door middel van flexibele kabels met contactdozen tussen het bedieningspaneel en inspectiedoos, Plug &amp; play-verbinding door \u00e9\u00e9n kabel met contactdoos tussen COP en inspectiedoos. Communicatie met landingseenheden. ARL 500 Paneel Seri\u00eble landingscommunicatie via CANBus, CANBus-lijn die is verbonden door kabels met sockets van vloer tot verdieping en die zich uitstrekt langs de schachten, Plug &amp; play-verbinding voor landingsbedieningspanelen door kabels met sockets die zijn verbonden met schacht CANBus-lijn bij elke vloer. Deurcontacten Bedrading: Deurcontactinstallatie die verbonden is door kabels met stopcontacten van vloer tot vloer en die zich uitstrekt langs de schacht, Aansluiting voor bordesdeuren plug &amp; play contacten door kabels met stopcontacten die verbonden zijn met deurcontactinstallatie.<\/span><\/p>\n<p><strong><span style=\"vertical-align: inherit;\">ARL 500 Paneel SYSTEEM KENMERKEN<\/span><\/strong><span style=\"vertical-align: inherit;\">Automatische deurcontrole voor elk type deur, onafhankelijke deurcontrole voor elke verdieping door dubbele deurondersteuning 1 deurcontrole input\/output in inspectiebox, 2 in bedieningspaneel Kooipositionering Door encoder, door magnetische schakelaars en magneten Indicatoropties voor kooibedieningspaneel; 240 x 128 pixels grafische LCD-indicator 128 x 64 pixels grafische LCD-indicator (verticaal\/horizontaal) 2 x 30 mm dot matrix-display 3 x 30 mm dot matrix-display Oproep-\/indicatiemodule Opties voor landingspanelen; 240 x 128 pixels grafische LCD-indicator (boven een deur) 128 x 64 pixels grafische LCD-indicator (verticaal) 2 x 30 mm dot matrix display 3 x 30 mm dot matrix display Oproepmodule zonder display Emergency Rescue System; Door AKUS-SD integratie in het bedieningspaneel (voor touwliften), Door toevoeging van ARL-SARJ bord en 2 stuks 12V batterij (voor hydraulische liften).<\/span><\/p>\n<p><span style=\"vertical-align: inherit;\">ARL 500 Paneeldeuroverbrugging; Vooropening van de deur en opnieuw nivelleren van de deur door middel van deuroverbruggingsrelais op het moederbord Motorfasebeveiliging, Door ingebouwde ingangen\/uitgangen op het moederbord Programmeerbare ingangen\/uitgangen, Vrij programmeerbare ingangen\/uitgangen op het moederbord, autoborden en bordessen Testfuncties ; Speciale testfunctie om de verbindingen van auto- en landingsknoppanelen te testen Afstandsbediening; Bediening van het ARL-500 moederbord en de ADrive VVVF-omvormer via een handterminal die vanaf elk punt op de CANBus-lijn is aangesloten Veiligheidscircuitaansluitingen; Speciale aansluitingen in bedieningspaneel, inspectiebox en pitbox voor veiligheidscircuits Kooi- en schachttoevoer; Aardfoutzekeringen voor auto- en schachtverlichting Schachtlichtcircuit; Schachtlichtschakeling via stroompulsrelais (activeren met knoppen in inspectiebox en pitbox) Noodalarmsirene (activeren met knoppen in inspectiebox en pitbox) Compatibiliteit; EMC getest en geverifieerd, volledige conformiteit met EN 81-1\/2 +A3 als een compleet liftbesturingssysteem<\/span><\/p>\n","protected":false},"excerpt":{"rendered":"<p><strong><span style=\"vertical-align: inherit;\">ARL 500 Paneel <\/span><\/strong> <strong><span style=\"vertical-align: inherit;\">ELevator Bedieningspaneel<\/span><\/strong><span style=\"vertical-align: inherit;\"> Aantal stops: Tot 48 stops Aandrijvingstype: Twee snelheden, hydraulisch, VVVF (met ADrive VVVF-omvormer) + Geared Machine, + Gearless Machine (met of zonder machinekamer) Hefsnelheid: Tot 2,5 m \/s Besturingstype: Volledig collectief, Op of neer Collectief Groepscommando: Maximaal 8 liften<\/span><\/p>\n","protected":false},"featured_media":992480,"comment_status":"open","ping_status":"closed","template":"","meta":[],"product_brand":[],"product_cat":[735,681],"product_tag":[],"class_list":{"0":"post-996849","1":"product","2":"type-product","3":"status-publish","4":"has-post-thumbnail","6":"product_cat-bedieningspanelen-voor-liften","7":"product_cat-lift-controllers","9":"first","10":"instock","11":"shipping-taxable","12":"product-type-simple","13":"prodpage-style2"},"_links":{"self":[{"href":"https:\/\/isfelevator.com\/nl\/wp-json\/wp\/v2\/product\/996849","targetHints":{"allow":["GET"]}}],"collection":[{"href":"https:\/\/isfelevator.com\/nl\/wp-json\/wp\/v2\/product"}],"about":[{"href":"https:\/\/isfelevator.com\/nl\/wp-json\/wp\/v2\/types\/product"}],"replies":[{"embeddable":true,"href":"https:\/\/isfelevator.com\/nl\/wp-json\/wp\/v2\/comments?post=996849"}],"wp:featuredmedia":[{"embeddable":true,"href":"https:\/\/isfelevator.com\/nl\/wp-json\/wp\/v2\/media\/992480"}],"wp:attachment":[{"href":"https:\/\/isfelevator.com\/nl\/wp-json\/wp\/v2\/media?parent=996849"}],"wp:term":[{"taxonomy":"product_brand","embeddable":true,"href":"https:\/\/isfelevator.com\/nl\/wp-json\/wp\/v2\/product_brand?post=996849"},{"taxonomy":"product_cat","embeddable":true,"href":"https:\/\/isfelevator.com\/nl\/wp-json\/wp\/v2\/product_cat?post=996849"},{"taxonomy":"product_tag","embeddable":true,"href":"https:\/\/isfelevator.com\/nl\/wp-json\/wp\/v2\/product_tag?post=996849"}],"curies":[{"name":"wp","href":"https:\/\/api.w.org\/{rel}","templated":true}]}}