{"id":996840,"date":"2023-02-24T13:04:19","date_gmt":"2023-02-24T13:04:19","guid":{"rendered":"https:\/\/isfelevator.com\/product\/arcode-elevator-controller-panels\/"},"modified":"2023-02-28T06:59:38","modified_gmt":"2023-02-28T06:59:38","slug":"arcode-paneel-bedieningspanelen-voor-liften","status":"publish","type":"product","link":"https:\/\/isfelevator.com\/nl\/product\/arcode-paneel-bedieningspanelen-voor-liften\/","title":{"rendered":"ARCODE-paneel. Bedieningspanelen voor liften"},"content":{"rendered":"<p><strong><span style=\"vertical-align: inherit;\">ARCODE-paneel. Bedieningspanelen voor liften<\/span><\/strong><\/p>\n<p><strong><span style=\"vertical-align: inherit;\">SYSTEEMKENMERKEN<\/span><\/strong><span style=\"vertical-align: inherit;\"> Communicatie met auto-units; Seri\u00eble autocommunicatie via CANBus E\u00e9n op \u00e9\u00e9n verbinding d.m.v. flexibele kabels met bussen tussen bedieningspaneel en inspectiebox Plug &amp; play verbinding d.m.v. \u00e9\u00e9n kabel met connector tussen COP en inspectiebox Communicatie met Landing Units; Seri\u00eble landingscommunicatie via CANBus of parallelle landingscommunicatie via het SP16-bord. CANBus lijn die door middel van kabels met bussen van verdieping tot verdieping is verbonden en die zich langs de schacht uitstrekt. Plug &amp; play aansluiting voor landingspanelen door kabels met bussen die op de schacht zijn aangesloten.<\/span><\/p>\n<p><span style=\"vertical-align: inherit;\">ARCODE-paneel CANBus-lijn bij elke verdieping Deurcontacten Bedrading; Deurcontactinstallatie die door middel van kabels met stekkerdozen van vloer tot verdieping is verbonden en zich langs de schacht uitstrekt Aansluiting voor bordesdeuren plug &amp; play contacten door kabels met stekkerdozen die worden aangesloten op deurcontactinstallatie Schachtbedrading; Aansluiting op pitbox via \u00e9\u00e9n kabel met stopcontacten Car Positioning; Met encoder Door magnetische schakelaars en magneten Automatische deurcontrole; Automatische deurbediening voor elk type deur Onafhankelijke deurbediening voor elke verdieping door middel van dubbele deurondersteuning 1 deurbediening input\/output in inspectiebox, 2 in bedieningspaneel Indicatoropties voor kooibedieningspaneel; 5,7&#8243; 320&#215;240 pixel kleuren TFT LCD-indicator 240 x 128 pixels grafische LCD-indicator 128 x 64 pixels grafische LCD-indicator (verticaal \/ horizontaal) 2 x 30 mm dot matrix-display 3 x 30 mm dot matrix-display Oproep-\/indicatormodule Opties voor landingspanelen; 240 x 128 pixels grafische LCD-indicator (boven de deur) 128 x 64 pixels grafische LCD-indicator (verticaal) 2 x 30 mm dot matrix display 3 x 30 mm dot matrix display.<\/span><\/p>\n<p><span style=\"vertical-align: inherit;\">ARCODE paneeloproepmodule zonder display Ontruimingsbedrijf; Door gebruik te maken van een monofase 220VAC UPS of accu Naar de dichtstbijzijnde of specifieke verdieping Deuroverbrugging; Vooropening van de deur en hernivellering van de deur door deuroverbruggingsrelais op de DBR-kaart Motorfasebeveiliging; Door ingebouwde inputs\/outputs op het moederbord. Programmeerbare ingangen\/uitgangen; Vrij programmeerbare ingangen\/uitgangen op Arcode, autoborden en landingsborden Testfuncties; Speciale testfunctie om de verbindingen van auto- en landingsknoppanelen te testen Afstandsbediening; Bediening van het ARL-500 moederbord en de ADrive VVVF-omvormer via een handterminal die vanaf elk punt op de CANBus-lijn is aangesloten Veiligheidscircuitverbinding; Speciale aansluitingen in bedieningspaneel, inspectiebox en pitbox voor veiligheidscircuits Kooi- en schachttoevoer; Aardfoutzekeringen voor auto- en schachtverlichting Schachtlichtcircuit; Schachtlichtschakeling via stroompulsrelais (geactiveerd met knoppen in inspectiebox en pitbox) Noodalarm; Noodalarmsirene (geactiveerd met knoppen in inspectiebox en pitbox) Compatibiliteit; EMC getest en geverifieerd Volledige compatibiliteit met EN 81-20 als een compleet liftbesturingssysteem<\/span><\/p>\n","protected":false},"excerpt":{"rendered":"<p><strong><span style=\"vertical-align: inherit;\">ARCODE-paneel<\/span><\/strong><span style=\"vertical-align: inherit;\"> Aantal stops: Tot 64 stops Type aandrijving: Touw, VVVF (met ADrive VVVF-omvormer), Geared Machine, Gearless Machine (met of zonder machinekamer) Hefsnelheid: Tot 4 m\/s Type bediening: Volledig collectief, Omhoog of omlaag Collectief groepscommando: maximaal 8 liften<\/span><\/p>\n","protected":false},"featured_media":992450,"comment_status":"open","ping_status":"closed","template":"","meta":[],"product_brand":[],"product_cat":[735,681],"product_tag":[],"class_list":{"0":"post-996840","1":"product","2":"type-product","3":"status-publish","4":"has-post-thumbnail","6":"product_cat-bedieningspanelen-voor-liften","7":"product_cat-lift-controllers","9":"first","10":"instock","11":"shipping-taxable","12":"product-type-simple","13":"prodpage-style2"},"_links":{"self":[{"href":"https:\/\/isfelevator.com\/nl\/wp-json\/wp\/v2\/product\/996840","targetHints":{"allow":["GET"]}}],"collection":[{"href":"https:\/\/isfelevator.com\/nl\/wp-json\/wp\/v2\/product"}],"about":[{"href":"https:\/\/isfelevator.com\/nl\/wp-json\/wp\/v2\/types\/product"}],"replies":[{"embeddable":true,"href":"https:\/\/isfelevator.com\/nl\/wp-json\/wp\/v2\/comments?post=996840"}],"wp:featuredmedia":[{"embeddable":true,"href":"https:\/\/isfelevator.com\/nl\/wp-json\/wp\/v2\/media\/992450"}],"wp:attachment":[{"href":"https:\/\/isfelevator.com\/nl\/wp-json\/wp\/v2\/media?parent=996840"}],"wp:term":[{"taxonomy":"product_brand","embeddable":true,"href":"https:\/\/isfelevator.com\/nl\/wp-json\/wp\/v2\/product_brand?post=996840"},{"taxonomy":"product_cat","embeddable":true,"href":"https:\/\/isfelevator.com\/nl\/wp-json\/wp\/v2\/product_cat?post=996840"},{"taxonomy":"product_tag","embeddable":true,"href":"https:\/\/isfelevator.com\/nl\/wp-json\/wp\/v2\/product_tag?post=996840"}],"curies":[{"name":"wp","href":"https:\/\/api.w.org\/{rel}","templated":true}]}}