{"id":996824,"date":"2023-02-24T13:04:19","date_gmt":"2023-02-24T13:04:19","guid":{"rendered":"https:\/\/isfelevator.com\/product\/arl-100-elevator-controller-units\/"},"modified":"2023-02-28T06:42:55","modified_gmt":"2023-02-28T06:42:55","slug":"arl-100-liftcontroller-eenheden","status":"publish","type":"product","link":"https:\/\/isfelevator.com\/nl\/product\/arl-100-liftcontroller-eenheden\/","title":{"rendered":"ARL 100 Liftcontroller-eenheden"},"content":{"rendered":"<p><strong><span style=\"vertical-align: inherit;\">ARL 100 Liftcontroller-eenheden<\/span><\/strong><\/p>\n<p><span style=\"vertical-align: inherit;\">Kenmerken: Een economische en praktische kaart voor eenvoudige drukknopliften met \u00e9\u00e9n of twee snelheden tot 8 verdiepingen. Het systeem bestaat uit slechts \u00e9\u00e9n unit (22x11cm). Vloerdetectie wordt uitgevoerd door een telsysteem. Er worden slechts 3 magnetische schakelaars voor systemen met \u00e9\u00e9n snelheid en 4 voor systemen met twee snelheden inclusief eindschakelaars gebruikt voor een willekeurig aantal verdiepingen. Alle systeemparameters (aantal verdiepingen, bezetvertraging, wachttijd deurvergrendeling, automatische deur ja-nee, max. reistijd van vloer tot verdieping, brandparkeerverdieping, max. tijd om te wachten op deur sluiten, stoppen op vloerniveau bij inspectie) door de gebruiker in te stellen via 3 knoppen en 7-segment display op de kaart.<\/span><\/p>\n<p><span style=\"vertical-align: inherit;\">ARL 100 een display met 7 segmenten geeft de positie van de auto weer bij normale omstandigheden en geeft een foutcode weer bij abnormale omstandigheden. Brandalarmingang, aardbevingssensoringang, overbelastingsingang, autoprioriteitsschakelaaringang, richtingspijl, autolamp, bezet, buiten dienst en automatische deuruitgangen zijn beschikbaar. 7-segment- en signalisatie-uitgangen zijn kortsluitvast Ontworpen volgens de Europese liftnorm EN-81.<\/span><\/p>\n","protected":false},"excerpt":{"rendered":"<p><strong><span style=\"vertical-align: inherit;\">ARL 100<\/span><\/strong><span style=\"vertical-align: inherit;\"> Liftcontroller voor niet-collectieve systemen Een economische en praktische kaart voor eenvoudige drukknopliften met \u00e9\u00e9n of twee snelheden tot 8 verdiepingen.<\/span><\/p>\n","protected":false},"featured_media":992414,"comment_status":"open","ping_status":"closed","template":"","meta":[],"product_brand":[],"product_cat":[681,741],"product_tag":[],"class_list":{"0":"post-996824","1":"product","2":"type-product","3":"status-publish","4":"has-post-thumbnail","6":"product_cat-lift-controllers","7":"product_cat-liftregelunits","9":"first","10":"instock","11":"shipping-taxable","12":"product-type-simple","13":"prodpage-style2"},"_links":{"self":[{"href":"https:\/\/isfelevator.com\/nl\/wp-json\/wp\/v2\/product\/996824","targetHints":{"allow":["GET"]}}],"collection":[{"href":"https:\/\/isfelevator.com\/nl\/wp-json\/wp\/v2\/product"}],"about":[{"href":"https:\/\/isfelevator.com\/nl\/wp-json\/wp\/v2\/types\/product"}],"replies":[{"embeddable":true,"href":"https:\/\/isfelevator.com\/nl\/wp-json\/wp\/v2\/comments?post=996824"}],"wp:featuredmedia":[{"embeddable":true,"href":"https:\/\/isfelevator.com\/nl\/wp-json\/wp\/v2\/media\/992414"}],"wp:attachment":[{"href":"https:\/\/isfelevator.com\/nl\/wp-json\/wp\/v2\/media?parent=996824"}],"wp:term":[{"taxonomy":"product_brand","embeddable":true,"href":"https:\/\/isfelevator.com\/nl\/wp-json\/wp\/v2\/product_brand?post=996824"},{"taxonomy":"product_cat","embeddable":true,"href":"https:\/\/isfelevator.com\/nl\/wp-json\/wp\/v2\/product_cat?post=996824"},{"taxonomy":"product_tag","embeddable":true,"href":"https:\/\/isfelevator.com\/nl\/wp-json\/wp\/v2\/product_tag?post=996824"}],"curies":[{"name":"wp","href":"https:\/\/api.w.org\/{rel}","templated":true}]}}