{"id":996970,"date":"2023-02-24T13:04:18","date_gmt":"2023-02-24T13:04:18","guid":{"rendered":"https:\/\/isfelevator.com\/product\/arl-200s-elevator-controller-units\/"},"modified":"2023-02-28T09:26:21","modified_gmt":"2023-02-28T09:26:21","slug":"unita-di-controllo-per-ascensori-arl-200s","status":"publish","type":"product","link":"https:\/\/isfelevator.com\/it\/product\/unita-di-controllo-per-ascensori-arl-200s\/","title":{"rendered":"Unit\u00e0 di controllo per ascensori ARL 200S"},"content":{"rendered":"<p><strong><span style=\"vertical-align: inherit;\">Unit\u00e0 di controllo per ascensori ARL 200S<\/span><\/strong><\/p>\n<p><span style=\"vertical-align: inherit;\">CARATTERISTICHE Utilizzabile in qualsiasi tipo di comando fino a 16 piani. Tutti i parametri del sistema possono essere regolati dall&#8217;utente tramite pulsanti e LCD sulla scheda. Pu\u00f2 essere utilizzato nel funzionamento di gruppo fino a due ascensori. Tutti i pannelli del gruppo sono uguali e non \u00e8 necessario alcun pannello aggiuntivo. L&#8217;unica cosa da fare \u00e8 impostare ciascun pannello come A, B e C nel menu del programma. Compatibile con i driver VVVF. Per la comunicazione di gruppo sono necessari solo due cavi. Il rilevamento del pavimento viene effettuato da un sistema di conteggio. Per qualsiasi numero di piani vengono utilizzati solo 3 interruttori magnetici per una velocit\u00e0 e 4 per due velocit\u00e0, compresi i finecorsa. Un codice di errore con la relativa spiegazione viene visualizzato sul display LCD in una condizione anomala.<\/span><\/p>\n<p><span style=\"vertical-align: inherit;\">(Es. H1: la porta non pu\u00f2 essere bloccata) In condizioni normali, l&#8217;ascensore pu\u00f2 essere monitorato tramite messaggi sul display LCD. (ARL 200S Attesa per chiamate, alta velocit\u00e0, bassa velocit\u00e0, ispezione) Opzioni di menu in turco, inglese, olandese, rumeno, francese. Ogni piano pu\u00f2 essere denominato con un carattere alfanumerico. (L,P,E,F,H,b,o,0, 1,2,3\u2026..) Le uscite a 7 segmenti e di segnalazione sono protette da cortocircuito. In caso di cortocircuito, l&#8217;uscita in questione viene disattivata fino a quando il problema non viene risolto e sul display LCD viene visualizzato un messaggio che indica quale uscita \u00e8 in cortocircuito. (Cortocircuito segmento D) Sono sufficienti solo 15 cavi per far funzionare un sistema utilizzando una connessione seriale per auto (FX_SERI) che riduce i costi di manodopera e cavi. Non \u00e8 necessario alcun interruttore aggiuntivo per ascensori ad alta velocit\u00e0 (1,6 m\/sec) per il rallentamento anticipato. Progettato secondo la norma europea sugli ascensori EN-81.<\/span><\/p>\n","protected":false},"excerpt":{"rendered":"<p><strong><span style=\"vertical-align: inherit;\">ARL 200S<\/span><\/strong><span style=\"vertical-align: inherit;\"> Controllore economico per ascensore a fune Utilizzabile su qualsiasi tipo di comando fino a 16 piani.<\/span><\/p>\n","protected":false},"featured_media":992411,"comment_status":"open","ping_status":"closed","template":"","meta":[],"product_brand":[],"product_cat":[684,744],"product_tag":[],"class_list":{"0":"post-996970","1":"product","2":"type-product","3":"status-publish","4":"has-post-thumbnail","6":"product_cat-controllori-dellascensore","7":"product_cat-unita-di-controllo-dellascensore","9":"first","10":"instock","11":"shipping-taxable","12":"product-type-simple","13":"prodpage-style2"},"_links":{"self":[{"href":"https:\/\/isfelevator.com\/it\/wp-json\/wp\/v2\/product\/996970","targetHints":{"allow":["GET"]}}],"collection":[{"href":"https:\/\/isfelevator.com\/it\/wp-json\/wp\/v2\/product"}],"about":[{"href":"https:\/\/isfelevator.com\/it\/wp-json\/wp\/v2\/types\/product"}],"replies":[{"embeddable":true,"href":"https:\/\/isfelevator.com\/it\/wp-json\/wp\/v2\/comments?post=996970"}],"wp:featuredmedia":[{"embeddable":true,"href":"https:\/\/isfelevator.com\/it\/wp-json\/wp\/v2\/media\/992411"}],"wp:attachment":[{"href":"https:\/\/isfelevator.com\/it\/wp-json\/wp\/v2\/media?parent=996970"}],"wp:term":[{"taxonomy":"product_brand","embeddable":true,"href":"https:\/\/isfelevator.com\/it\/wp-json\/wp\/v2\/product_brand?post=996970"},{"taxonomy":"product_cat","embeddable":true,"href":"https:\/\/isfelevator.com\/it\/wp-json\/wp\/v2\/product_cat?post=996970"},{"taxonomy":"product_tag","embeddable":true,"href":"https:\/\/isfelevator.com\/it\/wp-json\/wp\/v2\/product_tag?post=996970"}],"curies":[{"name":"wp","href":"https:\/\/api.w.org\/{rel}","templated":true}]}}