{"id":996953,"date":"2023-02-24T13:04:18","date_gmt":"2023-02-24T13:04:18","guid":{"rendered":"https:\/\/isfelevator.com\/product\/arl-500-elevator-controller-units\/"},"modified":"2023-02-28T09:12:57","modified_gmt":"2023-02-28T09:12:57","slug":"unita-di-controllo-per-ascensori-arl-500","status":"publish","type":"product","link":"https:\/\/isfelevator.com\/it\/product\/unita-di-controllo-per-ascensori-arl-500\/","title":{"rendered":"Unit\u00e0 di controllo per ascensori ARL 500"},"content":{"rendered":"<p><strong><span style=\"vertical-align: inherit;\">Unit\u00e0 di controllo per ascensori ARL 500<\/span><\/strong><\/p>\n<p><span style=\"vertical-align: inherit;\">CARATTERISTICHE DEL SISTEMA Compatibile con ascensori a fune e idraulici fino a 48 fermate Pu\u00f2 lavorare per ascensori con velocit\u00e0 fino a 2,5 m\/s Pu\u00f2 lavorare in sistemi collettivi di salita\/discesa e collettivi completi Pu\u00f2 lavorare in gruppi fino a 8 ascensori Pu\u00f2 ottenere i dati di posizione della cabina da un encoder o tramite interruttori magnetici Comunicazione seriale rapida e sicura con le unit\u00e0 di cabina e di piano tramite CANbus Soluzioni flessibili specifiche per un&#8217;applicazione tramite ingressi\/uscite liberamente programmabili posizionati su schede principali, di cabina e di piano Preapertura e rilivellamento delle porte tramite rel\u00e8 interni di bridging delle porte Controllo automatico della porta indipendente rispetto alle battute tramite doppio supporto porta. Circuito di protezione del motore in ordine di fase interno. Alimentazione protetta da cortocircuito e uscite di segnalazione. Pu\u00f2 memorizzare gli ultimi 200 errori con data, ora e numero di arresto consentendo il monitoraggio dettagliato degli errori 2 CANBus.<\/span><\/p>\n<p><span style=\"vertical-align: inherit;\">INSTALLAZIONE PRECABLATA Connessioni ai posti di cabina con prese Connessioni ai contatti delle porte di piano con prese Connessioni al gruppo di fossa con prese INTERFACCIA UTENTE Facile impostazione dei parametri tramite l&#8217;ampio schermo LCD grafico. Tastiera a 6 pulsanti e menu istruttivo Disponibilit\u00e0 di pi\u00f9 lingue nel menu: turco, inglese, russo, olandese, polacco, svedese, francese e italiano Controllo della scheda madre ARL-500 e dell&#8217;inverter ADrive VVVF da qualsiasi punto tramite terminale manuale collegato alla linea CANbus per monitorare ed effettuare regolazioni su ascensori remoti via internet\/LAN utilizzando il software ARKEL Vision Possibilit\u00e0 di scaricare\/caricare i parametri del controller ARL-500 utilizzando il software ARL-500 Parameter Tool Possibilit\u00e0 di aggiornare il software della scheda madre tramite computer utilizzando il firmware ARKEL Software di aggiornamento<\/span><\/p>\n<p><span style=\"vertical-align: inherit;\">FUNZIONI AGGIUNTIVE Protezione tramite password dell&#8217;accesso al menu e disabilitazione di un tempo di post intervento del sistema Servizio antincendio e intervento di emergenza durante un incendio Intervento di soccorso di emergenza per ascensori elettrici o idraulici Ingresso antipanico e intervento di evacuazione durante la fase di panico Regolazione del piano di parcheggio a diversi livelli in base all&#8217;orario diurno Annullamento accesso ai piani desiderati Contatori per le informazioni di viaggio Frecce di direzione e impostazioni del tipo di scorrimento del testo per i display a matrice di punti Messaggi di avviso inseriti dall&#8217;utente da visualizzare come messaggi di scorrimento nei display a matrice di punti Speciale funzione di test per testare i collegamenti e le impostazioni del funzionamento della cabina e del piano targhette Regolazione gong e sonorit\u00e0 pulsanti nelle pulsantiere di cabina e di piano Cancellazione chiamate ridondanti tramite comando fotocellule Possibilit\u00e0 di accettare chiamate al piano in una direzione Possibilit\u00e0 di limitarele chiamate registrate dall&#8217;auto Possibilit\u00e0 di annullare le chiamate dall&#8217;auto premendo due volte<\/span><\/p>\n<p><span style=\"vertical-align: inherit;\">CONFORMIT\u00c0 EMC testato e verificato Piena conformit\u00e0 a EN 81-1 e EN 81-2 come controller completo per ascensori<\/span><\/p>\n","protected":false},"excerpt":{"rendered":"<p><strong><span style=\"vertical-align: inherit;\">ARL-500<\/span><\/strong><span style=\"vertical-align: inherit;\"> Il controller ARL 500 comprende molte caratteristiche che sono state sviluppate per un controller per ascensori che funzioni in modo pi\u00f9 efficiente. Il controllo dell&#8217;ascensore pu\u00f2 essere plasmato solo da poche regolazioni dei parametri; non \u00e8 necessaria alcuna scheda o software aggiuntivo.<\/span><\/p>\n","protected":false},"featured_media":992399,"comment_status":"open","ping_status":"closed","template":"","meta":[],"product_brand":[],"product_cat":[684,744],"product_tag":[],"class_list":{"0":"post-996953","1":"product","2":"type-product","3":"status-publish","4":"has-post-thumbnail","6":"product_cat-controllori-dellascensore","7":"product_cat-unita-di-controllo-dellascensore","9":"first","10":"instock","11":"shipping-taxable","12":"product-type-simple","13":"prodpage-style2"},"_links":{"self":[{"href":"https:\/\/isfelevator.com\/it\/wp-json\/wp\/v2\/product\/996953","targetHints":{"allow":["GET"]}}],"collection":[{"href":"https:\/\/isfelevator.com\/it\/wp-json\/wp\/v2\/product"}],"about":[{"href":"https:\/\/isfelevator.com\/it\/wp-json\/wp\/v2\/types\/product"}],"replies":[{"embeddable":true,"href":"https:\/\/isfelevator.com\/it\/wp-json\/wp\/v2\/comments?post=996953"}],"wp:featuredmedia":[{"embeddable":true,"href":"https:\/\/isfelevator.com\/it\/wp-json\/wp\/v2\/media\/992399"}],"wp:attachment":[{"href":"https:\/\/isfelevator.com\/it\/wp-json\/wp\/v2\/media?parent=996953"}],"wp:term":[{"taxonomy":"product_brand","embeddable":true,"href":"https:\/\/isfelevator.com\/it\/wp-json\/wp\/v2\/product_brand?post=996953"},{"taxonomy":"product_cat","embeddable":true,"href":"https:\/\/isfelevator.com\/it\/wp-json\/wp\/v2\/product_cat?post=996953"},{"taxonomy":"product_tag","embeddable":true,"href":"https:\/\/isfelevator.com\/it\/wp-json\/wp\/v2\/product_tag?post=996953"}],"curies":[{"name":"wp","href":"https:\/\/api.w.org\/{rel}","templated":true}]}}