{"id":996927,"date":"2023-02-24T13:04:19","date_gmt":"2023-02-24T13:04:19","guid":{"rendered":"https:\/\/isfelevator.com\/product\/rk-51-revision-box\/"},"modified":"2023-02-28T08:13:42","modified_gmt":"2023-02-28T08:13:42","slug":"scatola-di-revisione-rk-51","status":"publish","type":"product","link":"https:\/\/isfelevator.com\/it\/product\/scatola-di-revisione-rk-51\/","title":{"rendered":"Scatola di revisione RK-51"},"content":{"rendered":"<p><strong><span style=\"vertical-align: inherit;\">Scatola di revisione RK-51<\/span><\/strong><\/p>\n<p><strong><span style=\"vertical-align: inherit;\">Caratteristiche<\/span><\/strong><\/p>\n<p><span style=\"vertical-align: inherit;\">Uscita luce di emergenza \u2022 Allarme, gong, carica batteria \u2022 Interruttore di ispezione e pulsanti di manovra \u2022 Arresto di emergenza (bloccato) \u2022 Due prese di corrente \u2022 Presa luce per la lampada In caso di mancanza di rete, sposta l&#8217;ascensore fermo tra due piani al livello del piano, apre la porta automatica e i passeggeri vengono evacuati in sicurezza. Per gli ascensori con porte automatiche, se si verifica un&#8217;interruzione di rete al piano, la porta viene aperta ei passeggeri vengono evacuati. RK-51 funziona ad anello aperto. Non c&#8217;\u00e8 bisogno di mettere un sensore sul motore. Il ritardo di avvio dell&#8217;operazione di soccorso pu\u00f2 essere regolato per gli edifici che dispongono di generatori diesel. Il livellamento viene eseguito nel modo pi\u00f9 semplice (su con l&#8217;auto scarica, gi\u00f9 con l&#8217;auto completamente carica) La frequenza di azionamento del motore e la coppia del motore possono essere regolate in un menu per un facile avviamento.<\/span><\/p>\n","protected":false},"excerpt":{"rendered":"<p><strong><span style=\"vertical-align: inherit;\">RK-51 <\/span><\/strong> <strong><span style=\"vertical-align: inherit;\">RK-51 Scatola di ispezione seriale<\/span><\/strong><\/p>\n","protected":false},"featured_media":992555,"comment_status":"open","ping_status":"closed","template":"","meta":[],"product_brand":[],"product_cat":[684,714,690],"product_tag":[],"class_list":{"0":"post-996927","1":"product","2":"type-product","3":"status-publish","4":"has-post-thumbnail","6":"product_cat-controllori-dellascensore","7":"product_cat-set-di-ispezione-e-allarme","8":"product_cat-unita-ausiliarie-controllori-dellascensore","10":"first","11":"instock","12":"shipping-taxable","13":"product-type-simple","14":"prodpage-style2"},"_links":{"self":[{"href":"https:\/\/isfelevator.com\/it\/wp-json\/wp\/v2\/product\/996927","targetHints":{"allow":["GET"]}}],"collection":[{"href":"https:\/\/isfelevator.com\/it\/wp-json\/wp\/v2\/product"}],"about":[{"href":"https:\/\/isfelevator.com\/it\/wp-json\/wp\/v2\/types\/product"}],"replies":[{"embeddable":true,"href":"https:\/\/isfelevator.com\/it\/wp-json\/wp\/v2\/comments?post=996927"}],"wp:featuredmedia":[{"embeddable":true,"href":"https:\/\/isfelevator.com\/it\/wp-json\/wp\/v2\/media\/992555"}],"wp:attachment":[{"href":"https:\/\/isfelevator.com\/it\/wp-json\/wp\/v2\/media?parent=996927"}],"wp:term":[{"taxonomy":"product_brand","embeddable":true,"href":"https:\/\/isfelevator.com\/it\/wp-json\/wp\/v2\/product_brand?post=996927"},{"taxonomy":"product_cat","embeddable":true,"href":"https:\/\/isfelevator.com\/it\/wp-json\/wp\/v2\/product_cat?post=996927"},{"taxonomy":"product_tag","embeddable":true,"href":"https:\/\/isfelevator.com\/it\/wp-json\/wp\/v2\/product_tag?post=996927"}],"curies":[{"name":"wp","href":"https:\/\/api.w.org\/{rel}","templated":true}]}}