{"id":996912,"date":"2023-02-24T13:04:19","date_gmt":"2023-02-24T13:04:19","guid":{"rendered":"https:\/\/isfelevator.com\/product\/akus-sd-cabinet-elevator-auxiliary-units\/"},"modified":"2023-02-28T08:04:29","modified_gmt":"2023-02-28T08:04:29","slug":"akus-sd-unita-ausiliarie-per-ascensori-per-armadi","status":"publish","type":"product","link":"https:\/\/isfelevator.com\/it\/product\/akus-sd-unita-ausiliarie-per-ascensori-per-armadi\/","title":{"rendered":"AKUS SD Unit\u00e0 ausiliarie per ascensori per armadi"},"content":{"rendered":"<p><strong><span style=\"vertical-align: inherit;\">AKUS SD Unit\u00e0 ausiliarie per ascensori per armadi<\/span><\/strong><\/p>\n<p><strong><span style=\"vertical-align: inherit;\">Caratteristiche <\/span><\/strong><span style=\"vertical-align: inherit;\"><strong>armadio AKUS SD<\/strong> In caso di mancanza di rete, sposta l&#8217;ascensore che si \u00e8 fermato tra due piani al livello del pavimento, apre la porta automatica e i passeggeri vengono evacuati in sicurezza. Per gli ascensori con porte automatiche, se si verifica un&#8217;interruzione di rete al piano, viene aperta una porta e i passeggeri vengono evacuati. Funziona ad anello aperto. Non c&#8217;\u00e8 bisogno di mettere un sensore sul motore. Riceve l&#8217;alimentazione dal set di batterie 5 x 12V\/7Ah che non necessita di manutenzione.<\/span><\/p>\n<p><span style=\"vertical-align: inherit;\">Grazie al sistema di carica batterie intelligente che non affatica le batterie e le fa funzionare per molti anni. Il ritardo di avvio dell&#8217;operazione di soccorso pu\u00f2 essere regolato per gli edifici che dispongono di generatori diesel. Il livellamento viene eseguito nel modo pi\u00f9 semplice (su con un&#8217;auto scarica, gi\u00f9 con un&#8217;auto completamente carica) La frequenza di azionamento del motore e la coppia del motore possono essere regolate nel menu per un facile avviamento.<\/span><\/p>\n","protected":false},"excerpt":{"rendered":"<p><span style=\"vertical-align: inherit;\"><strong>Armadio di salvataggio esterno <\/strong><strong>AKUS SD<\/strong><\/span><\/p>\n","protected":false},"featured_media":992543,"comment_status":"open","ping_status":"closed","template":"","meta":[],"product_brand":[],"product_cat":[684,690,708],"product_tag":[],"class_list":{"0":"post-996912","1":"product","2":"type-product","3":"status-publish","4":"has-post-thumbnail","6":"product_cat-controllori-dellascensore","7":"product_cat-unita-ausiliarie-controllori-dellascensore","8":"product_cat-unita-di-salvataggio-di-emergenza","10":"first","11":"instock","12":"shipping-taxable","13":"product-type-simple","14":"prodpage-style2"},"_links":{"self":[{"href":"https:\/\/isfelevator.com\/it\/wp-json\/wp\/v2\/product\/996912","targetHints":{"allow":["GET"]}}],"collection":[{"href":"https:\/\/isfelevator.com\/it\/wp-json\/wp\/v2\/product"}],"about":[{"href":"https:\/\/isfelevator.com\/it\/wp-json\/wp\/v2\/types\/product"}],"replies":[{"embeddable":true,"href":"https:\/\/isfelevator.com\/it\/wp-json\/wp\/v2\/comments?post=996912"}],"wp:featuredmedia":[{"embeddable":true,"href":"https:\/\/isfelevator.com\/it\/wp-json\/wp\/v2\/media\/992543"}],"wp:attachment":[{"href":"https:\/\/isfelevator.com\/it\/wp-json\/wp\/v2\/media?parent=996912"}],"wp:term":[{"taxonomy":"product_brand","embeddable":true,"href":"https:\/\/isfelevator.com\/it\/wp-json\/wp\/v2\/product_brand?post=996912"},{"taxonomy":"product_cat","embeddable":true,"href":"https:\/\/isfelevator.com\/it\/wp-json\/wp\/v2\/product_cat?post=996912"},{"taxonomy":"product_tag","embeddable":true,"href":"https:\/\/isfelevator.com\/it\/wp-json\/wp\/v2\/product_tag?post=996912"}],"curies":[{"name":"wp","href":"https:\/\/api.w.org\/{rel}","templated":true}]}}