{"id":996902,"date":"2023-02-24T13:04:19","date_gmt":"2023-02-24T13:04:19","guid":{"rendered":"https:\/\/isfelevator.com\/product\/akus-sd-combi-elevator-auxiliary-units\/"},"modified":"2023-02-28T07:58:57","modified_gmt":"2023-02-28T07:58:57","slug":"unita-ausiliarie-per-ascensori-akus-sd-combi","status":"publish","type":"product","link":"https:\/\/isfelevator.com\/it\/product\/unita-ausiliarie-per-ascensori-akus-sd-combi\/","title":{"rendered":"Unit\u00e0 ausiliarie per ascensori AKUS-SD COMBI"},"content":{"rendered":"<p><strong><span style=\"vertical-align: inherit;\">Unit\u00e0 ausiliarie per ascensori AKUS-SD COMBI<\/span><\/strong><\/p>\n<p><strong><span style=\"vertical-align: inherit;\">CARATTERISTICHE<\/span><\/strong><span style=\"vertical-align: inherit;\"> AKUS-SD COMBI composto da una sola scheda \u00e8 il nuovo design dell&#8217;Unit\u00e0 di Soccorso di Emergenza. Fornisce tutte le funzionalit\u00e0 di AKUS-SD. In caso di mancanza rete, sposta al piano terra l&#8217;ascensore che si \u00e8 fermato tra due piani, apre la porta automatica ei passeggeri vengono evacuati in sicurezza. Per gli ascensori con porte automatiche, se si verifica un&#8217;interruzione di rete al piano, la porta viene aperta ei passeggeri vengono evacuati. AKUS-SD COMBI pu\u00f2 essere applicato a tutti i sistemi a una velocit\u00e0, a due velocit\u00e0 oa velocit\u00e0 controllata. Adatto per azionamenti asincroni. Funziona ad anello aperto. Non c&#8217;\u00e8 bisogno di mettere un sensore sul motore. Include un trasformatore interno.<\/span><\/p>\n<p><span style=\"vertical-align: inherit;\">AKUS-SD COMBI \u00e8 alimentato da 5 batterie che non necessitano di manutenzione. Grazie al sistema di carica batterie intelligente che non affatica le batterie e le fa funzionare per molti anni. Poich\u00e9 \u00e8 integrato nel pannello di controllo, tutti i collegamenti necessari per un&#8217;unit\u00e0 di emergenza sono realizzati in tessuto. Quindi il tempo di installazione \u00e8 ridotto al minimo. Non \u00e8 necessario alcun collegamento al circuito di sicurezza. Il collegamento al circuito di sicurezza viene effettuato solo per sollevare il controller. AKUS-SD COMBI pu\u00f2 essere disabilitato con pochi collegamenti via cavo in caso di guasto. Con i parametri del programma LCD come il tempo massimo di corsa, il tipo di porta automatica, la frequenza di azionamento del motore, il tempo di apertura della porta, il ritardo di avvio, la lingua ecc. pu\u00f2 essere regolato facilmente. Monitoraggio degli ascensori e segnalazione degli errori con un&#8217;interfaccia di menu intuitiva. Opzioni di menu in lingua turca e inglese. Progettato secondo EN81-1.<\/span><\/p>\n","protected":false},"excerpt":{"rendered":"<p><span style=\"vertical-align: inherit;\"><strong>Sistema di salvataggio di emergenza <\/strong><strong>AKUS-SD COMBI<\/strong><\/span><\/p>\n","protected":false},"featured_media":992537,"comment_status":"open","ping_status":"closed","template":"","meta":[],"product_brand":[],"product_cat":[684,690,708],"product_tag":[],"class_list":{"0":"post-996902","1":"product","2":"type-product","3":"status-publish","4":"has-post-thumbnail","6":"product_cat-controllori-dellascensore","7":"product_cat-unita-ausiliarie-controllori-dellascensore","8":"product_cat-unita-di-salvataggio-di-emergenza","10":"first","11":"instock","12":"shipping-taxable","13":"product-type-simple","14":"prodpage-style2"},"_links":{"self":[{"href":"https:\/\/isfelevator.com\/it\/wp-json\/wp\/v2\/product\/996902","targetHints":{"allow":["GET"]}}],"collection":[{"href":"https:\/\/isfelevator.com\/it\/wp-json\/wp\/v2\/product"}],"about":[{"href":"https:\/\/isfelevator.com\/it\/wp-json\/wp\/v2\/types\/product"}],"replies":[{"embeddable":true,"href":"https:\/\/isfelevator.com\/it\/wp-json\/wp\/v2\/comments?post=996902"}],"wp:featuredmedia":[{"embeddable":true,"href":"https:\/\/isfelevator.com\/it\/wp-json\/wp\/v2\/media\/992537"}],"wp:attachment":[{"href":"https:\/\/isfelevator.com\/it\/wp-json\/wp\/v2\/media?parent=996902"}],"wp:term":[{"taxonomy":"product_brand","embeddable":true,"href":"https:\/\/isfelevator.com\/it\/wp-json\/wp\/v2\/product_brand?post=996902"},{"taxonomy":"product_cat","embeddable":true,"href":"https:\/\/isfelevator.com\/it\/wp-json\/wp\/v2\/product_cat?post=996902"},{"taxonomy":"product_tag","embeddable":true,"href":"https:\/\/isfelevator.com\/it\/wp-json\/wp\/v2\/product_tag?post=996902"}],"curies":[{"name":"wp","href":"https:\/\/api.w.org\/{rel}","templated":true}]}}