{"id":996892,"date":"2023-02-24T13:04:19","date_gmt":"2023-02-24T13:04:19","guid":{"rendered":"https:\/\/isfelevator.com\/product\/km-10-door-controllers\/"},"modified":"2023-02-28T07:52:42","modified_gmt":"2023-02-28T07:52:42","slug":"controllori-per-porte-km-10","status":"publish","type":"product","link":"https:\/\/isfelevator.com\/it\/product\/controllori-per-porte-km-10\/","title":{"rendered":"Controllori per porte KM-10"},"content":{"rendered":"<p><strong><span style=\"vertical-align: inherit;\">Controllori per porte KM-10<\/span><\/strong><\/p>\n<p><strong><span style=\"vertical-align: inherit;\">KM-10 <\/span><\/strong> <strong><span style=\"vertical-align: inherit;\">CARATTERISTICHE GENERALI<\/span><\/strong><span style=\"vertical-align: inherit;\"> KM-10 fornisce una tenuta completa del motore con il suo controllo del motore a 4 regioni e l&#8217;hardware di ingresso dell&#8217;encoder ad alta risoluzione. La tastiera integrata KM-10 consente l&#8217;accesso a tutti i suoi parametri e funzionalit\u00e0. Oltre a questo hardware, consente un movimento rapido ma confortevole delle porte con il suo software che fornisce l&#8217;ammortizzazione S nelle rampe di corsa e che ha un algoritmo che non richiede finecorsa.<\/span><\/p>\n<p><span style=\"vertical-align: inherit;\">KM-10 fornisce funzionalit\u00e0 per l&#8217;autoapprendimento dei limiti di corsa della porta senza finecorsa apre-chiude. Per lavorare in completa sintonia con le centrali pu\u00f2 generare segnali di \u201cPorte completamente aperte\u201d, \u201cPorte completamente chiuse\u201d e \u201cRilevato ostacolo o fotocellula\u201d. Questi segnali gli consentono di funzionare per le porte dell&#8217;ascensore antincendio. \u00c8 inclusa una funzione di spinta con chiusura a velocit\u00e0 ridotta con avviso sonoro dopo un lungo periodo di interruzione della fotocellula. In caso di mancanza di rete, pu\u00f2 essere alimentato da 2 batterie da 12 V o da un&#8217;alimentazione esterna da 24 V CC.<\/span><\/p>\n<p><span style=\"vertical-align: inherit;\">Il tipo di alimentazione di emergenza pu\u00f2 essere selezionato facilmente tramite un ponticello a bordo. KM-10 protegge la batteria dal sovraccarico con un sistema di ricarica della batteria intelligente. Dopo un&#8217;apertura di emergenza con alimentazione a batteria, KM-10 entra in modalit\u00e0 sleep e protegge le batterie da un eccessivo scaricamento. Con un segnale di ingresso al piano, le porte possono essere mantenute chiuse fino a quando la cabina non viene spostata al piano giusto durante un&#8217;evacuazione di emergenza. Fornisce un menu di parametri con livelli di accesso per la sicurezza, le esigenze dell&#8217;utente\/cliente e una facile regolazione.<\/span><\/p>\n<p><span style=\"vertical-align: inherit;\">KM-10 fornisce molte funzioni e parametri per le aziende manifatturiere che consentono la flessibilit\u00e0 dell&#8217;applicazione, come il rapporto di riduzione del motore, la rotazione del motore, la circonferenza della puleggia del motore e la zona aperta del pattino. Fornisce un&#8217;impostazione dei parametri di facile utilizzo con unit\u00e0 di velocit\u00e0 in cm\/s e unit\u00e0 di distanza percorsa in cm. Fornisce uno sportello per l&#8217;informazione degli orari di apertura-chiusura. I parametri di base (velocit\u00e0 di apertura-chiusura della porta, pressione di ostruzione, tipo di segnale e modalit\u00e0 demo) possono essere regolati facilmente dall&#8217;utente tramite display a 7 segmenti e pulsanti integrati. La tastiera opzionale KM-10 consente l&#8217;accesso a tutti i suoi parametri, funzionalit\u00e0 e schermate di monitoraggio. Disponibilit\u00e0 di pi\u00f9 lingue: turco, inglese e greco<\/span><\/p>\n","protected":false},"excerpt":{"rendered":"<p><strong><span style=\"vertical-align: inherit;\">Controller per porte KM-10 <\/span><\/strong> <strong><span style=\"vertical-align: inherit;\">per porte telescopiche automatiche<\/span><\/strong><\/p>\n","protected":false},"featured_media":992531,"comment_status":"open","ping_status":"closed","template":"","meta":[],"product_brand":[],"product_cat":[684,774],"product_tag":[],"class_list":{"0":"post-996892","1":"product","2":"type-product","3":"status-publish","4":"has-post-thumbnail","6":"product_cat-controllori-dellascensore","7":"product_cat-controllori-di-porta","9":"first","10":"instock","11":"shipping-taxable","12":"product-type-simple","13":"prodpage-style2"},"_links":{"self":[{"href":"https:\/\/isfelevator.com\/it\/wp-json\/wp\/v2\/product\/996892","targetHints":{"allow":["GET"]}}],"collection":[{"href":"https:\/\/isfelevator.com\/it\/wp-json\/wp\/v2\/product"}],"about":[{"href":"https:\/\/isfelevator.com\/it\/wp-json\/wp\/v2\/types\/product"}],"replies":[{"embeddable":true,"href":"https:\/\/isfelevator.com\/it\/wp-json\/wp\/v2\/comments?post=996892"}],"wp:featuredmedia":[{"embeddable":true,"href":"https:\/\/isfelevator.com\/it\/wp-json\/wp\/v2\/media\/992531"}],"wp:attachment":[{"href":"https:\/\/isfelevator.com\/it\/wp-json\/wp\/v2\/media?parent=996892"}],"wp:term":[{"taxonomy":"product_brand","embeddable":true,"href":"https:\/\/isfelevator.com\/it\/wp-json\/wp\/v2\/product_brand?post=996892"},{"taxonomy":"product_cat","embeddable":true,"href":"https:\/\/isfelevator.com\/it\/wp-json\/wp\/v2\/product_cat?post=996892"},{"taxonomy":"product_tag","embeddable":true,"href":"https:\/\/isfelevator.com\/it\/wp-json\/wp\/v2\/product_tag?post=996892"}],"curies":[{"name":"wp","href":"https:\/\/api.w.org\/{rel}","templated":true}]}}