{"id":996878,"date":"2023-02-24T13:04:19","date_gmt":"2023-02-24T13:04:19","guid":{"rendered":"https:\/\/isfelevator.com\/product\/arl-200-elevator-controller-panels\/"},"modified":"2023-02-28T07:39:30","modified_gmt":"2023-02-28T07:39:30","slug":"pannelli-di-controllo-per-ascensori-arl-200","status":"publish","type":"product","link":"https:\/\/isfelevator.com\/it\/product\/pannelli-di-controllo-per-ascensori-arl-200\/","title":{"rendered":"Pannelli di controllo per ascensori ARL 200"},"content":{"rendered":"<p><strong><span style=\"vertical-align: inherit;\">Pannello ARL 200<\/span><\/strong><\/p>\n<p><strong><span style=\"vertical-align: inherit;\">Pannello ARL 200 <\/span><\/strong> <strong><span style=\"vertical-align: inherit;\">CARATTERISTICHE DEL SISTEMA<\/span><\/strong><span style=\"vertical-align: inherit;\"> Installazione in cabina; Installazione in cabina di serie con supporto cassetta di ispezione RK22, Installazione in cabina in parallelo Installazione in piano; Installazione di piani paralleli Posizionamento della cabina; Mediante interruttori magnetici bistabili e magneti rotondi Ingresso cabina; Controllo doppia porta con 1 Auto_Kg aggiuntivo per ogni porta Controllo automatico della porta; Qualsiasi tipo di porta automatica Emergency Rescue System (per ascensori a fune);<\/span><\/p>\n<p><span style=\"vertical-align: inherit;\">Tramite l&#8217;integrazione di AKUS-SD nel pannello di controllo Protezione di fase del motore; Con il supporto dell&#8217;unit\u00e0 di protezione della fase del motore MKR-02C Uscite codice indicatore; Uscite indicatore a 7 segmenti integrate, uscite codice grigio e binario con supporto driver GKS codice grigio e binario, connessioni circuito di sicurezza, connessione speciale per circuito di sicurezza tramite supporto scheda connettore KBK-5 Compatibilit\u00e0; Piena conformit\u00e0 alla norma EN 81-1 come pannello di controllo completo per ascensori<\/span><\/p>\n","protected":false},"excerpt":{"rendered":"<p><strong><span style=\"vertical-align: inherit;\">Pannello ARL 200 <\/span><\/strong> <strong><span style=\"vertical-align: inherit;\">Quadro di comando per ascensori <\/span><\/strong> <strong><span style=\"vertical-align: inherit;\">CARATTERISTICHE GENERALI<\/span><\/strong><span style=\"vertical-align: inherit;\"> Numero di piani: 16 fermate Tipo di azionamento: Una velocit\u00e0, Due velocit\u00e0, Velocit\u00e0 di sollevamento controllata: Fino a 1,6 m\/s Tipo di controllo: Controllo di base, Comando parallelo (interno\/esterno misto), Singolo pulsante su e gi\u00f9 collettivo, pulsante singolo su collettivo, pulsante singolo gi\u00f9 collettivo, gruppo completo Funzionamento di gruppo: fino a 2 ascensori Comunicazione seriale: installazione in cabina Controllo porta automatico: controllo porta doppia<\/span><\/p>\n","protected":false},"featured_media":992519,"comment_status":"open","ping_status":"closed","template":"","meta":[],"product_brand":[],"product_cat":[684,738],"product_tag":[],"class_list":{"0":"post-996878","1":"product","2":"type-product","3":"status-publish","4":"has-post-thumbnail","6":"product_cat-controllori-dellascensore","7":"product_cat-pannelli-di-controllo-dellascensore","9":"first","10":"instock","11":"shipping-taxable","12":"product-type-simple","13":"prodpage-style2"},"_links":{"self":[{"href":"https:\/\/isfelevator.com\/it\/wp-json\/wp\/v2\/product\/996878","targetHints":{"allow":["GET"]}}],"collection":[{"href":"https:\/\/isfelevator.com\/it\/wp-json\/wp\/v2\/product"}],"about":[{"href":"https:\/\/isfelevator.com\/it\/wp-json\/wp\/v2\/types\/product"}],"replies":[{"embeddable":true,"href":"https:\/\/isfelevator.com\/it\/wp-json\/wp\/v2\/comments?post=996878"}],"wp:featuredmedia":[{"embeddable":true,"href":"https:\/\/isfelevator.com\/it\/wp-json\/wp\/v2\/media\/992519"}],"wp:attachment":[{"href":"https:\/\/isfelevator.com\/it\/wp-json\/wp\/v2\/media?parent=996878"}],"wp:term":[{"taxonomy":"product_brand","embeddable":true,"href":"https:\/\/isfelevator.com\/it\/wp-json\/wp\/v2\/product_brand?post=996878"},{"taxonomy":"product_cat","embeddable":true,"href":"https:\/\/isfelevator.com\/it\/wp-json\/wp\/v2\/product_cat?post=996878"},{"taxonomy":"product_tag","embeddable":true,"href":"https:\/\/isfelevator.com\/it\/wp-json\/wp\/v2\/product_tag?post=996878"}],"curies":[{"name":"wp","href":"https:\/\/api.w.org\/{rel}","templated":true}]}}