{"id":996870,"date":"2023-02-24T13:04:19","date_gmt":"2023-02-24T13:04:19","guid":{"rendered":"https:\/\/isfelevator.com\/product\/arl-100-elevator-controller-panels\/"},"modified":"2023-02-28T07:33:07","modified_gmt":"2023-02-28T07:33:07","slug":"pannello-arl-100-pannelli-di-controllo-per-ascensori","status":"publish","type":"product","link":"https:\/\/isfelevator.com\/it\/product\/pannello-arl-100-pannelli-di-controllo-per-ascensori\/","title":{"rendered":"Pannello ARL 100 Pannelli di controllo per ascensori"},"content":{"rendered":"<p><strong><span style=\"vertical-align: inherit;\">Pannello ARL 100. Pannelli di controllo per ascensori<\/span><\/strong><\/p>\n<p><strong><span style=\"vertical-align: inherit;\">Pannello ARL 100 <\/span><\/strong> <strong><span style=\"vertical-align: inherit;\">CARATTERISTICHE DEL SISTEMA<\/span><\/strong><span style=\"vertical-align: inherit;\"> Installazione di cabina e di piano: Installazione in parallelo Posizionamento di cabina; Mediante interruttori magnetici bistabili e magneti rotondi Ingresso cabina; Comando doppia porta con 1 Auto_Kg aggiuntivo per ogni porta Comando porta automatica; Qualsiasi tipo di porta automatica Sistema di soccorso di emergenza (per ascensori a fune); Mediante l&#8217;integrazione di AKUS-SD nel pannello di controllo Protezione delle fasi del motore: Con il supporto dell&#8217;unit\u00e0 di protezione delle fasi del motore MKR-02C Uscite del codice dell&#8217;indicatore: Uscite dell&#8217;indicatore a 7 segmenti integrate, uscite del codice grigio e binario con supporto del driver del codice binario e grigio GKS, semplice uscita codice indicatore. Connessioni del circuito di sicurezza; Collegamento speciale per circuito di sicurezza tramite supporto scheda connettore KBK-5 Compatibilit\u00e0; Piena conformit\u00e0 alla norma EN 81-1 come pannello di controllo completo per ascensori<\/span><\/p>\n","protected":false},"excerpt":{"rendered":"<p><strong><span style=\"vertical-align: inherit;\">Pannello ARL 100 <\/span><\/strong> <strong><span style=\"vertical-align: inherit;\">Pannello di controllo per ascensori <\/span><\/strong> <strong><span style=\"vertical-align: inherit;\">CARATTERISTICHE GENERALI<\/span><\/strong><span style=\"vertical-align: inherit;\"> Numero di piani: 8 fermate Tipo di azionamento: Una velocit\u00e0, due velocit\u00e0 Velocit\u00e0 di sollevamento: 1 m\/s Tipo di controllo: Gruppo di controllo di base Funzionamento: N\/A Comunicazione seriale: No Controllo porta automatico: Doppia porta Controllo<\/span><\/p>\n","protected":false},"featured_media":992513,"comment_status":"open","ping_status":"closed","template":"","meta":[],"product_brand":[],"product_cat":[684,738],"product_tag":[],"class_list":{"0":"post-996870","1":"product","2":"type-product","3":"status-publish","4":"has-post-thumbnail","6":"product_cat-controllori-dellascensore","7":"product_cat-pannelli-di-controllo-dellascensore","9":"first","10":"instock","11":"shipping-taxable","12":"product-type-simple","13":"prodpage-style2"},"_links":{"self":[{"href":"https:\/\/isfelevator.com\/it\/wp-json\/wp\/v2\/product\/996870","targetHints":{"allow":["GET"]}}],"collection":[{"href":"https:\/\/isfelevator.com\/it\/wp-json\/wp\/v2\/product"}],"about":[{"href":"https:\/\/isfelevator.com\/it\/wp-json\/wp\/v2\/types\/product"}],"replies":[{"embeddable":true,"href":"https:\/\/isfelevator.com\/it\/wp-json\/wp\/v2\/comments?post=996870"}],"wp:featuredmedia":[{"embeddable":true,"href":"https:\/\/isfelevator.com\/it\/wp-json\/wp\/v2\/media\/992513"}],"wp:attachment":[{"href":"https:\/\/isfelevator.com\/it\/wp-json\/wp\/v2\/media?parent=996870"}],"wp:term":[{"taxonomy":"product_brand","embeddable":true,"href":"https:\/\/isfelevator.com\/it\/wp-json\/wp\/v2\/product_brand?post=996870"},{"taxonomy":"product_cat","embeddable":true,"href":"https:\/\/isfelevator.com\/it\/wp-json\/wp\/v2\/product_cat?post=996870"},{"taxonomy":"product_tag","embeddable":true,"href":"https:\/\/isfelevator.com\/it\/wp-json\/wp\/v2\/product_tag?post=996870"}],"curies":[{"name":"wp","href":"https:\/\/api.w.org\/{rel}","templated":true}]}}