{"id":996827,"date":"2023-02-24T13:04:19","date_gmt":"2023-02-24T13:04:19","guid":{"rendered":"https:\/\/isfelevator.com\/product\/arl-100-elevator-controller-units\/"},"modified":"2023-02-28T06:44:40","modified_gmt":"2023-02-28T06:44:40","slug":"unita-di-controllo-per-ascensori-arl-100","status":"publish","type":"product","link":"https:\/\/isfelevator.com\/it\/product\/unita-di-controllo-per-ascensori-arl-100\/","title":{"rendered":"Unit\u00e0 di controllo per ascensori ARL 100"},"content":{"rendered":"<p><strong><span style=\"vertical-align: inherit;\">Unit\u00e0 di controllo per ascensori ARL 100<\/span><\/strong><\/p>\n<p><span style=\"vertical-align: inherit;\">Caratteristiche: Una scheda economica e pratica per ascensori a pulsante semplice ad una o due velocit\u00e0 fino a 8 piani. Il sistema \u00e8 composto da una sola unit\u00e0 (22x11cm). Il rilevamento del pavimento viene effettuato da un sistema di conteggio. Per qualsiasi numero di piani vengono utilizzati solo 3 interruttori magnetici per una velocit\u00e0 e 4 per due velocit\u00e0, compresi i finecorsa. Tutti i parametri del sistema (Numero piani, ritardo occupato, tempo attesa serratura, porta automatica si-no, tempo massimo percorrenza piano-piano, piano parco fuoco, tempo massimo attesa chiusura porta, sosta al piano in ispezione) regolabile dall&#8217;utente tramite 3 pulsanti e display a 7 segmenti sulla scheda.<\/span><\/p>\n<p><span style=\"vertical-align: inherit;\">ARL 100 un display a 7 segmenti indica la posizione della cabina in condizioni normali e visualizza un codice di errore in condizioni anomale. Sono disponibili ingresso allarme incendio, ingresso sensore terremoto, ingresso sovraccarico, ingresso interruttore priorit\u00e0 cabina, freccia direzionale, lampada cabina, occupato, fuori servizio e porte automatiche. Le uscite a 7 segmenti e di segnalazione sono protette da cortocircuito Progettato secondo lo standard europeo per ascensori EN-81.<\/span><\/p>\n","protected":false},"excerpt":{"rendered":"<p><strong><span style=\"vertical-align: inherit;\">ARL 100<\/span><\/strong><span style=\"vertical-align: inherit;\"> Controllore di ascensori per impianti non collettivi Una scheda economica e pratica per ascensori a pulsante semplice a una o due velocit\u00e0 fino a 8 piani.<\/span><\/p>\n","protected":false},"featured_media":992417,"comment_status":"open","ping_status":"closed","template":"","meta":[],"product_brand":[],"product_cat":[684,744],"product_tag":[],"class_list":{"0":"post-996827","1":"product","2":"type-product","3":"status-publish","4":"has-post-thumbnail","6":"product_cat-controllori-dellascensore","7":"product_cat-unita-di-controllo-dellascensore","9":"first","10":"instock","11":"shipping-taxable","12":"product-type-simple","13":"prodpage-style2"},"_links":{"self":[{"href":"https:\/\/isfelevator.com\/it\/wp-json\/wp\/v2\/product\/996827","targetHints":{"allow":["GET"]}}],"collection":[{"href":"https:\/\/isfelevator.com\/it\/wp-json\/wp\/v2\/product"}],"about":[{"href":"https:\/\/isfelevator.com\/it\/wp-json\/wp\/v2\/types\/product"}],"replies":[{"embeddable":true,"href":"https:\/\/isfelevator.com\/it\/wp-json\/wp\/v2\/comments?post=996827"}],"wp:featuredmedia":[{"embeddable":true,"href":"https:\/\/isfelevator.com\/it\/wp-json\/wp\/v2\/media\/992417"}],"wp:attachment":[{"href":"https:\/\/isfelevator.com\/it\/wp-json\/wp\/v2\/media?parent=996827"}],"wp:term":[{"taxonomy":"product_brand","embeddable":true,"href":"https:\/\/isfelevator.com\/it\/wp-json\/wp\/v2\/product_brand?post=996827"},{"taxonomy":"product_cat","embeddable":true,"href":"https:\/\/isfelevator.com\/it\/wp-json\/wp\/v2\/product_cat?post=996827"},{"taxonomy":"product_tag","embeddable":true,"href":"https:\/\/isfelevator.com\/it\/wp-json\/wp\/v2\/product_tag?post=996827"}],"curies":[{"name":"wp","href":"https:\/\/api.w.org\/{rel}","templated":true}]}}