{"id":996780,"date":"2023-02-24T13:04:20","date_gmt":"2023-02-24T13:04:20","guid":{"rendered":"https:\/\/isfelevator.com\/product\/liftmedia-display\/"},"modified":"2023-02-28T06:06:44","modified_gmt":"2023-02-28T06:06:44","slug":"display-liftmedia","status":"publish","type":"product","link":"https:\/\/isfelevator.com\/it\/product\/display-liftmedia\/","title":{"rendered":"Display LiftMedia"},"content":{"rendered":"<p><strong><span style=\"vertical-align: inherit;\">Display LiftMedia<\/span><\/strong><\/p>\n<p><strong><span style=\"vertical-align: inherit;\">CARATTERISTICHE<\/span><\/strong><span style=\"vertical-align: inherit;\"> Display LCD TFT a colori da 5,7&#8243;, 320&#215;240 pixel. Possibilit\u00e0 di riproduzione video su una sezione (circa 1\/4) dello schermo. Riproduzione musicale di alta qualit\u00e0. Annuncio vocale dei messaggi al piano e degli eventi dell&#8217;ascensore (sovraccarico, fuori servizio, incendio LiftMedia visualizza i nomi dei piani dell&#8217;ascensore, le immagini del piano, le frecce di direzione, il logo, le immagini di sfondo e altri segnali del controller dell&#8217;ascensore (sovraccarico, fuori servizio, allarme incendio, ecc.) \u00c8 possibile aggiungere ombra esterna ed effetto 3D a tutti gli elementi del display.Le immagini di sfondo possono essere modificate con un periodo di tempo definito dall&#8217;utente.Visualizzazione di data, ora e temperatura.Il software di progettazione visiva di facile utilizzo \u00e8 disponibile gratuitamente.<\/span><\/p>\n<p><span style=\"vertical-align: inherit;\">LiftMedia supporta i tipi di file multimediali comuni: mp3, MPEG, Avi, WMV, Flv, mp4, m4u e wav. Supporta tipi di file immagine comuni: BMP, jpeg, gif e png. Tutti gli elementi dello schermo, audio, musica e video sono personalizzabili dall&#8217;utente. Pu\u00f2 essere montato sia alla cabina che al pianerottolo. Interfaccia seriale CANBUS con ARL-500. L&#8217;orientamento orizzontale o verticale \u00e8 possibile per LiftMedia. Il volume della musica e degli annunci pu\u00f2 essere regolato separatamente. La retroilluminazione pu\u00f2 essere spenta dopo la luce dell&#8217;auto con un ritardo regolabile (funzione modalit\u00e0 sleep). L&#8217;audio pu\u00f2 essere disattivato entro le ore definite dall&#8217;utente. Non sono necessari cavi di collegamento per la programmazione. Basta copiare il disegno dal tuo PC alla scheda SD e inserire la scheda in LiftMedia.<\/span><\/p>\n<p><span style=\"vertical-align: inherit;\">Utilizza i font installati sul sistema operativo in modo che ogni alfabeto sia disponibile (cirillico, greco, arabo, ecc.). Ore di riproduzione di video e musica con la scheda SD inclusa. L&#8217;espansione della capacit\u00e0 \u00e8 possibile con il supporto della scheda SDHC. Il firmware pu\u00f2 essere aggiornato facilmente tramite scheda SD quando saranno disponibili nuove versioni e nuove funzionalit\u00e0.<\/span><\/p>\n","protected":false},"excerpt":{"rendered":"<p><strong><span style=\"vertical-align: inherit;\">Display LCD TFT, musica e sistema di annunci per ascensori<\/span><\/strong><span style=\"vertical-align: inherit;\"> Tipo LCD: schermo TFT a colori da 5,7 pollici Area visibile:: 115,2 x 86,4 mm Risoluzione:: 320 x 240 pixel<\/span><\/p>\n","protected":false},"featured_media":992603,"comment_status":"open","ping_status":"closed","template":"","meta":[],"product_brand":[],"product_cat":[684,702,690],"product_tag":[],"class_list":{"0":"post-996780","1":"product","2":"type-product","3":"status-publish","4":"has-post-thumbnail","6":"product_cat-controllori-dellascensore","7":"product_cat-schermi","8":"product_cat-unita-ausiliarie-controllori-dellascensore","10":"first","11":"instock","12":"shipping-taxable","13":"product-type-simple","14":"prodpage-style2"},"_links":{"self":[{"href":"https:\/\/isfelevator.com\/it\/wp-json\/wp\/v2\/product\/996780","targetHints":{"allow":["GET"]}}],"collection":[{"href":"https:\/\/isfelevator.com\/it\/wp-json\/wp\/v2\/product"}],"about":[{"href":"https:\/\/isfelevator.com\/it\/wp-json\/wp\/v2\/types\/product"}],"replies":[{"embeddable":true,"href":"https:\/\/isfelevator.com\/it\/wp-json\/wp\/v2\/comments?post=996780"}],"wp:featuredmedia":[{"embeddable":true,"href":"https:\/\/isfelevator.com\/it\/wp-json\/wp\/v2\/media\/992603"}],"wp:attachment":[{"href":"https:\/\/isfelevator.com\/it\/wp-json\/wp\/v2\/media?parent=996780"}],"wp:term":[{"taxonomy":"product_brand","embeddable":true,"href":"https:\/\/isfelevator.com\/it\/wp-json\/wp\/v2\/product_brand?post=996780"},{"taxonomy":"product_cat","embeddable":true,"href":"https:\/\/isfelevator.com\/it\/wp-json\/wp\/v2\/product_cat?post=996780"},{"taxonomy":"product_tag","embeddable":true,"href":"https:\/\/isfelevator.com\/it\/wp-json\/wp\/v2\/product_tag?post=996780"}],"curies":[{"name":"wp","href":"https:\/\/api.w.org\/{rel}","templated":true}]}}