{"id":996723,"date":"2023-02-24T13:04:42","date_gmt":"2023-02-24T13:04:42","guid":{"rendered":"https:\/\/isfelevator.com\/product\/sp-16\/"},"modified":"2023-02-27T19:43:10","modified_gmt":"2023-02-27T19:43:10","slug":"sp-16","status":"publish","type":"product","link":"https:\/\/isfelevator.com\/it\/product\/sp-16\/","title":{"rendered":"SP-16"},"content":{"rendered":"<p><strong>SP-16<\/strong><\/p>\n<p><strong><span style=\"vertical-align: inherit;\">Caratteristiche<\/span><\/strong><span style=\"vertical-align: inherit;\"> Pu\u00f2 lavorare in impianti collettivi salita\/discesa (16 piani) e collettivi completi (9 piani). Uscite a 7 segmenti (9 uscite) e 2&#215;7 uscite codice Gray indicatore a 7 segmenti (5 uscite) Uscite rel\u00e8 predefinite (fuori servizio, occupato, discesa e salita) (4 uscite) Per poter operare con ARL500 e ARCODE . ARL500 ve ARCODE sistemleriyle birlikte \u00e7al\u0131\u015fabilme. Facile programmazione con dipswitch.<\/span><\/p>\n","protected":false},"excerpt":{"rendered":"<p><strong><span style=\"vertical-align: inherit;\">SP-16 \u00e8 un modulo convertitore parallelo\/seriale che pu\u00f2 essere utilizzato in ARL500 e ARCODE. <\/span><\/strong><span style=\"vertical-align: inherit;\">SP-16 consente di utilizzare installazioni di cabina parallele esistenti con centrali ARL500 e ARCODE che normalmente funzionano con comunicazione seriale. Una singola scheda SP16 supporta 16 piani in operazioni collettive su\/gi\u00f9 e 9 piani in operazioni collettive complete. \u00c8 possibile utilizzare pi\u00f9 di una singola tavola per un supporto pi\u00f9 elevato. Con SP16, le connessioni cablate parallele esistenti possono essere utilizzate tramite uscite a 7 segmenti e codice gray.<\/span><\/p>\n","protected":false},"featured_media":992699,"comment_status":"open","ping_status":"closed","template":"","meta":[],"product_brand":[],"product_cat":[726,684,690],"product_tag":[],"class_list":{"0":"post-996723","1":"product","2":"type-product","3":"status-publish","4":"has-post-thumbnail","6":"product_cat-altri-prodotti","7":"product_cat-controllori-dellascensore","8":"product_cat-unita-ausiliarie-controllori-dellascensore","10":"first","11":"instock","12":"shipping-taxable","13":"product-type-simple","14":"prodpage-style2"},"_links":{"self":[{"href":"https:\/\/isfelevator.com\/it\/wp-json\/wp\/v2\/product\/996723","targetHints":{"allow":["GET"]}}],"collection":[{"href":"https:\/\/isfelevator.com\/it\/wp-json\/wp\/v2\/product"}],"about":[{"href":"https:\/\/isfelevator.com\/it\/wp-json\/wp\/v2\/types\/product"}],"replies":[{"embeddable":true,"href":"https:\/\/isfelevator.com\/it\/wp-json\/wp\/v2\/comments?post=996723"}],"wp:featuredmedia":[{"embeddable":true,"href":"https:\/\/isfelevator.com\/it\/wp-json\/wp\/v2\/media\/992699"}],"wp:attachment":[{"href":"https:\/\/isfelevator.com\/it\/wp-json\/wp\/v2\/media?parent=996723"}],"wp:term":[{"taxonomy":"product_brand","embeddable":true,"href":"https:\/\/isfelevator.com\/it\/wp-json\/wp\/v2\/product_brand?post=996723"},{"taxonomy":"product_cat","embeddable":true,"href":"https:\/\/isfelevator.com\/it\/wp-json\/wp\/v2\/product_cat?post=996723"},{"taxonomy":"product_tag","embeddable":true,"href":"https:\/\/isfelevator.com\/it\/wp-json\/wp\/v2\/product_tag?post=996723"}],"curies":[{"name":"wp","href":"https:\/\/api.w.org\/{rel}","templated":true}]}}