{"id":996697,"date":"2023-02-24T13:04:42","date_gmt":"2023-02-24T13:04:42","guid":{"rendered":"https:\/\/isfelevator.com\/product\/apre\/"},"modified":"2023-02-27T18:23:52","modified_gmt":"2023-02-27T18:23:52","slug":"apre","status":"publish","type":"product","link":"https:\/\/isfelevator.com\/it\/product\/apre\/","title":{"rendered":"ApRe"},"content":{"rendered":"<p><strong><span style=\"vertical-align: inherit;\">ApRe.<\/span><\/strong><\/p>\n<p><strong><span style=\"vertical-align: inherit;\">FUNZIONI<\/span><\/strong><\/p>\n<p><span style=\"vertical-align: inherit;\">ApRe, certificato secondo la norma EN 81-1\/2+A3 insieme all&#8217;inverter Adrive, \u00e8 un sistema di protezione per limitatori di velocit\u00e0 compatibili A3 contro movimenti imprevisti della cabina. In caso di guasto al circuito di sicurezza o mancanza di corrente durante la marcia dell&#8217;ascensore, blocca l&#8217;attivazione dei freni del paracadute e il limitatore di velocit\u00e0 viene bloccato. Utilizzabile con limitatori di velocit\u00e0 con tensione di esercizio 12Vdc o 24Vdc (fino a 6A). Funziona anche in caso di mancanza di rete con l&#8217;ausilio di una batteria aggiuntiva che deve essere caricata da ApRe. Collegamento del pulsante di evacuazione per liberare il limitatore di velocit\u00e0 in caso di emergenza Collegamento del pulsante di test per testare il limitatore di velocit\u00e0 a distanza<\/span><\/p>\n<p><strong><span style=\"vertical-align: inherit;\">SPECIFICHE<\/span><\/strong><\/p>\n<ul>\n<li><span style=\"vertical-align: inherit;\">Caratteristiche elettriche<\/span><\/li>\n<li><span style=\"vertical-align: inherit;\">Tensione bobina di blocco del limitatore di velocit\u00e0: 12 Vdc e 24 Vdc<\/span><\/li>\n<li><span style=\"vertical-align: inherit;\">ApRe utilizza solo un alimentatore e una batteria adeguati con la tensione della bobina.<\/span><\/li>\n<li><span style=\"vertical-align: inherit;\">Corrente massima della bobina: 6A<\/span><\/li>\n<li><span style=\"vertical-align: inherit;\">Alimentazione normale (12Vdc per bobina): 11-14 Vdc<\/span><\/li>\n<li><span style=\"vertical-align: inherit;\">Alimentazione normale (24Vdc per bobina): 20-27 Vdc<\/span><\/li>\n<li><span style=\"vertical-align: inherit;\">Alimentazione batteria (12Vdc per bobina): 12 Vdc\/1.2 Ah<\/span><\/li>\n<li><span style=\"vertical-align: inherit;\">Alimentazione a batteria (24Vdc per bobina): 24 Vdc\/1.2 Ah<\/span><\/li>\n<li><span style=\"vertical-align: inherit;\">Carica batteria interna: con sorgente di corrente continua.<\/span><\/li>\n<li><span style=\"vertical-align: inherit;\">Ingresso circuito di sicurezza: 190-230 Vac<\/span><\/li>\n<\/ul>\n<p><span style=\"vertical-align: inherit;\">Potenza assorbita media ApRe: quando la bobina non \u00e8 alimentata e la batteria \u00e8 completamente carica: &lt; 1W. Quando la bobina non \u00e8 alimentata e la batteria \u00e8 scarica: &lt;10W<\/span><\/p>\n","protected":false},"excerpt":{"rendered":"<p><strong><span style=\"vertical-align: inherit;\">Scheda di comunicazione seriale per cabina<\/span><\/strong><span style=\"vertical-align: inherit;\"> Unit\u00e0 di attivazione del dispositivo di bloccaggio ApRe (EN 81-1\/2 + A3)<\/span><\/p>\n","protected":false},"featured_media":992681,"comment_status":"open","ping_status":"closed","template":"","meta":[],"product_brand":[],"product_cat":[726,684,690],"product_tag":[],"class_list":{"0":"post-996697","1":"product","2":"type-product","3":"status-publish","4":"has-post-thumbnail","6":"product_cat-altri-prodotti","7":"product_cat-controllori-dellascensore","8":"product_cat-unita-ausiliarie-controllori-dellascensore","10":"first","11":"instock","12":"shipping-taxable","13":"product-type-simple","14":"prodpage-style2"},"_links":{"self":[{"href":"https:\/\/isfelevator.com\/it\/wp-json\/wp\/v2\/product\/996697","targetHints":{"allow":["GET"]}}],"collection":[{"href":"https:\/\/isfelevator.com\/it\/wp-json\/wp\/v2\/product"}],"about":[{"href":"https:\/\/isfelevator.com\/it\/wp-json\/wp\/v2\/types\/product"}],"replies":[{"embeddable":true,"href":"https:\/\/isfelevator.com\/it\/wp-json\/wp\/v2\/comments?post=996697"}],"wp:featuredmedia":[{"embeddable":true,"href":"https:\/\/isfelevator.com\/it\/wp-json\/wp\/v2\/media\/992681"}],"wp:attachment":[{"href":"https:\/\/isfelevator.com\/it\/wp-json\/wp\/v2\/media?parent=996697"}],"wp:term":[{"taxonomy":"product_brand","embeddable":true,"href":"https:\/\/isfelevator.com\/it\/wp-json\/wp\/v2\/product_brand?post=996697"},{"taxonomy":"product_cat","embeddable":true,"href":"https:\/\/isfelevator.com\/it\/wp-json\/wp\/v2\/product_cat?post=996697"},{"taxonomy":"product_tag","embeddable":true,"href":"https:\/\/isfelevator.com\/it\/wp-json\/wp\/v2\/product_tag?post=996697"}],"curies":[{"name":"wp","href":"https:\/\/api.w.org\/{rel}","templated":true}]}}