{"id":996628,"date":"2023-02-24T13:05:04","date_gmt":"2023-02-24T13:05:04","guid":{"rendered":"https:\/\/isfelevator.com\/product\/gz-plus\/"},"modified":"2023-02-27T16:40:07","modified_gmt":"2023-02-27T16:40:07","slug":"gz-plus","status":"publish","type":"product","link":"https:\/\/isfelevator.com\/it\/product\/gz-plus\/","title":{"rendered":"GZ PLUS"},"content":{"rendered":"<p><strong>GZ PLUS<\/strong><\/p>\n<p><strong>CARATTERISTICHE<\/strong> G&amp;Z plus \u00e8 un sistema di annunci e musica di piano progettato per gli ascensori. G&amp;Z plus utilizza file audio in formato mp3, che possono essere facilmente trasferiti sulla scheda di memoria SD. Non \u00e8 necessario alcun software aggiuntivo. \u00c8 sufficiente trascinare i file audio nelle cartelle corrispondenti della scheda SD. Come modalit\u00e0 di ingresso sono disponibili il codice grigio, il codice binario, la modalit\u00e0 contatore Arkel e la modalit\u00e0 CANbus. Controllo del volume indipendente per annunci e musica. La scheda G&amp;Z plus viene fornita con messaggi predefiniti in inglese e turco.<\/p>\n","protected":false},"excerpt":{"rendered":"<p><strong>Sistema di annunci per ascensori<\/strong><\/p>\n","protected":false},"featured_media":992705,"comment_status":"open","ping_status":"closed","template":"","meta":[],"product_brand":[],"product_cat":[726,684,690],"product_tag":[],"class_list":{"0":"post-996628","1":"product","2":"type-product","3":"status-publish","4":"has-post-thumbnail","6":"product_cat-altri-prodotti","7":"product_cat-controllori-dellascensore","8":"product_cat-unita-ausiliarie-controllori-dellascensore","10":"first","11":"instock","12":"shipping-taxable","13":"product-type-simple","14":"prodpage-style2"},"_links":{"self":[{"href":"https:\/\/isfelevator.com\/it\/wp-json\/wp\/v2\/product\/996628","targetHints":{"allow":["GET"]}}],"collection":[{"href":"https:\/\/isfelevator.com\/it\/wp-json\/wp\/v2\/product"}],"about":[{"href":"https:\/\/isfelevator.com\/it\/wp-json\/wp\/v2\/types\/product"}],"replies":[{"embeddable":true,"href":"https:\/\/isfelevator.com\/it\/wp-json\/wp\/v2\/comments?post=996628"}],"wp:featuredmedia":[{"embeddable":true,"href":"https:\/\/isfelevator.com\/it\/wp-json\/wp\/v2\/media\/992705"}],"wp:attachment":[{"href":"https:\/\/isfelevator.com\/it\/wp-json\/wp\/v2\/media?parent=996628"}],"wp:term":[{"taxonomy":"product_brand","embeddable":true,"href":"https:\/\/isfelevator.com\/it\/wp-json\/wp\/v2\/product_brand?post=996628"},{"taxonomy":"product_cat","embeddable":true,"href":"https:\/\/isfelevator.com\/it\/wp-json\/wp\/v2\/product_cat?post=996628"},{"taxonomy":"product_tag","embeddable":true,"href":"https:\/\/isfelevator.com\/it\/wp-json\/wp\/v2\/product_tag?post=996628"}],"curies":[{"name":"wp","href":"https:\/\/api.w.org\/{rel}","templated":true}]}}