{"id":996271,"date":"2023-02-24T13:06:17","date_gmt":"2023-02-24T13:06:17","guid":{"rendered":"https:\/\/isfelevator.com\/product\/overspeed-governor-o235-mm\/"},"modified":"2023-02-26T16:12:53","modified_gmt":"2023-02-26T16:12:53","slug":"regolatore-di-velocita-eccessiva-o235-mm","status":"publish","type":"product","link":"https:\/\/isfelevator.com\/it\/product\/regolatore-di-velocita-eccessiva-o235-mm\/","title":{"rendered":"Regolatore di velocit\u00e0 eccessiva (\u00d8235 mm)"},"content":{"rendered":"<p><strong><span style=\"vertical-align: inherit;\">Regolatore di velocit\u00e0 eccessiva (\u00d8235 mm)<\/span><\/strong><\/p>\n<p><strong><span style=\"vertical-align: inherit;\">SISTEMA UCM<\/span><\/strong><span style=\"vertical-align: inherit;\"> \u2022 Breve periodo di blocco \u2022 Bobina di sicurezza 24 Vdc \/ 3.60 amp &#8211; 190vdc \/ 0.38 amp \u2022 Interruttore di controllo bobina \u2022 Viene fornito montato sul limitatore di velocit\u00e0. Non \u00e8 compatibile con i regolatori di velocit\u00e0 eccessiva di un&#8217;altra marca. \u2022 Pu\u00f2 essere utilizzato per la revisione. <\/span><strong><span style=\"vertical-align: inherit;\">SISTEMA A INGRANAGGI COMPATIBILE CON ENCODER<\/span><\/strong><span style=\"vertical-align: inherit;\"> \u2022 \u00c8 compatibile con encoder di tipo rotativo con diametro del perno \u00d88 mm \u2022 La parte dell&#8217;ingranaggio \u00e8 1\/3. (la velocit\u00e0 di rotazione sul pannello deve essere gestita inferiore di 3 volte.) <\/span><strong><span style=\"vertical-align: inherit;\">SISTEMA DI CONTROLLO REMOTO PER MACCHINA SENZA LOCALE<\/span><\/strong><span style=\"vertical-align: inherit;\"> \u2022 Potenza motrice, forza di trazione: 0,85 kg \u2022 Bobina di sgancio 220 V, 0,52 amp, 354 ohm &#8211; 24 V, 8,05 amp \u2022 Reset bobina 220 V, 0,70 amp, 180 ohm &#8211; 24 V, 3,20 amp \u2022 Connettivit\u00e0 a cavi con connettore. Limitatore di velocit\u00e0 \u00d8235 mm<\/span><\/p>\n","protected":false},"excerpt":{"rendered":"<p><strong><span style=\"vertical-align: inherit;\">CARATTERISTICHE DEL PRODOTTO<\/span><\/strong><span style=\"vertical-align: inherit;\"> \u2022 Velocit\u00e0 nominale (min) 0,30 m\/s \u2022 Velocit\u00e0 nominale (max) 1,60 m\/s \u2022 Conformit\u00e0 alla direttiva sugli ascensori EN81:20 &amp; EN:81:50 \u2022 Inserimento del paracadute in entrambe le direzioni \u2022 Prima interrompe il interruttore di sicurezza e poi scatta \u2022 Limitatore di velocit\u00e0 con contatto di sicurezza \u2022 Possibilit\u00e0 di configurazione per sala macchine o testata vano \u2022 Peso di tensionamento con contatto di sicurezza \u2022 Applicabile per installazioni secondarie e ammodernamenti \u2022 Preimpostato in base alle velocit\u00e0 nominali e sigillato \u2022 I fori di fissaggio sono completamente compatibili con altri limitatori di velocit\u00e0 \u2022 Possibilit\u00e0 di montaggio su quasi tutti i tipi di sollevamento \u2022 Facilit\u00e0 di installazione e manutenzione \u2022 Il rapporto della scanalatura di prova \u00e8 2\/3. \u2022 Istruzioni operative dettagliate<\/span><\/p>\n","protected":false},"featured_media":993161,"comment_status":"open","ping_status":"closed","template":"","meta":[],"product_brand":[],"product_cat":[666],"product_tag":[],"class_list":{"0":"post-996271","1":"product","2":"type-product","3":"status-publish","4":"has-post-thumbnail","6":"product_cat-governo-di-velocita-eccessiva","8":"first","9":"instock","10":"shipping-taxable","11":"product-type-simple","12":"prodpage-style2"},"_links":{"self":[{"href":"https:\/\/isfelevator.com\/it\/wp-json\/wp\/v2\/product\/996271","targetHints":{"allow":["GET"]}}],"collection":[{"href":"https:\/\/isfelevator.com\/it\/wp-json\/wp\/v2\/product"}],"about":[{"href":"https:\/\/isfelevator.com\/it\/wp-json\/wp\/v2\/types\/product"}],"replies":[{"embeddable":true,"href":"https:\/\/isfelevator.com\/it\/wp-json\/wp\/v2\/comments?post=996271"}],"wp:featuredmedia":[{"embeddable":true,"href":"https:\/\/isfelevator.com\/it\/wp-json\/wp\/v2\/media\/993161"}],"wp:attachment":[{"href":"https:\/\/isfelevator.com\/it\/wp-json\/wp\/v2\/media?parent=996271"}],"wp:term":[{"taxonomy":"product_brand","embeddable":true,"href":"https:\/\/isfelevator.com\/it\/wp-json\/wp\/v2\/product_brand?post=996271"},{"taxonomy":"product_cat","embeddable":true,"href":"https:\/\/isfelevator.com\/it\/wp-json\/wp\/v2\/product_cat?post=996271"},{"taxonomy":"product_tag","embeddable":true,"href":"https:\/\/isfelevator.com\/it\/wp-json\/wp\/v2\/product_tag?post=996271"}],"curies":[{"name":"wp","href":"https:\/\/api.w.org\/{rel}","templated":true}]}}