{"id":996263,"date":"2023-02-24T13:06:17","date_gmt":"2023-02-24T13:06:17","guid":{"rendered":"https:\/\/isfelevator.com\/product\/belt-gearless-elevator-motors\/"},"modified":"2023-02-26T16:05:05","modified_gmt":"2023-02-26T16:05:05","slug":"motori-per-ascensori-senza-ingranaggi-a-cinghia","status":"publish","type":"product","link":"https:\/\/isfelevator.com\/it\/product\/motori-per-ascensori-senza-ingranaggi-a-cinghia\/","title":{"rendered":"Motori per ascensori senza ingranaggi a cinghia"},"content":{"rendered":"<p><strong>Motori per ascensori senza ingranaggi a cinghia<\/strong><\/p>\n<p>Raggiunge la capacit\u00e0 portante di 1000 kg per la sospensione 2:1. * Consente una maggiore capacit\u00e0 di carico con una puleggia di trazione pi\u00f9 piccola. * Protezione poliuretanica dei fili d&#8217;acciaio contro la corrosione. * Ciclo di vita pi\u00f9 lungo rispetto alle funi d&#8217;acciaio. * Consumo energetico inferiore rispetto ai sistemi equivalenti senza ingranaggi. * Possibilit\u00e0 di utilizzare inverter meno potenti. * Motore silenzioso. * Offre un elevato livello di comfort.<\/p>\n","protected":false},"excerpt":{"rendered":"<p><strong>Motore senza ingranaggi<\/strong> a cinghia Tutti i motori sono compatibili con i sistemi MR e MRL. I motori hanno peso ridotto, encoder protetto ed efficienza energetica con i pi\u00f9 alti livelli di prestazioni. Nel nostro inventario sono disponibili tutti i tipi di motore. Basta contattarci.<\/p>\n","protected":false},"featured_media":993149,"comment_status":"open","ping_status":"closed","template":"","meta":[],"product_brand":[],"product_cat":[840],"product_tag":[],"class_list":{"0":"post-996263","1":"product","2":"type-product","3":"status-publish","4":"has-post-thumbnail","6":"product_cat-motori-dellascensore","8":"first","9":"instock","10":"shipping-taxable","11":"product-type-simple","12":"prodpage-style2"},"_links":{"self":[{"href":"https:\/\/isfelevator.com\/it\/wp-json\/wp\/v2\/product\/996263","targetHints":{"allow":["GET"]}}],"collection":[{"href":"https:\/\/isfelevator.com\/it\/wp-json\/wp\/v2\/product"}],"about":[{"href":"https:\/\/isfelevator.com\/it\/wp-json\/wp\/v2\/types\/product"}],"replies":[{"embeddable":true,"href":"https:\/\/isfelevator.com\/it\/wp-json\/wp\/v2\/comments?post=996263"}],"wp:featuredmedia":[{"embeddable":true,"href":"https:\/\/isfelevator.com\/it\/wp-json\/wp\/v2\/media\/993149"}],"wp:attachment":[{"href":"https:\/\/isfelevator.com\/it\/wp-json\/wp\/v2\/media?parent=996263"}],"wp:term":[{"taxonomy":"product_brand","embeddable":true,"href":"https:\/\/isfelevator.com\/it\/wp-json\/wp\/v2\/product_brand?post=996263"},{"taxonomy":"product_cat","embeddable":true,"href":"https:\/\/isfelevator.com\/it\/wp-json\/wp\/v2\/product_cat?post=996263"},{"taxonomy":"product_tag","embeddable":true,"href":"https:\/\/isfelevator.com\/it\/wp-json\/wp\/v2\/product_tag?post=996263"}],"curies":[{"name":"wp","href":"https:\/\/api.w.org\/{rel}","templated":true}]}}