{"id":996256,"date":"2023-02-24T13:06:17","date_gmt":"2023-02-24T13:06:17","guid":{"rendered":"https:\/\/isfelevator.com\/product\/geared-elevator-motor\/"},"modified":"2023-02-26T15:57:51","modified_gmt":"2023-02-26T15:57:51","slug":"motoriduttore-per-ascensore","status":"publish","type":"product","link":"https:\/\/isfelevator.com\/it\/product\/motoriduttore-per-ascensore\/","title":{"rendered":"Motoriduttore per ascensore"},"content":{"rendered":"<p><strong><span style=\"vertical-align: inherit;\">Motoriduttore per ascensore<\/span><\/strong><\/p>\n<p><strong><span style=\"vertical-align: inherit;\">Motoriduttori<\/span><\/strong><span style=\"vertical-align: inherit;\"> Facilit\u00e0 di montaggio Il livello di rumorosit\u00e0 \u00e8 inferiore a 50 dB e il valore di vibrazione \u00e8 di 0,7 mm\/sec, entrambi inferiori ai valori standard<\/span><\/p>\n","protected":false},"excerpt":{"rendered":"<p><strong><span style=\"vertical-align: inherit;\">Motori<\/span><\/strong><span style=\"vertical-align: inherit;\"> Tutti i motori compatibili con i sistemi MR e MRL, per tipi di trasmissione ad ingranaggi. I motori hanno peso ridotto, encoder protetto ed efficienza energetica con i massimi livelli di prestazioni. Tutti i tipi di motore sono disponibili nel nostro inventario. Basta contattarci.<\/span><\/p>\n","protected":false},"featured_media":993119,"comment_status":"open","ping_status":"closed","template":"","meta":[],"product_brand":[],"product_cat":[840],"product_tag":[],"class_list":{"0":"post-996256","1":"product","2":"type-product","3":"status-publish","4":"has-post-thumbnail","6":"product_cat-motori-dellascensore","8":"first","9":"instock","10":"shipping-taxable","11":"product-type-simple","12":"prodpage-style2"},"_links":{"self":[{"href":"https:\/\/isfelevator.com\/it\/wp-json\/wp\/v2\/product\/996256","targetHints":{"allow":["GET"]}}],"collection":[{"href":"https:\/\/isfelevator.com\/it\/wp-json\/wp\/v2\/product"}],"about":[{"href":"https:\/\/isfelevator.com\/it\/wp-json\/wp\/v2\/types\/product"}],"replies":[{"embeddable":true,"href":"https:\/\/isfelevator.com\/it\/wp-json\/wp\/v2\/comments?post=996256"}],"wp:featuredmedia":[{"embeddable":true,"href":"https:\/\/isfelevator.com\/it\/wp-json\/wp\/v2\/media\/993119"}],"wp:attachment":[{"href":"https:\/\/isfelevator.com\/it\/wp-json\/wp\/v2\/media?parent=996256"}],"wp:term":[{"taxonomy":"product_brand","embeddable":true,"href":"https:\/\/isfelevator.com\/it\/wp-json\/wp\/v2\/product_brand?post=996256"},{"taxonomy":"product_cat","embeddable":true,"href":"https:\/\/isfelevator.com\/it\/wp-json\/wp\/v2\/product_cat?post=996256"},{"taxonomy":"product_tag","embeddable":true,"href":"https:\/\/isfelevator.com\/it\/wp-json\/wp\/v2\/product_tag?post=996256"}],"curies":[{"name":"wp","href":"https:\/\/api.w.org\/{rel}","templated":true}]}}