{"id":996128,"date":"2023-02-24T13:06:56","date_gmt":"2023-02-24T13:06:56","guid":{"rendered":"https:\/\/isfelevator.com\/product\/access-key\/"},"modified":"2023-02-26T12:03:10","modified_gmt":"2023-02-26T12:03:10","slug":"chiave-di-accesso","status":"publish","type":"product","link":"https:\/\/isfelevator.com\/it\/product\/chiave-di-accesso\/","title":{"rendered":"Chiave di accesso"},"content":{"rendered":"<p><strong>Chiave di accesso<\/strong><\/p>\n<p>Descrizione tecnica Sonda in acciaio inox, illuminazione bicolore della sonda, memoria non volatile per 512 tasti, proprio cicalino di avviso.<\/p>\n","protected":false},"excerpt":{"rendered":"<p><strong>Modulo di sicurezza digitale AXES-D<\/strong> Sistema di sicurezza elettronico. Consente solo chiavi elettroniche identificate. I pulsanti sull&#8217;unit\u00e0 sono utilizzati per la programmazione, cos\u00ec come la chiave master per la programmazione dopo l&#8217;installazione, senza bisogno di aprire l&#8217;unit\u00e0.<\/p>\n","protected":false},"featured_media":993455,"comment_status":"open","ping_status":"closed","template":"","meta":[],"product_brand":[],"product_cat":[635],"product_tag":[],"class_list":{"0":"post-996128","1":"product","2":"type-product","3":"status-publish","4":"has-post-thumbnail","6":"product_cat-codice-di-accesso","8":"first","9":"instock","10":"shipping-taxable","11":"product-type-simple","12":"prodpage-style2"},"_links":{"self":[{"href":"https:\/\/isfelevator.com\/it\/wp-json\/wp\/v2\/product\/996128","targetHints":{"allow":["GET"]}}],"collection":[{"href":"https:\/\/isfelevator.com\/it\/wp-json\/wp\/v2\/product"}],"about":[{"href":"https:\/\/isfelevator.com\/it\/wp-json\/wp\/v2\/types\/product"}],"replies":[{"embeddable":true,"href":"https:\/\/isfelevator.com\/it\/wp-json\/wp\/v2\/comments?post=996128"}],"wp:featuredmedia":[{"embeddable":true,"href":"https:\/\/isfelevator.com\/it\/wp-json\/wp\/v2\/media\/993455"}],"wp:attachment":[{"href":"https:\/\/isfelevator.com\/it\/wp-json\/wp\/v2\/media?parent=996128"}],"wp:term":[{"taxonomy":"product_brand","embeddable":true,"href":"https:\/\/isfelevator.com\/it\/wp-json\/wp\/v2\/product_brand?post=996128"},{"taxonomy":"product_cat","embeddable":true,"href":"https:\/\/isfelevator.com\/it\/wp-json\/wp\/v2\/product_cat?post=996128"},{"taxonomy":"product_tag","embeddable":true,"href":"https:\/\/isfelevator.com\/it\/wp-json\/wp\/v2\/product_tag?post=996128"}],"curies":[{"name":"wp","href":"https:\/\/api.w.org\/{rel}","templated":true}]}}