{"id":995794,"date":"2023-02-24T13:08:14","date_gmt":"2023-02-24T13:08:14","guid":{"rendered":"https:\/\/isfelevator.com\/product\/hs500-remote-access-terminal-arem\/"},"modified":"2023-02-25T19:33:06","modified_gmt":"2023-02-25T19:33:06","slug":"terminale-di-accesso-remoto-hs500-arem","status":"publish","type":"product","link":"https:\/\/isfelevator.com\/it\/product\/terminale-di-accesso-remoto-hs500-arem\/","title":{"rendered":"Terminale di accesso remoto HS500 (AREM)"},"content":{"rendered":"<p>Terminale di accesso remoto HS500 (AREM) Controllori per ascensori Unit\u00e0 ausiliarie per ascensori<\/p>\n<p><strong>Terminale di accesso remoto HS500<\/strong> Il terminale di accesso remoto HS500 (AREM) consente di accedere a distanza al menu della scheda di controllo quando \u00e8 collegato alla linea CANBus da qualsiasi parte dell&#8217;impianto Possibilit\u00e0 di essere collegato alle prese CANBus da qualsiasi parte dell&#8217;ascensore Possibilit\u00e0 di controllare la scheda principale ARL-500, l&#8217;inverter ADrive WVF e l&#8217;unit\u00e0 integrata Arcode Funzionamento confortevole grazie al cavo portatile da 1,5 m<\/p>\n","protected":false},"excerpt":{"rendered":"<p>Terminale di accesso remoto<\/p>\n","protected":false},"featured_media":993767,"comment_status":"open","ping_status":"closed","template":"","meta":[],"product_brand":[],"product_cat":[726,684,690],"product_tag":[],"class_list":{"0":"post-995794","1":"product","2":"type-product","3":"status-publish","4":"has-post-thumbnail","6":"product_cat-altri-prodotti","7":"product_cat-controllori-dellascensore","8":"product_cat-unita-ausiliarie-controllori-dellascensore","10":"first","11":"instock","12":"shipping-taxable","13":"product-type-simple","14":"prodpage-style2"},"_links":{"self":[{"href":"https:\/\/isfelevator.com\/it\/wp-json\/wp\/v2\/product\/995794","targetHints":{"allow":["GET"]}}],"collection":[{"href":"https:\/\/isfelevator.com\/it\/wp-json\/wp\/v2\/product"}],"about":[{"href":"https:\/\/isfelevator.com\/it\/wp-json\/wp\/v2\/types\/product"}],"replies":[{"embeddable":true,"href":"https:\/\/isfelevator.com\/it\/wp-json\/wp\/v2\/comments?post=995794"}],"wp:featuredmedia":[{"embeddable":true,"href":"https:\/\/isfelevator.com\/it\/wp-json\/wp\/v2\/media\/993767"}],"wp:attachment":[{"href":"https:\/\/isfelevator.com\/it\/wp-json\/wp\/v2\/media?parent=995794"}],"wp:term":[{"taxonomy":"product_brand","embeddable":true,"href":"https:\/\/isfelevator.com\/it\/wp-json\/wp\/v2\/product_brand?post=995794"},{"taxonomy":"product_cat","embeddable":true,"href":"https:\/\/isfelevator.com\/it\/wp-json\/wp\/v2\/product_cat?post=995794"},{"taxonomy":"product_tag","embeddable":true,"href":"https:\/\/isfelevator.com\/it\/wp-json\/wp\/v2\/product_tag?post=995794"}],"curies":[{"name":"wp","href":"https:\/\/api.w.org\/{rel}","templated":true}]}}