{"id":995679,"date":"2023-02-24T13:08:37","date_gmt":"2023-02-24T13:08:37","guid":{"rendered":"https:\/\/isfelevator.com\/product\/overspeed-governor-o-300-mm-o-210-mm-others\/"},"modified":"2023-02-25T16:40:57","modified_gmt":"2023-02-25T16:40:57","slug":"regolatore-di-sovravelocita-o-300-mm-o-210-mm-altro","status":"publish","type":"product","link":"https:\/\/isfelevator.com\/it\/product\/regolatore-di-sovravelocita-o-300-mm-o-210-mm-altro\/","title":{"rendered":"Regolatore di sovravelocit\u00e0 (\u00d8 300 mm, \u00d8 210 mm) &#8211; Altro"},"content":{"rendered":"<p><strong><span style=\"vertical-align: inherit;\">Governatore di velocit\u00e0 eccessiva.<\/span><\/strong><\/p>\n<p><span style=\"vertical-align: inherit;\">CARATTERISTICHE DEL PRODOTTO<\/span><\/p>\n<p><span style=\"vertical-align: inherit;\">\u2022 Velocit\u00e0 nominale (min) 0,40 m\/s <\/span><br \/>\n<span style=\"vertical-align: inherit;\">\u2022 Velocit\u00e0 nominale (max) 1,60 m\/s <\/span><br \/>\n<span style=\"vertical-align: inherit;\">\u2022 Conformit\u00e0 alla direttiva ascensori EN81-50 <\/span><br \/>\n<span style=\"vertical-align: inherit;\">\u2022 Inserimento del paracadute in entrambe le direzioni <\/span><br \/>\n<span style=\"vertical-align: inherit;\">\u2022 Interrompe prima l&#8217;interruttore di sicurezza e poi scatta <\/span><br \/>\n<span style=\"vertical-align: inherit;\">\u2022 Limitatore di velocit\u00e0 con contatto di sicurezza <\/span><br \/>\n<span style=\"vertical-align: inherit;\">\u2022 Possibile configurazione per sala macchine o testa vano <\/span><br \/>\n<span style=\"vertical-align: inherit;\">\u2022 Peso di tensionamento con contatto di sicurezza <\/span><br \/>\n<span style=\"vertical-align: inherit;\">\u2022 Applicabile per installazioni secondarie e ammodernamenti <\/span><br \/>\n<span style=\"vertical-align: inherit;\">\u2022 Preimpostato in base alle velocit\u00e0 nominali e sigillato <\/span><br \/>\n<span style=\"vertical-align: inherit;\">\u2022 I fori di fissaggio sono completamente compatibili con altri limitatori di velocit\u00e0 <\/span><br \/>\n<span style=\"vertical-align: inherit;\">\u2022 Montaggio a quasi ogni tipo di sollevamento possibile <\/span><br \/>\n<span style=\"vertical-align: inherit;\">\u2022 Facile installazione e manutenzione <\/span><br \/>\n<span style=\"vertical-align: inherit;\">\u2022 Il rapporto della scanalatura di prova \u00e8 2\/3. <\/span><br \/>\n<span style=\"vertical-align: inherit;\">\u2022 Istruzioni operative dettagliate<\/span><\/p>\n","protected":false},"excerpt":{"rendered":"<p>DESCRIZIONE<br \/>\nSISTEMA UCM<\/p>\n<p>\u2022 Breve periodo di blocco<br \/>\n\u2022 24 vdc \/ 3,60 amp &#8211; 190 vdc \/ 0,38 amp bobina di sicurezza<br \/>\n\u2022 Bobina di controllo sw\u0131tch<br \/>\n\u2022 \u00c8 del tutto assente in quanto montata sul regolatore di velocit\u00e0 eccessiva. Non \u00e8 compatibile con i regolatori di velocit\u00e0 di altre marche.<br \/>\n\u2022 Pu\u00f2 essere utilizzato per la regolazione del numero di giri.<\/p>\n","protected":false},"featured_media":993905,"comment_status":"open","ping_status":"closed","template":"","meta":[],"product_brand":[],"product_cat":[666],"product_tag":[],"class_list":{"0":"post-995679","1":"product","2":"type-product","3":"status-publish","4":"has-post-thumbnail","6":"product_cat-governo-di-velocita-eccessiva","8":"first","9":"instock","10":"shipping-taxable","11":"product-type-simple","12":"prodpage-style2"},"_links":{"self":[{"href":"https:\/\/isfelevator.com\/it\/wp-json\/wp\/v2\/product\/995679","targetHints":{"allow":["GET"]}}],"collection":[{"href":"https:\/\/isfelevator.com\/it\/wp-json\/wp\/v2\/product"}],"about":[{"href":"https:\/\/isfelevator.com\/it\/wp-json\/wp\/v2\/types\/product"}],"replies":[{"embeddable":true,"href":"https:\/\/isfelevator.com\/it\/wp-json\/wp\/v2\/comments?post=995679"}],"wp:featuredmedia":[{"embeddable":true,"href":"https:\/\/isfelevator.com\/it\/wp-json\/wp\/v2\/media\/993905"}],"wp:attachment":[{"href":"https:\/\/isfelevator.com\/it\/wp-json\/wp\/v2\/media?parent=995679"}],"wp:term":[{"taxonomy":"product_brand","embeddable":true,"href":"https:\/\/isfelevator.com\/it\/wp-json\/wp\/v2\/product_brand?post=995679"},{"taxonomy":"product_cat","embeddable":true,"href":"https:\/\/isfelevator.com\/it\/wp-json\/wp\/v2\/product_cat?post=995679"},{"taxonomy":"product_tag","embeddable":true,"href":"https:\/\/isfelevator.com\/it\/wp-json\/wp\/v2\/product_tag?post=995679"}],"curies":[{"name":"wp","href":"https:\/\/api.w.org\/{rel}","templated":true}]}}