{"id":995657,"date":"2023-02-24T13:08:58","date_gmt":"2023-02-24T13:08:58","guid":{"rendered":"https:\/\/isfelevator.com\/product\/emc-30a-emc-50a-filters\/"},"modified":"2023-02-25T16:00:05","modified_gmt":"2023-02-25T16:00:05","slug":"filtri-emc-30a-e-emc-50a","status":"publish","type":"product","link":"https:\/\/isfelevator.com\/it\/product\/filtri-emc-30a-e-emc-50a\/","title":{"rendered":"Filtri EMC 30A e EMC 50A"},"content":{"rendered":"<h4><span style=\"vertical-align: inherit;\">Filtri EMC 30A e EMC 50A<\/span><\/h4>\n<p class=\"cbox02A-01 ff-hd-06 productName\"><strong><span style=\"vertical-align: inherit;\">Cos&#8217;\u00e8 un filtro EMC<\/span><\/strong><span style=\"vertical-align: inherit;\"> ? <\/span><strong><span style=\"vertical-align: inherit;\">Come funziona un filtro EMC<\/span><\/strong><span style=\"vertical-align: inherit;\"> ? Parleremo prima del prodotto.<\/span><\/p>\n<p class=\"cbox02A-01 ff-hd-06 productName\"><span style=\"vertical-align: inherit;\">I filtri EMC o <\/span><strong><span style=\"vertical-align: inherit;\">di compatibilit\u00e0 elettromagnetica<\/span><\/strong><span style=\"vertical-align: inherit;\"> vengono utilizzati per ridurre il possibile rumore elettromagnetico che pu\u00f2 verificarsi tra gli azionamenti e l&#8217;alimentazione principale. \u00c8 una sorta di assicurazione fornire motori elettrici in sistemi complicati che funzionino correttamente. Interferendo con il rumore all&#8217;ingresso del sistema, il rumore verr\u00e0 abbassato al livello minimo e il sistema funzioner\u00e0 perfettamente.<\/span><\/p>\n<p><span style=\"vertical-align: inherit;\">In genere, esistono filtri EMC standard come 30A o 50A. Ma \u00e8 possibile fornire prodotti specializzati per un livello pi\u00f9 elevato di filtraggio richiesto o desiderato. In ISF Elevator, forniamo filtri di alta qualit\u00e0 che si adatteranno perfettamente ai tuoi progetti.<\/span><\/p>\n","protected":false},"excerpt":{"rendered":"<h4 class=\"cbox02A-01 ff-hd-06 productName\"><span style=\"vertical-align: inherit;\">CEM 30A e CEM 50A<\/span><\/h4>\n","protected":false},"featured_media":994007,"comment_status":"open","ping_status":"closed","template":"","meta":[],"product_brand":[],"product_cat":[684,690],"product_tag":[],"class_list":{"0":"post-995657","1":"product","2":"type-product","3":"status-publish","4":"has-post-thumbnail","6":"product_cat-controllori-dellascensore","7":"product_cat-unita-ausiliarie-controllori-dellascensore","9":"first","10":"instock","11":"shipping-taxable","12":"product-type-simple","13":"prodpage-style2"},"_links":{"self":[{"href":"https:\/\/isfelevator.com\/it\/wp-json\/wp\/v2\/product\/995657","targetHints":{"allow":["GET"]}}],"collection":[{"href":"https:\/\/isfelevator.com\/it\/wp-json\/wp\/v2\/product"}],"about":[{"href":"https:\/\/isfelevator.com\/it\/wp-json\/wp\/v2\/types\/product"}],"replies":[{"embeddable":true,"href":"https:\/\/isfelevator.com\/it\/wp-json\/wp\/v2\/comments?post=995657"}],"wp:featuredmedia":[{"embeddable":true,"href":"https:\/\/isfelevator.com\/it\/wp-json\/wp\/v2\/media\/994007"}],"wp:attachment":[{"href":"https:\/\/isfelevator.com\/it\/wp-json\/wp\/v2\/media?parent=995657"}],"wp:term":[{"taxonomy":"product_brand","embeddable":true,"href":"https:\/\/isfelevator.com\/it\/wp-json\/wp\/v2\/product_brand?post=995657"},{"taxonomy":"product_cat","embeddable":true,"href":"https:\/\/isfelevator.com\/it\/wp-json\/wp\/v2\/product_cat?post=995657"},{"taxonomy":"product_tag","embeddable":true,"href":"https:\/\/isfelevator.com\/it\/wp-json\/wp\/v2\/product_tag?post=995657"}],"curies":[{"name":"wp","href":"https:\/\/api.w.org\/{rel}","templated":true}]}}