{"id":995644,"date":"2023-02-24T13:08:58","date_gmt":"2023-02-24T13:08:58","guid":{"rendered":"https:\/\/isfelevator.com\/product\/ac-entrance-line-reactor\/"},"modified":"2023-02-25T15:54:30","modified_gmt":"2023-02-25T15:54:30","slug":"reattore-della-linea-di-ingresso-ca","status":"publish","type":"product","link":"https:\/\/isfelevator.com\/it\/product\/reattore-della-linea-di-ingresso-ca\/","title":{"rendered":"Reattore della linea di ingresso CA"},"content":{"rendered":"<h4><span style=\"vertical-align: inherit;\">Reattore della linea di ingresso CA<\/span><\/h4>\n<h5><span style=\"vertical-align: inherit;\">Che cos&#8217;\u00e8 un reattore di linea<\/span><\/h5>\n<p><strong><span style=\"vertical-align: inherit;\">Il reattore di linea<\/span><\/strong><span style=\"vertical-align: inherit;\"> viene utilizzato per regolare la forma d&#8217;onda dell&#8217;unit\u00e0 ascensore. Queste forme d&#8217;onda proteggono gli azionamenti dall&#8217;interruzione della linea o da altri possibili danni stabilizzando le sovratensioni o le sottotensioni. Inoltre, \u00e8 molto utile per proteggere l&#8217;azionamento in caso di situazioni di cortocircuito del motore.<\/span><\/p>\n<p><span style=\"vertical-align: inherit;\">Quindi <\/span><strong><span style=\"vertical-align: inherit;\">a cosa serve un reattore di linea di ingresso CA<\/span><\/strong><span style=\"vertical-align: inherit;\"> ? Come dicevamo, \u00e8 un sistema di garanzia in caso di corto circuito. Quando il trasformatore di alimentazione \u00e8 pi\u00f9 alto del convertitore, in genere si desidera utilizzare una reattanza di linea.<\/span><\/p>\n<p><span style=\"vertical-align: inherit;\">Come ISF Elevator, i nostri tipi di reattori di linea sono questi;<\/span><\/p>\n<h4 class=\"cbox02A-01 ff-hd-06 productName\"><span style=\"vertical-align: inherit;\">Reattore di linea trifasico 14A<\/span><\/h4>\n<h4 class=\"cbox02A-01 ff-hd-06 productName\"><span style=\"vertical-align: inherit;\">17A Reattanza di linea trifasica<\/span><\/h4>\n<h4 class=\"cbox02A-01 ff-hd-06 productName\"><span style=\"vertical-align: inherit;\">Reattore di linea trifase 26A<\/span><\/h4>\n<h4 class=\"cbox02A-01 ff-hd-06 productName\"><span style=\"vertical-align: inherit;\">Reattanza di linea trifase 35A<\/span><\/h4>\n<h4 class=\"cbox02A-01 ff-hd-06 productName\"><span style=\"vertical-align: inherit;\">Reattanza di linea trifase da 50 A<\/span><\/h4>\n<h4 class=\"cbox02A-01 ff-hd-06 productName\"><span style=\"vertical-align: inherit;\">Reattanza di linea trifase 75A<\/span><\/h4>\n","protected":false},"excerpt":{"rendered":"<h4 class=\"cbox02A-01 ff-hd-06 productName\"><span style=\"vertical-align: inherit;\">Reattanza di linea trifase da 14 A, 17 A, 26 A, 35 A, 50 A e 75 A<\/span><\/h4>\n","protected":false},"featured_media":994001,"comment_status":"open","ping_status":"closed","template":"","meta":[],"product_brand":[],"product_cat":[684,690],"product_tag":[],"class_list":{"0":"post-995644","1":"product","2":"type-product","3":"status-publish","4":"has-post-thumbnail","6":"product_cat-controllori-dellascensore","7":"product_cat-unita-ausiliarie-controllori-dellascensore","9":"first","10":"instock","11":"shipping-taxable","12":"product-type-simple","13":"prodpage-style2"},"_links":{"self":[{"href":"https:\/\/isfelevator.com\/it\/wp-json\/wp\/v2\/product\/995644","targetHints":{"allow":["GET"]}}],"collection":[{"href":"https:\/\/isfelevator.com\/it\/wp-json\/wp\/v2\/product"}],"about":[{"href":"https:\/\/isfelevator.com\/it\/wp-json\/wp\/v2\/types\/product"}],"replies":[{"embeddable":true,"href":"https:\/\/isfelevator.com\/it\/wp-json\/wp\/v2\/comments?post=995644"}],"wp:featuredmedia":[{"embeddable":true,"href":"https:\/\/isfelevator.com\/it\/wp-json\/wp\/v2\/media\/994001"}],"wp:attachment":[{"href":"https:\/\/isfelevator.com\/it\/wp-json\/wp\/v2\/media?parent=995644"}],"wp:term":[{"taxonomy":"product_brand","embeddable":true,"href":"https:\/\/isfelevator.com\/it\/wp-json\/wp\/v2\/product_brand?post=995644"},{"taxonomy":"product_cat","embeddable":true,"href":"https:\/\/isfelevator.com\/it\/wp-json\/wp\/v2\/product_cat?post=995644"},{"taxonomy":"product_tag","embeddable":true,"href":"https:\/\/isfelevator.com\/it\/wp-json\/wp\/v2\/product_tag?post=995644"}],"curies":[{"name":"wp","href":"https:\/\/api.w.org\/{rel}","templated":true}]}}