{"id":995623,"date":"2023-02-24T13:08:58","date_gmt":"2023-02-24T13:08:58","guid":{"rendered":"https:\/\/isfelevator.com\/product\/km-30s-door-control-boards\/"},"modified":"2023-02-25T15:32:53","modified_gmt":"2023-02-25T15:32:53","slug":"schede-di-controllo-della-porta-km-30s","status":"publish","type":"product","link":"https:\/\/isfelevator.com\/it\/product\/schede-di-controllo-della-porta-km-30s\/","title":{"rendered":"Schede di controllo della porta KM-30S"},"content":{"rendered":"<p><strong><span style=\"vertical-align: inherit;\">Schede di controllo della porta KM-30S.<\/span><\/strong><\/p>\n<p><strong><span class=\"blueHeaderA\"><span style=\"vertical-align: inherit;\">Gravi e irregolari<\/span><\/span><\/strong><\/p>\n<p><span style=\"vertical-align: inherit;\">Il software avanzato ammorbidisce la S nelle rampe di navigazione e consente movimenti fluidi ma fluidi dei movimenti della porta senza algoritmo senza fine corsa<\/span><\/p>\n<p><strong><span class=\"blueHeaderA\"><span style=\"vertical-align: inherit;\">Nessun finecorsa richiesto<\/span><\/span><\/strong><\/p>\n<p><span style=\"vertical-align: inherit;\">L&#8217;operatore della porta non necessita di finecorsa per il funzionamento. Le schede di controllo della porta KM-30S sono molto utili sulla larghezza della porta, le posizioni di apertura e chiusura della porta vengono rilevate automaticamente<\/span><\/p>\n<p><span style=\"vertical-align: inherit;\">Quando la porta \u00e8 bloccata, il cicalino viene riattivato. L&#8217;inceppamento viene fatto passare lentamente attraverso la zona percepita per evitare danni ai passeggeri e alla porta<\/span><\/p>\n<p><strong><span class=\"blueHeaderA\"><span style=\"vertical-align: inherit;\">Delegazione<\/span><\/span><\/strong><\/p>\n<p><span style=\"vertical-align: inherit;\">In termini di sicurezza, esigenze necessarie e facilit\u00e0 di configurazione, l&#8217;accesso al menu \u00e8 stato autorizzato. Sono stati assegnati diversi livelli di autorit\u00e0 per accedere al menu: livello produttore, livello base e livello ristretto<\/span><\/p>\n<p><strong><span class=\"blueHeaderA\"><span style=\"vertical-align: inherit;\">Ampia capacit\u00e0 di parametri<\/span><\/span><\/strong><\/p>\n<p><span style=\"vertical-align: inherit;\">Per i produttori, \u00e8 possibile inserire parametri come il rapporto di riduzione del motore, i giri del motore, la circonferenza della puleggia motrice, la zona di apertura del cucchiaio, ecc. per la flessibilit\u00e0 dell&#8217;applicazione<\/span><\/p>\n","protected":false},"excerpt":{"rendered":"<ul>\n<li><span style=\"vertical-align: inherit;\"><span style=\"vertical-align: inherit;\">Porta completamente aperta \/ completamente chiusa<\/span><\/span><\/li>\n<li><span style=\"vertical-align: inherit;\"><span style=\"vertical-align: inherit;\">Uscita porta bloccata o fotocellula attiva<\/span><\/span><\/li>\n<li><span style=\"vertical-align: inherit;\"><span style=\"vertical-align: inherit;\">Uscita contatto rel\u00e8. <\/span><span style=\"vertical-align: inherit;\">Per 3A, 250VAC o 30VDC<\/span><\/span><\/li>\n<li><span style=\"vertical-align: inherit;\"><span style=\"vertical-align: inherit;\">Segnalazione porta aperta\/chiusa<\/span><\/span><\/li>\n<li><span style=\"vertical-align: inherit;\"><span style=\"vertical-align: inherit;\">Segnale lento \/ segnale veloce<\/span><\/span><\/li>\n<li><span style=\"vertical-align: inherit;\"><span style=\"vertical-align: inherit;\">Segnale fotocellula<\/span><\/span><\/li>\n<li><span style=\"vertical-align: inherit;\"><span style=\"vertical-align: inherit;\">Segnale di terra<\/span><\/span><\/li>\n<li><span style=\"vertical-align: inherit;\"><span style=\"vertical-align: inherit;\">La scheda per porte KM-30S \u00e8 adatta per l&#8217;uso su porte di ascensori antincendio<\/span><\/span><\/li>\n<li><span style=\"vertical-align: inherit;\"><span style=\"vertical-align: inherit;\">Con l&#8217;ingresso del segnale a bassa velocit\u00e0, il segnale della fotocellula viene bloccato durante il taglio della fotocellula a lungo termine e le porte vengono chiuse a bassa velocit\u00e0 (modalit\u00e0 Nudging)<\/span><\/span><\/li>\n<li><span style=\"vertical-align: inherit;\"><span style=\"vertical-align: inherit;\">Velocit\u00e0 della porta, posizione della porta e stato di funzionamento in funzionamento normale ed errore in caso di funzionamento normale<\/span><\/span><\/li>\n<\/ul>\n","protected":false},"featured_media":993989,"comment_status":"open","ping_status":"closed","template":"","meta":[],"product_brand":[],"product_cat":[684,774],"product_tag":[],"class_list":{"0":"post-995623","1":"product","2":"type-product","3":"status-publish","4":"has-post-thumbnail","6":"product_cat-controllori-dellascensore","7":"product_cat-controllori-di-porta","9":"first","10":"instock","11":"shipping-taxable","12":"product-type-simple","13":"prodpage-style2"},"_links":{"self":[{"href":"https:\/\/isfelevator.com\/it\/wp-json\/wp\/v2\/product\/995623","targetHints":{"allow":["GET"]}}],"collection":[{"href":"https:\/\/isfelevator.com\/it\/wp-json\/wp\/v2\/product"}],"about":[{"href":"https:\/\/isfelevator.com\/it\/wp-json\/wp\/v2\/types\/product"}],"replies":[{"embeddable":true,"href":"https:\/\/isfelevator.com\/it\/wp-json\/wp\/v2\/comments?post=995623"}],"wp:featuredmedia":[{"embeddable":true,"href":"https:\/\/isfelevator.com\/it\/wp-json\/wp\/v2\/media\/993989"}],"wp:attachment":[{"href":"https:\/\/isfelevator.com\/it\/wp-json\/wp\/v2\/media?parent=995623"}],"wp:term":[{"taxonomy":"product_brand","embeddable":true,"href":"https:\/\/isfelevator.com\/it\/wp-json\/wp\/v2\/product_brand?post=995623"},{"taxonomy":"product_cat","embeddable":true,"href":"https:\/\/isfelevator.com\/it\/wp-json\/wp\/v2\/product_cat?post=995623"},{"taxonomy":"product_tag","embeddable":true,"href":"https:\/\/isfelevator.com\/it\/wp-json\/wp\/v2\/product_tag?post=995623"}],"curies":[{"name":"wp","href":"https:\/\/api.w.org\/{rel}","templated":true}]}}