{"id":994403,"date":"2023-02-24T13:09:58","date_gmt":"2023-02-24T13:09:58","guid":{"rendered":"https:\/\/isfelevator.com\/product\/load-weighing-device\/"},"modified":"2023-02-24T16:37:58","modified_gmt":"2023-02-24T16:37:58","slug":"dispositivo-di-pesatura","status":"publish","type":"product","link":"https:\/\/isfelevator.com\/it\/product\/dispositivo-di-pesatura\/","title":{"rendered":"Dispositivo di pesatura"},"content":{"rendered":"<p>Questi dispositivi sono anche molto importanti per garantire la sicurezza degli ascensori. I sistemi di ascensori hanno un limite specificato per trasportare in un solo viaggio. Quindi, dobbiamo usare un elemento per misurare il carico, che \u00e8 un dispositivo di pesatura del carico.<\/p>\n","protected":false},"excerpt":{"rendered":"<p>UNIT\u00c0 DI CONTROLLO ELETTRONICA UNIVERSALE La unit\u00e0 di controllo universale LM3D \u00e8 la pi\u00f9 completa unit\u00e0 di controllo che ha tutte le possibili opzioni disponibili per controllare il carico negli ascensori e nei sollevatori.<\/p>\n","protected":false},"featured_media":994169,"comment_status":"open","ping_status":"closed","template":"","meta":[],"product_brand":[],"product_cat":[648],"product_tag":[],"class_list":{"0":"post-994403","1":"product","2":"type-product","3":"status-publish","4":"has-post-thumbnail","6":"product_cat-dispositivi-di-pesatura-del-carico","8":"first","9":"instock","10":"shipping-taxable","11":"product-type-simple","12":"prodpage-style2"},"_links":{"self":[{"href":"https:\/\/isfelevator.com\/it\/wp-json\/wp\/v2\/product\/994403","targetHints":{"allow":["GET"]}}],"collection":[{"href":"https:\/\/isfelevator.com\/it\/wp-json\/wp\/v2\/product"}],"about":[{"href":"https:\/\/isfelevator.com\/it\/wp-json\/wp\/v2\/types\/product"}],"replies":[{"embeddable":true,"href":"https:\/\/isfelevator.com\/it\/wp-json\/wp\/v2\/comments?post=994403"}],"wp:featuredmedia":[{"embeddable":true,"href":"https:\/\/isfelevator.com\/it\/wp-json\/wp\/v2\/media\/994169"}],"wp:attachment":[{"href":"https:\/\/isfelevator.com\/it\/wp-json\/wp\/v2\/media?parent=994403"}],"wp:term":[{"taxonomy":"product_brand","embeddable":true,"href":"https:\/\/isfelevator.com\/it\/wp-json\/wp\/v2\/product_brand?post=994403"},{"taxonomy":"product_cat","embeddable":true,"href":"https:\/\/isfelevator.com\/it\/wp-json\/wp\/v2\/product_cat?post=994403"},{"taxonomy":"product_tag","embeddable":true,"href":"https:\/\/isfelevator.com\/it\/wp-json\/wp\/v2\/product_tag?post=994403"}],"curies":[{"name":"wp","href":"https:\/\/api.w.org\/{rel}","templated":true}]}}