{"id":996968,"date":"2023-02-24T13:04:18","date_gmt":"2023-02-24T13:04:18","guid":{"rendered":"https:\/\/isfelevator.com\/product\/arl-200s-elevator-controller-units\/"},"modified":"2023-02-28T09:24:56","modified_gmt":"2023-02-28T09:24:56","slug":"unites-de-controle-dascenseur-arl-200s","status":"publish","type":"product","link":"https:\/\/isfelevator.com\/fr\/product\/unites-de-controle-dascenseur-arl-200s\/","title":{"rendered":"Unit\u00e9s de contr\u00f4le d&rsquo;ascenseur ARL 200S"},"content":{"rendered":"<p><strong><span style=\"vertical-align: inherit;\">Unit\u00e9s de contr\u00f4le d&rsquo;ascenseur ARL 200S<\/span><\/strong><\/p>\n<p><span style=\"vertical-align: inherit;\">CARACT\u00c9RISTIQUES Peut \u00eatre utilis\u00e9 \u00e0 n&rsquo;importe quel type de commande jusqu&rsquo;\u00e0 16 \u00e9tages. Tous les param\u00e8tres du syst\u00e8me peuvent \u00eatre ajust\u00e9s par l&rsquo;utilisateur via les boutons et l&rsquo;\u00e9cran LCD sur la carte. Peut \u00eatre utilis\u00e9 en fonctionnement group\u00e9 jusqu&rsquo;\u00e0 deux ascenseurs. Tous les panneaux du groupe sont identiques et aucun panneau suppl\u00e9mentaire n&rsquo;est n\u00e9cessaire. La seule chose \u00e0 faire est de d\u00e9finir chaque panneau comme A, B et C dans le menu du programme. Compatible avec les pilotes VVVF. Seuls deux c\u00e2bles sont n\u00e9cessaires pour la communication de groupe. La d\u00e9tection d&rsquo;\u00e9tage est effectu\u00e9e par un syst\u00e8me de compteur. Seuls 3 interrupteurs magn\u00e9tiques pour les syst\u00e8mes \u00e0 une vitesse et 4 pour les syst\u00e8mes \u00e0 deux vitesses, y compris les interrupteurs de fin de course, sont utilis\u00e9s pour n&rsquo;importe quel nombre d&rsquo;\u00e9tages. Un code d&rsquo;erreur avec son explication s&rsquo;affiche sur l&rsquo;\u00e9cran LCD en cas de condition anormale.<\/span><\/p>\n<p><span style=\"vertical-align: inherit;\">(Ex. H1 : La porte ne peut pas \u00eatre verrouill\u00e9e) Dans des conditions normales, l&rsquo;ascenseur peut \u00eatre surveill\u00e9 par des messages sur l&rsquo;\u00e9cran LCD. (ARL 200S Attend les appels, haut d\u00e9bit, bas d\u00e9bit, inspection) Options de menu en turc, anglais, n\u00e9erlandais, roumain, fran\u00e7ais. Chaque \u00e9tage peut \u00eatre nomm\u00e9 par un caract\u00e8re alphanum\u00e9rique. (L,P,E,F,H,b,o,0, 1,2,3\u2026..) Les sorties 7 segments et de signalisation sont prot\u00e9g\u00e9es contre les courts-circuits. Dans un cas de court-circuit, la sortie concern\u00e9e est ferm\u00e9e jusqu&rsquo;\u00e0 ce que le probl\u00e8me soit r\u00e9solu et un message indiquant quelle sortie est en court-circuit s&rsquo;affiche sur l&rsquo;\u00e9cran LCD. (court-circuit du segment D) Seuls 15 c\u00e2bles suffisent pour qu&rsquo;un syst\u00e8me fonctionne en utilisant une connexion de voiture en s\u00e9rie (FX_SERI) qui r\u00e9duit les co\u00fbts de main-d&rsquo;\u0153uvre et de c\u00e2ble. Aucun interrupteur suppl\u00e9mentaire n&rsquo;est n\u00e9cessaire aux remont\u00e9es \u00e0 grande vitesse (1,6 m\/sec) pour le ralentissement pr\u00e9coce. Con\u00e7u selon la norme europ\u00e9enne des ascenseurs EN-81.<\/span><\/p>\n","protected":false},"excerpt":{"rendered":"<p><strong><span style=\"vertical-align: inherit;\">ARL 200S<\/span><\/strong><span style=\"vertical-align: inherit;\"> Contr\u00f4leur \u00e9conomique pour ascenseur \u00e0 traction Peut \u00eatre utilis\u00e9 \u00e0 n&rsquo;importe quel type de commande jusqu&rsquo;\u00e0 16 \u00e9tages.<\/span><\/p>\n","protected":false},"featured_media":992409,"comment_status":"open","ping_status":"closed","template":"","meta":[],"product_brand":[],"product_cat":[682,742],"product_tag":[],"class_list":{"0":"post-996968","1":"product","2":"type-product","3":"status-publish","4":"has-post-thumbnail","6":"product_cat-controleurs-dascenseur","7":"product_cat-unites-de-controle-dascenseur","9":"first","10":"instock","11":"shipping-taxable","12":"product-type-simple","13":"prodpage-style2"},"_links":{"self":[{"href":"https:\/\/isfelevator.com\/fr\/wp-json\/wp\/v2\/product\/996968","targetHints":{"allow":["GET"]}}],"collection":[{"href":"https:\/\/isfelevator.com\/fr\/wp-json\/wp\/v2\/product"}],"about":[{"href":"https:\/\/isfelevator.com\/fr\/wp-json\/wp\/v2\/types\/product"}],"replies":[{"embeddable":true,"href":"https:\/\/isfelevator.com\/fr\/wp-json\/wp\/v2\/comments?post=996968"}],"wp:featuredmedia":[{"embeddable":true,"href":"https:\/\/isfelevator.com\/fr\/wp-json\/wp\/v2\/media\/992409"}],"wp:attachment":[{"href":"https:\/\/isfelevator.com\/fr\/wp-json\/wp\/v2\/media?parent=996968"}],"wp:term":[{"taxonomy":"product_brand","embeddable":true,"href":"https:\/\/isfelevator.com\/fr\/wp-json\/wp\/v2\/product_brand?post=996968"},{"taxonomy":"product_cat","embeddable":true,"href":"https:\/\/isfelevator.com\/fr\/wp-json\/wp\/v2\/product_cat?post=996968"},{"taxonomy":"product_tag","embeddable":true,"href":"https:\/\/isfelevator.com\/fr\/wp-json\/wp\/v2\/product_tag?post=996968"}],"curies":[{"name":"wp","href":"https:\/\/api.w.org\/{rel}","templated":true}]}}