{"id":996960,"date":"2023-08-29T13:04:18","date_gmt":"2023-08-29T13:04:18","guid":{"rendered":"https:\/\/isfelevator.com\/product\/arl-300-elevator-controller-units\/"},"modified":"2023-02-28T09:18:40","modified_gmt":"2023-02-28T09:18:40","slug":"unites-de-controle-dascenseur-arl-300","status":"publish","type":"product","link":"https:\/\/isfelevator.com\/fr\/product\/unites-de-controle-dascenseur-arl-300\/","title":{"rendered":"Unit\u00e9s de contr\u00f4le d&rsquo;ascenseur ARL 300"},"content":{"rendered":"<p><strong><span style=\"vertical-align: inherit;\">Unit\u00e9s de contr\u00f4le d&rsquo;ascenseur ARL 300<\/span><\/strong><\/p>\n<p><strong><span style=\"vertical-align: inherit;\">ARL 300<\/span><\/strong><span style=\"vertical-align: inherit;\"> CARACT\u00c9RISTIQUES G\u00c9N\u00c9RALES Nombre d&rsquo;arr\u00eats : 24 arr\u00eats Type de commande : Bouton-poussoir simple Type de conduite : Deux vitesses, hydraulique, VVVF Vitesse r\u00e9gul\u00e9e, Machine \u00e0 engrenages, Machine sans engrenage (avec ou sans salle des machines) Fonctionnement en groupe : Jusqu&rsquo;\u00e0 4 ascenseurs Communication s\u00e9rie : Avec cabine Positionnement cabine : Avec interrupteurs magn\u00e9tiques Compatible avec les ascenseurs \u00e0 deux vitesses, VVVF (avec et sans engrenage) et hydrauliques. Peut \u00eatre utilis\u00e9 \u00e0 n&rsquo;importe quel type de commande jusqu&rsquo;\u00e0 24 arr\u00eats. Circuit de s\u00e9curit\u00e9 de pontage de porte int\u00e9gr\u00e9 pour la pr\u00e9-ouverture et le renivellement de la porte avec les portes ouvertes. Ce circuit de protection moteur-phase int\u00e9gr\u00e9. Entr\u00e9es et sorties de contr\u00f4le de porte automatique int\u00e9gr\u00e9es pour une seule porte.<\/span><\/p>\n<p><span style=\"vertical-align: inherit;\">Descente d&rsquo;urgence avec batteries 2x12V pour ascenseurs hydrauliques. Le chargeur ARL-SARJ contr\u00f4le la charge de la batterie. Fonctions d&rsquo;\u00e9vacuation d&rsquo;urgence pour ascenseurs \u00e9lectriques. Connexion facile avec seulement 15 c\u00e2bles en utilisant des cartes d&rsquo;installation de voiture en s\u00e9rie qui r\u00e9duisent les co\u00fbts de main-d&rsquo;\u0153uvre et de c\u00e2ble. Les cartes de connexion, qui sont utilis\u00e9es \u00e0 la place des bornes du panneau, sont fournies avec des c\u00e2bles de connexion parall\u00e8les flexibles, ce qui permet d&rsquo;\u00e9conomiser des bornes de connexion suppl\u00e9mentaires sur le panneau de commande.<\/span><\/p>\n<p><span style=\"vertical-align: inherit;\">FONCTIONS SUPPL\u00c9MENTAIRES Intervention des sapeurs-pompiers et intervention d&rsquo;urgence lors d&rsquo;un incendie. Entr\u00e9e panique et fonction d&rsquo;\u00e9vacuation en \u00e9tat de panique. Fonction de priorit\u00e9 de cabine avec un type de commande r\u00e9glable (commandes de cabine simples, derni\u00e8res ou multiples). Arr\u00eat de stationnement r\u00e9glable et dur\u00e9e de destination \u00e0 l&rsquo;arr\u00eat de stationnement. Limitation des commandes maximales de la voiture. Configuration des indicateurs pour afficher uniquement la direction collective ou les directions actuelles et collectives ensemble.<\/span><\/p>\n<p><span style=\"vertical-align: inherit;\">Param\u00e8tres de temps de gong r\u00e9glables (par exemple lors de l&rsquo;ouverture des portes ou lorsque l&rsquo;ascenseur s&rsquo;arr\u00eate). Protection par mot de passe de l&rsquo;acc\u00e8s au menu et d\u00e9sactivation du syst\u00e8me apr\u00e8s le temps de maintenance. Donner une commande \u00e0 un \u00e9tage sp\u00e9cifique ou donner des appels al\u00e9atoires par le clavier de la carte m\u00e8re. Fonctionnement \u00e0 vitesse lente par le clavier sur la carte m\u00e8re.<\/span><\/p>\n<p><span style=\"vertical-align: inherit;\">INTERFACE UTILISATEUR Tous les param\u00e8tres du syst\u00e8me peuvent \u00eatre r\u00e9gl\u00e9s par l&rsquo;utilisateur via les boutons et l&rsquo;\u00e9cran LCD de la carte m\u00e8re. R\u00e9glage du contraste LCD r\u00e9glable dans le menu. Options de menu en turc, anglais, russe, n\u00e9erlandais, roumain, allemand, italien.<\/span><\/p>\n<p><span style=\"vertical-align: inherit;\">CONFORMIT\u00c9 CEM test\u00e9 et v\u00e9rifi\u00e9. Conformit\u00e9 totale \u00e0 la directive europ\u00e9enne sur les ascenseurs EN81-1\/2 +A3.<\/span><\/p>\n","protected":false},"excerpt":{"rendered":"<p><strong><span style=\"vertical-align: inherit;\">ARL 300<\/span><\/strong><span style=\"vertical-align: inherit;\"> Contr\u00f4leurs d&rsquo;ascenseurs pour ascenseurs \u00e0 traction et hydrauliques. Jusqu&rsquo;\u00e0 24 \u00e9tages avec communication parall\u00e8le.<\/span><\/p>\n","protected":false},"featured_media":992403,"comment_status":"open","ping_status":"closed","template":"","meta":[],"product_brand":[],"product_cat":[682,742],"product_tag":[],"class_list":{"0":"post-996960","1":"product","2":"type-product","3":"status-publish","4":"has-post-thumbnail","6":"product_cat-controleurs-dascenseur","7":"product_cat-unites-de-controle-dascenseur","9":"first","10":"instock","11":"shipping-taxable","12":"product-type-simple","13":"prodpage-style2"},"_links":{"self":[{"href":"https:\/\/isfelevator.com\/fr\/wp-json\/wp\/v2\/product\/996960","targetHints":{"allow":["GET"]}}],"collection":[{"href":"https:\/\/isfelevator.com\/fr\/wp-json\/wp\/v2\/product"}],"about":[{"href":"https:\/\/isfelevator.com\/fr\/wp-json\/wp\/v2\/types\/product"}],"replies":[{"embeddable":true,"href":"https:\/\/isfelevator.com\/fr\/wp-json\/wp\/v2\/comments?post=996960"}],"wp:featuredmedia":[{"embeddable":true,"href":"https:\/\/isfelevator.com\/fr\/wp-json\/wp\/v2\/media\/992403"}],"wp:attachment":[{"href":"https:\/\/isfelevator.com\/fr\/wp-json\/wp\/v2\/media?parent=996960"}],"wp:term":[{"taxonomy":"product_brand","embeddable":true,"href":"https:\/\/isfelevator.com\/fr\/wp-json\/wp\/v2\/product_brand?post=996960"},{"taxonomy":"product_cat","embeddable":true,"href":"https:\/\/isfelevator.com\/fr\/wp-json\/wp\/v2\/product_cat?post=996960"},{"taxonomy":"product_tag","embeddable":true,"href":"https:\/\/isfelevator.com\/fr\/wp-json\/wp\/v2\/product_tag?post=996960"}],"curies":[{"name":"wp","href":"https:\/\/api.w.org\/{rel}","templated":true}]}}