{"id":996951,"date":"2023-02-24T13:04:18","date_gmt":"2023-02-24T13:04:18","guid":{"rendered":"https:\/\/isfelevator.com\/product\/arl-500-elevator-controller-units\/"},"modified":"2023-02-28T09:11:22","modified_gmt":"2023-02-28T09:11:22","slug":"unites-de-controle-dascenseur-arl-500","status":"publish","type":"product","link":"https:\/\/isfelevator.com\/fr\/product\/unites-de-controle-dascenseur-arl-500\/","title":{"rendered":"Unit\u00e9s de contr\u00f4le d&rsquo;ascenseur ARL 500"},"content":{"rendered":"<p><strong><span style=\"vertical-align: inherit;\">Unit\u00e9s de contr\u00f4le d&rsquo;ascenseur ARL 500<\/span><\/strong><\/p>\n<p><span style=\"vertical-align: inherit;\">CARACT\u00c9RISTIQUES DU SYST\u00c8ME Compatible avec les ascenseurs \u00e0 c\u00e2ble et hydrauliques jusqu&rsquo;\u00e0 48 arr\u00eats Peut fonctionner pour des ascenseurs avec des vitesses allant jusqu&rsquo;\u00e0 2,5 m\/s Peut fonctionner dans des syst\u00e8mes collectifs mont\u00e9e\/descente et collectifs complets Peut fonctionner en groupes jusqu&rsquo;\u00e0 8 ascenseurs Peut obtenir des donn\u00e9es de position de cabine par un encodeur ou par interrupteurs magn\u00e9tiques Communication s\u00e9rie rapide et s\u00e9curis\u00e9e avec les unit\u00e9s cabine et palier via CANbus Solutions flexibles sp\u00e9cifiques \u00e0 une application par des entr\u00e9es\/sorties librement programmables plac\u00e9es sur les tableaux principaux, cabine et palier Pr\u00e9-ouverture et remise \u00e0 niveau des portes par relais de pontage de porte internes Commande de porte automatique ind\u00e9pendante par rapport aux arr\u00eats par double support de porte Circuit de protection interne du moteur \u00e0 ordre de phase Sorties d&rsquo;alimentation et de signalisation prot\u00e9g\u00e9es contre les courts-circuits. Peut stocker les 200 derni\u00e8res erreurs avec la date, l&rsquo;heure et le num\u00e9ro d&rsquo;arr\u00eat permettant un suivi d\u00e9taill\u00e9 des erreurs 2 CANBus.<\/span><\/p>\n<p><span style=\"vertical-align: inherit;\">INSTALLATION PR\u00c9-C\u00c2BL\u00c9E Connexions aux unit\u00e9s de cabine avec prises Connexions aux contacts des portes d&rsquo;\u00e9tage avec prises Connexions \u00e0 l&rsquo;unit\u00e9 de fosse avec prises INTERFACE UTILISATEUR R\u00e9glage facile des param\u00e8tres gr\u00e2ce au large \u00e9cran LCD graphique. Clavier \u00e0 6 boutons et menu instructif Disponibilit\u00e9 de plusieurs langues dans le menu : turc, anglais, russe, n\u00e9erlandais, polonais, su\u00e9dois, fran\u00e7ais et italien Contr\u00f4le de la carte m\u00e8re ARL-500 et de l&rsquo;onduleur ADrive VVVF \u00e0 partir de n&rsquo;importe quel point \u00e0 l&rsquo;aide d&rsquo;un terminal connect\u00e9 \u00e0 la ligne CANbus Capacit\u00e9 pour surveiller et effectuer des r\u00e9glages sur les ascenseurs \u00e0 distance via Internet\/LAN \u00e0 l&rsquo;aide du logiciel ARKEL Vision Possibilit\u00e9 de t\u00e9l\u00e9charger\/t\u00e9l\u00e9charger les param\u00e8tres du contr\u00f4leur ARL-500 \u00e0 l&rsquo;aide du logiciel ARL-500 Parameter Tool Possibilit\u00e9 de mettre \u00e0 jour le logiciel de la carte m\u00e8re via un ordinateur \u00e0 l&rsquo;aide du micrologiciel ARKEL Logiciel de mise \u00e0 jour<\/span><\/p>\n<p><span style=\"vertical-align: inherit;\">FONCTIONS SUPPL\u00c9MENTAIRES Protection par mot de passe de l&rsquo;acc\u00e8s au menu et d\u00e9sactivation d&rsquo;un temps de suivi du syst\u00e8me Service pompier et op\u00e9ration d&rsquo;urgence lors d&rsquo;un incendie Op\u00e9ration de secours d&rsquo;urgence pour les ascenseurs \u00e9lectriques ou hydrauliques Entr\u00e9e panique et op\u00e9ration d&rsquo;\u00e9vacuation pendant la phase de panique Ajustement du plancher de stationnement \u00e0 diff\u00e9rents niveaux selon la journ\u00e9e Annulation de acc\u00e8s aux \u00e9tages souhait\u00e9s Compteurs d&rsquo;informations sur les trajets Fl\u00e8ches directionnelles et param\u00e8tres de type d\u00e9filement de texte pour les affichages \u00e0 matrice de points Messages d&rsquo;avertissement saisis par l&rsquo;utilisateur \u00e0 afficher sous forme de messages de d\u00e9filement dans les affichages \u00e0 matrice de points Fonction de test sp\u00e9ciale pour tester les connexions et les r\u00e9glages du fonctionnement de la cabine et du palier panneaux R\u00e9glages du son du gong et des boutons dans les panneaux de boutons de cabine et d&rsquo;\u00e9tage Annulation des appels redondants par le contr\u00f4le des cellules photo\u00e9lectriques Possibilit\u00e9 d&rsquo;accepter les appels d&rsquo;\u00e9tage dans une directionles appels enregistr\u00e9s depuis la voiture Possibilit\u00e9 d&rsquo;annuler les appels de la voiture en appuyant deux fois<\/span><\/p>\n<p><span style=\"vertical-align: inherit;\">CONFORMIT\u00c9 CEM test\u00e9 et v\u00e9rifi\u00e9 Enti\u00e8rement conforme aux normes EN 81-1 et EN 81-2 en tant que contr\u00f4leur d&rsquo;ascenseur complet<\/span><\/p>\n","protected":false},"excerpt":{"rendered":"<p><strong><span style=\"vertical-align: inherit;\">ARL-500<\/span><\/strong><span style=\"vertical-align: inherit;\"> Le contr\u00f4leur ARL 500 comprend de nombreuses fonctionnalit\u00e9s qui ont \u00e9t\u00e9 d\u00e9velopp\u00e9es pour un contr\u00f4leur d&rsquo;ascenseur qui fonctionne plus efficacement. Le contr\u00f4le de l&rsquo;ascenseur ne peut \u00eatre fa\u00e7onn\u00e9 que par quelques ajustements de param\u00e8tres\u00a0; aucune carte ou logiciel suppl\u00e9mentaire n&rsquo;est n\u00e9cessaire.<\/span><\/p>\n","protected":false},"featured_media":992397,"comment_status":"open","ping_status":"closed","template":"","meta":[],"product_brand":[],"product_cat":[682,742],"product_tag":[],"class_list":{"0":"post-996951","1":"product","2":"type-product","3":"status-publish","4":"has-post-thumbnail","6":"product_cat-controleurs-dascenseur","7":"product_cat-unites-de-controle-dascenseur","9":"first","10":"instock","11":"shipping-taxable","12":"product-type-simple","13":"prodpage-style2"},"_links":{"self":[{"href":"https:\/\/isfelevator.com\/fr\/wp-json\/wp\/v2\/product\/996951","targetHints":{"allow":["GET"]}}],"collection":[{"href":"https:\/\/isfelevator.com\/fr\/wp-json\/wp\/v2\/product"}],"about":[{"href":"https:\/\/isfelevator.com\/fr\/wp-json\/wp\/v2\/types\/product"}],"replies":[{"embeddable":true,"href":"https:\/\/isfelevator.com\/fr\/wp-json\/wp\/v2\/comments?post=996951"}],"wp:featuredmedia":[{"embeddable":true,"href":"https:\/\/isfelevator.com\/fr\/wp-json\/wp\/v2\/media\/992397"}],"wp:attachment":[{"href":"https:\/\/isfelevator.com\/fr\/wp-json\/wp\/v2\/media?parent=996951"}],"wp:term":[{"taxonomy":"product_brand","embeddable":true,"href":"https:\/\/isfelevator.com\/fr\/wp-json\/wp\/v2\/product_brand?post=996951"},{"taxonomy":"product_cat","embeddable":true,"href":"https:\/\/isfelevator.com\/fr\/wp-json\/wp\/v2\/product_cat?post=996951"},{"taxonomy":"product_tag","embeddable":true,"href":"https:\/\/isfelevator.com\/fr\/wp-json\/wp\/v2\/product_tag?post=996951"}],"curies":[{"name":"wp","href":"https:\/\/api.w.org\/{rel}","templated":true}]}}