{"id":996942,"date":"2023-02-24T13:04:18","date_gmt":"2023-02-24T13:04:18","guid":{"rendered":"https:\/\/isfelevator.com\/product\/arl-700-elevator-controller-units\/"},"modified":"2023-02-28T09:04:00","modified_gmt":"2023-02-28T09:04:00","slug":"unites-de-controle-dascenseur-arl-700","status":"publish","type":"product","link":"https:\/\/isfelevator.com\/fr\/product\/unites-de-controle-dascenseur-arl-700\/","title":{"rendered":"Unit\u00e9s de contr\u00f4le d&rsquo;ascenseur ARL 700"},"content":{"rendered":"<p><strong><span style=\"vertical-align: inherit;\">Unit\u00e9s de contr\u00f4le d&rsquo;ascenseur ARL 700<\/span><\/strong><\/p>\n<p><strong><span style=\"vertical-align: inherit;\">Caract\u00e9ristiques de l&rsquo;ARL 700<\/span><\/strong><span style=\"vertical-align: inherit;\"> : \u2022 Compatibilit\u00e9 avec la norme EN81-20 (pont de porte int\u00e9gr\u00e9 contr\u00f4lant les relais de s\u00e9curit\u00e9). \u2022 Jusqu&rsquo;\u00e0 16 \u00e9tages avec communication parall\u00e8le. \u2022 Jusqu&rsquo;\u00e0 64 \u00e9tages avec communication s\u00e9rie (CANBus). \u2022 Support voiture \u00e0 deux entr\u00e9es (avec portes automatiques ou battantes). \u2022 Prise en charge de groupe jusqu&rsquo;\u00e0 8 ascenseurs. \u2022 Fonctions de remise \u00e0 niveau et de pr\u00e9-ouverture avec relais de s\u00e9curit\u00e9 int\u00e9gr\u00e9s. \u2022 Compatibilit\u00e9 totale avec toutes les cartes p\u00e9riph\u00e9riques Arcode disponibles (\u00e9crans, cartes de communication de voiture, contr\u00f4leurs de porte, etc.). \u2022 Communications automobiles; en option avec carte Arcode IBC+CBC ou avec carte FX-CAN.<\/span><\/p>\n<p><span style=\"vertical-align: inherit;\">\u2022 Communication d&rsquo;arbre ; en option avec des p\u00e9riph\u00e9riques Arcode CANBus ou avec des connexions parall\u00e8les classiques \u00e0 l&rsquo;aide de la carte MSP-16. \u2022 Toutes les fonctions sont disponibles via une interface utilisateur avec \u00e9cran LCD 16X2 caract\u00e8res. \u2022 En option, interface utilisateur de type Arcode utilisant AREM. \u2022 Communication directe avec l&rsquo;onduleur ARKEL Adrive VVVF via un seul c\u00e2ble. \u2022 Carte adaptateur (HSR) pour la communication avec d&rsquo;autres onduleurs \u00e0 moteur et ascenseurs hydrauliques. \u2022 Transfert de param\u00e8tres et mises \u00e0 jour du firmware avec carte SD. \u2022 Copie d&rsquo;arbre avec moteur-encodeur ou avec le syst\u00e8me arbre-aimant sans encodeur.<\/span><\/p>\n","protected":false},"excerpt":{"rendered":"<p><strong><span style=\"vertical-align: inherit;\">ARL 700<\/span><\/strong><span style=\"vertical-align: inherit;\"> Jusqu&rsquo;\u00e0 16 \u00e9tages avec communication parall\u00e8le. Jusqu&rsquo;\u00e0 64 \u00e9tages avec communication s\u00e9rie (CANBus). Compatibilit\u00e9 avec la norme EN81-20 (pont de porte int\u00e9gr\u00e9 contr\u00f4lant les relais de s\u00e9curit\u00e9).<\/span><\/p>\n","protected":false},"featured_media":992379,"comment_status":"open","ping_status":"closed","template":"","meta":[],"product_brand":[],"product_cat":[682,742],"product_tag":[],"class_list":{"0":"post-996942","1":"product","2":"type-product","3":"status-publish","4":"has-post-thumbnail","6":"product_cat-controleurs-dascenseur","7":"product_cat-unites-de-controle-dascenseur","9":"first","10":"instock","11":"shipping-taxable","12":"product-type-simple","13":"prodpage-style2"},"_links":{"self":[{"href":"https:\/\/isfelevator.com\/fr\/wp-json\/wp\/v2\/product\/996942","targetHints":{"allow":["GET"]}}],"collection":[{"href":"https:\/\/isfelevator.com\/fr\/wp-json\/wp\/v2\/product"}],"about":[{"href":"https:\/\/isfelevator.com\/fr\/wp-json\/wp\/v2\/types\/product"}],"replies":[{"embeddable":true,"href":"https:\/\/isfelevator.com\/fr\/wp-json\/wp\/v2\/comments?post=996942"}],"wp:featuredmedia":[{"embeddable":true,"href":"https:\/\/isfelevator.com\/fr\/wp-json\/wp\/v2\/media\/992379"}],"wp:attachment":[{"href":"https:\/\/isfelevator.com\/fr\/wp-json\/wp\/v2\/media?parent=996942"}],"wp:term":[{"taxonomy":"product_brand","embeddable":true,"href":"https:\/\/isfelevator.com\/fr\/wp-json\/wp\/v2\/product_brand?post=996942"},{"taxonomy":"product_cat","embeddable":true,"href":"https:\/\/isfelevator.com\/fr\/wp-json\/wp\/v2\/product_cat?post=996942"},{"taxonomy":"product_tag","embeddable":true,"href":"https:\/\/isfelevator.com\/fr\/wp-json\/wp\/v2\/product_tag?post=996942"}],"curies":[{"name":"wp","href":"https:\/\/api.w.org\/{rel}","templated":true}]}}