{"id":996934,"date":"2023-02-24T13:04:18","date_gmt":"2023-02-24T13:04:18","guid":{"rendered":"https:\/\/isfelevator.com\/product\/arcode-integrated-ele-control-unit\/"},"modified":"2023-02-28T08:58:07","modified_gmt":"2023-02-28T08:58:07","slug":"arcode-integre-el-unite-de-controle","status":"publish","type":"product","link":"https:\/\/isfelevator.com\/fr\/product\/arcode-integre-el-unite-de-controle\/","title":{"rendered":"ARCODE Int\u00e9gr\u00e9 El. Unit\u00e9 de contr\u00f4le"},"content":{"rendered":"<p><strong><span style=\"vertical-align: inherit;\">ARCODE Int\u00e9gr\u00e9 El. Unit\u00e9 de contr\u00f4le<\/span><\/strong><\/p>\n<p><span style=\"vertical-align: inherit;\">CARACT\u00c9RISTIQUES G\u00c9N\u00c9RALES Type d&rsquo;application : Installation de nouveaux ascenseurs ou remplacement d&rsquo;ascenseurs existants Commande de moteurs : Machines synchrones (sans engrenage) ou machines \u00e0 induction (avec engrenage) Syst\u00e8me d&rsquo;entra\u00eenement : Avec salle des machines ou MRL Installation en armoire : \u00c0 l&rsquo;int\u00e9rieur de la gaine ou \u00e0 l&rsquo;ext\u00e9rieur de la gaine Plage de vitesse : Vers le haut jusqu&rsquo;\u00e0 4 m\/s Fonctionnement en groupe : Jusqu&rsquo;\u00e0 8 ascenseurs Nombre d&rsquo;\u00e9tages : Jusqu&rsquo;\u00e0 64 \u00e9tages C\u00e2blage cabine : Avec communication s\u00e9rie CANbus (standard) C\u00e2blage palier : Avec c\u00e2blage s\u00e9rie CANbus pr\u00e9-c\u00e2bl\u00e9 avec c\u00e2blage conventionnel (jusqu&rsquo;\u00e0 16 \u00e9tages avec carte d&rsquo;option de connexion) Positionnement de la cabine : Avec des codeurs incr\u00e9mentaux ou absolus mont\u00e9s sur l&rsquo;arbre du moteur Fonctionnement de la porte : 2 entr\u00e9es de cabine \u00e0 commande ind\u00e9pendante Fonctionnement de l&rsquo;\u00e9vacuation : En utilisant un onduleur 230 V monophas\u00e9 et une batterie ),<\/span><\/p>\n<p><span style=\"vertical-align: inherit;\">Codeurs absolus ARCODE (EnDat, SSI, SinCos ou BISS) R\u00e9glages automatiques : Auto-tuning \/ Shaft learning \/ Calcul du gain de commande Anti-retour au d\u00e9marrage : Fonction pr\u00e9-couple (avec un signal analogique d&rsquo;une cellule de charge), Fonction anti-retour (sans aucun signal de charge externe) Combin\u00e9 (AREM)\u00a0: \u00e9cran TFT couleur avec interface conviviale et multilingue, contr\u00f4lez le syst\u00e8me de n&rsquo;importe o\u00f9 via CANbus Mise \u00e0 jour logicielle\u00a0: syst\u00e8me de mise \u00e0 jour rapide et fiable via AREM en une seule fois Caract\u00e9ristiques suppl\u00e9mentaires Atterrissage direct Entr\u00e9e interne EMI filtre Inductance CC interne Pr\u00e9-ouverture de porte et d\u00e9marrage rapide (avec module en option) Apprentissage num\u00e9rique de l&rsquo;arbre Course d&rsquo;\u00e9tage courte sans aucun mat\u00e9riel ni r\u00e9glage n\u00e9cessaire Haute pr\u00e9cision d&rsquo;arr\u00eat Tension du circuit de s\u00e9curit\u00e9 48 &#8211; 230 VCA Mode \u00e9conomie d&rsquo;\u00e9nergie Entr\u00e9es et sorties programmables Menu sp\u00e9cial de test d&rsquo;ascenseur<\/span><\/p>\n","protected":false},"excerpt":{"rendered":"<p><strong><span style=\"vertical-align: inherit;\">ARCODE<\/span><\/strong><span style=\"vertical-align: inherit;\"> Contr\u00f4leur d&rsquo;ascenseur int\u00e9gr\u00e9 pour ascenseurs \u00e0 traction. ARCODE est une unit\u00e9 de commande d&rsquo;ascenseur int\u00e9gr\u00e9e qui combine un onduleur VVVF, une carte de commande et un syst\u00e8me d&rsquo;\u00e9vacuation dans un seul ensemble.<\/span><\/p>\n","protected":false},"featured_media":992355,"comment_status":"open","ping_status":"closed","template":"","meta":[],"product_brand":[],"product_cat":[682,748],"product_tag":[],"class_list":{"0":"post-996934","1":"product","2":"type-product","3":"status-publish","4":"has-post-thumbnail","6":"product_cat-controleurs-dascenseur","7":"product_cat-unite-de-controle-dascenseur-integree","9":"first","10":"instock","11":"shipping-taxable","12":"product-type-simple","13":"prodpage-style2"},"_links":{"self":[{"href":"https:\/\/isfelevator.com\/fr\/wp-json\/wp\/v2\/product\/996934","targetHints":{"allow":["GET"]}}],"collection":[{"href":"https:\/\/isfelevator.com\/fr\/wp-json\/wp\/v2\/product"}],"about":[{"href":"https:\/\/isfelevator.com\/fr\/wp-json\/wp\/v2\/types\/product"}],"replies":[{"embeddable":true,"href":"https:\/\/isfelevator.com\/fr\/wp-json\/wp\/v2\/comments?post=996934"}],"wp:featuredmedia":[{"embeddable":true,"href":"https:\/\/isfelevator.com\/fr\/wp-json\/wp\/v2\/media\/992355"}],"wp:attachment":[{"href":"https:\/\/isfelevator.com\/fr\/wp-json\/wp\/v2\/media?parent=996934"}],"wp:term":[{"taxonomy":"product_brand","embeddable":true,"href":"https:\/\/isfelevator.com\/fr\/wp-json\/wp\/v2\/product_brand?post=996934"},{"taxonomy":"product_cat","embeddable":true,"href":"https:\/\/isfelevator.com\/fr\/wp-json\/wp\/v2\/product_cat?post=996934"},{"taxonomy":"product_tag","embeddable":true,"href":"https:\/\/isfelevator.com\/fr\/wp-json\/wp\/v2\/product_tag?post=996934"}],"curies":[{"name":"wp","href":"https:\/\/api.w.org\/{rel}","templated":true}]}}