{"id":996918,"date":"2023-02-24T13:04:19","date_gmt":"2023-02-24T13:04:19","guid":{"rendered":"https:\/\/isfelevator.com\/product\/rk-71-revision-box\/"},"modified":"2023-02-28T08:08:19","modified_gmt":"2023-02-28T08:08:19","slug":"boite-de-revision-rk-71","status":"publish","type":"product","link":"https:\/\/isfelevator.com\/fr\/product\/boite-de-revision-rk-71\/","title":{"rendered":"Bo\u00eete de r\u00e9vision RK-71"},"content":{"rendered":"<p><strong><span style=\"vertical-align: inherit;\">Bo\u00eete de r\u00e9vision RK-71<\/span><\/strong><\/p>\n<p><strong><span style=\"vertical-align: inherit;\">Caract\u00e9ristiques<\/span><\/strong><\/p>\n<p><span style=\"vertical-align: inherit;\">En cas de panne de courant, il d\u00e9place l&rsquo;ascenseur qui s&rsquo;est arr\u00eat\u00e9 entre deux \u00e9tages au niveau du sol, ouvre la porte automatique, et les passagers sont \u00e9vacu\u00e9s en toute s\u00e9curit\u00e9. Pour les ascenseurs \u00e0 portes automatiques, si une panne de courant se produit au niveau du sol, la porte est ouverte et les passagers sont \u00e9vacu\u00e9s. Fonctionne en boucle ouverte. Pas besoin de mettre un capteur sur le moteur. Le RK-71 est aliment\u00e9 par un jeu de batteries 5 x 12V\/7Ah qui ne n\u00e9cessite aucun entretien. Gr\u00e2ce au syst\u00e8me de charge de batterie intelligent qui ne fatigue pas les batteries et les fait fonctionner pendant de nombreuses ann\u00e9es. Le d\u00e9lai de d\u00e9marrage de l&rsquo;op\u00e9ration de sauvetage peut \u00eatre ajust\u00e9 pour les b\u00e2timents \u00e9quip\u00e9s de g\u00e9n\u00e9rateurs diesel. Le nivellement se fait de la mani\u00e8re la plus simple (vers le haut avec la voiture d\u00e9charg\u00e9e, vers le bas avec la voiture enti\u00e8rement charg\u00e9e). La fr\u00e9quence d&rsquo;entra\u00eenement du moteur et le couple du moteur peuvent \u00eatre ajust\u00e9s dans un menu pour un d\u00e9marrage facile.<\/span><\/p>\n","protected":false},"excerpt":{"rendered":"<p><span style=\"vertical-align: inherit;\"><strong>Armoire de sauvetage externe <\/strong><strong>RK-71<\/strong><\/span><\/p>\n","protected":false},"featured_media":992547,"comment_status":"open","ping_status":"closed","template":"","meta":[],"product_brand":[],"product_cat":[682,712,688],"product_tag":[],"class_list":{"0":"post-996918","1":"product","2":"type-product","3":"status-publish","4":"has-post-thumbnail","6":"product_cat-controleurs-dascenseur","7":"product_cat-ensembles-dinspection-et-dalarme","8":"product_cat-unites-auxiliaires","10":"first","11":"instock","12":"shipping-taxable","13":"product-type-simple","14":"prodpage-style2"},"_links":{"self":[{"href":"https:\/\/isfelevator.com\/fr\/wp-json\/wp\/v2\/product\/996918","targetHints":{"allow":["GET"]}}],"collection":[{"href":"https:\/\/isfelevator.com\/fr\/wp-json\/wp\/v2\/product"}],"about":[{"href":"https:\/\/isfelevator.com\/fr\/wp-json\/wp\/v2\/types\/product"}],"replies":[{"embeddable":true,"href":"https:\/\/isfelevator.com\/fr\/wp-json\/wp\/v2\/comments?post=996918"}],"wp:featuredmedia":[{"embeddable":true,"href":"https:\/\/isfelevator.com\/fr\/wp-json\/wp\/v2\/media\/992547"}],"wp:attachment":[{"href":"https:\/\/isfelevator.com\/fr\/wp-json\/wp\/v2\/media?parent=996918"}],"wp:term":[{"taxonomy":"product_brand","embeddable":true,"href":"https:\/\/isfelevator.com\/fr\/wp-json\/wp\/v2\/product_brand?post=996918"},{"taxonomy":"product_cat","embeddable":true,"href":"https:\/\/isfelevator.com\/fr\/wp-json\/wp\/v2\/product_cat?post=996918"},{"taxonomy":"product_tag","embeddable":true,"href":"https:\/\/isfelevator.com\/fr\/wp-json\/wp\/v2\/product_tag?post=996918"}],"curies":[{"name":"wp","href":"https:\/\/api.w.org\/{rel}","templated":true}]}}