{"id":996910,"date":"2023-02-24T13:04:19","date_gmt":"2023-02-24T13:04:19","guid":{"rendered":"https:\/\/isfelevator.com\/product\/akus-sd-cabinet-elevator-auxiliary-units\/"},"modified":"2023-02-28T08:03:08","modified_gmt":"2023-02-28T08:03:08","slug":"unites-auxiliaires-dascenseur-darmoire-akus-sd","status":"publish","type":"product","link":"https:\/\/isfelevator.com\/fr\/product\/unites-auxiliaires-dascenseur-darmoire-akus-sd\/","title":{"rendered":"Unit\u00e9s auxiliaires d&rsquo;ascenseur d&rsquo;armoire AKUS SD"},"content":{"rendered":"<p><strong><span style=\"vertical-align: inherit;\">Unit\u00e9s auxiliaires d&rsquo;ascenseur d&rsquo;armoire AKUS SD<\/span><\/strong><\/p>\n<p><strong><span style=\"vertical-align: inherit;\">Caract\u00e9ristiques <\/span><\/strong><span style=\"vertical-align: inherit;\"><strong>de l&rsquo;armoire AKUS SD<\/strong> En cas de panne de courant, elle d\u00e9place l&rsquo;ascenseur qui s&rsquo;est arr\u00eat\u00e9 entre deux \u00e9tages au niveau du sol, ouvre la porte automatique et les passagers sont \u00e9vacu\u00e9s en toute s\u00e9curit\u00e9. Pour les ascenseurs \u00e0 portes automatiques, si une panne de courant se produit au niveau du sol, une porte est ouverte et les passagers sont \u00e9vacu\u00e9s. Fonctionne en boucle ouverte. Pas besoin de mettre un capteur sur le moteur. Obtient la puissance de 5 x 12V\/7Ah batterie qui ne n\u00e9cessite aucun entretien.<\/span><\/p>\n<p><span style=\"vertical-align: inherit;\">Gr\u00e2ce au syst\u00e8me de charge de batterie intelligent qui ne fatigue pas les batteries et les fait fonctionner pendant de nombreuses ann\u00e9es. Le d\u00e9lai de d\u00e9marrage de l&rsquo;op\u00e9ration de sauvetage peut \u00eatre ajust\u00e9 pour les b\u00e2timents \u00e9quip\u00e9s de g\u00e9n\u00e9rateurs diesel. Le nivellement se fait de la mani\u00e8re la plus simple (vers le haut avec une voiture d\u00e9charg\u00e9e, vers le bas avec une voiture enti\u00e8rement charg\u00e9e). La fr\u00e9quence d&rsquo;entra\u00eenement du moteur et le couple du moteur peuvent \u00eatre ajust\u00e9s dans le menu pour un d\u00e9marrage facile.<\/span><\/p>\n","protected":false},"excerpt":{"rendered":"<p><span style=\"vertical-align: inherit;\"><strong>Armoire de secours externe <\/strong><strong>AKUS SD<\/strong><\/span><\/p>\n","protected":false},"featured_media":992541,"comment_status":"open","ping_status":"closed","template":"","meta":[],"product_brand":[],"product_cat":[682,706,688],"product_tag":[],"class_list":{"0":"post-996910","1":"product","2":"type-product","3":"status-publish","4":"has-post-thumbnail","6":"product_cat-controleurs-dascenseur","7":"product_cat-unite-de-sauvetage-durgence","8":"product_cat-unites-auxiliaires","10":"first","11":"instock","12":"shipping-taxable","13":"product-type-simple","14":"prodpage-style2"},"_links":{"self":[{"href":"https:\/\/isfelevator.com\/fr\/wp-json\/wp\/v2\/product\/996910","targetHints":{"allow":["GET"]}}],"collection":[{"href":"https:\/\/isfelevator.com\/fr\/wp-json\/wp\/v2\/product"}],"about":[{"href":"https:\/\/isfelevator.com\/fr\/wp-json\/wp\/v2\/types\/product"}],"replies":[{"embeddable":true,"href":"https:\/\/isfelevator.com\/fr\/wp-json\/wp\/v2\/comments?post=996910"}],"wp:featuredmedia":[{"embeddable":true,"href":"https:\/\/isfelevator.com\/fr\/wp-json\/wp\/v2\/media\/992541"}],"wp:attachment":[{"href":"https:\/\/isfelevator.com\/fr\/wp-json\/wp\/v2\/media?parent=996910"}],"wp:term":[{"taxonomy":"product_brand","embeddable":true,"href":"https:\/\/isfelevator.com\/fr\/wp-json\/wp\/v2\/product_brand?post=996910"},{"taxonomy":"product_cat","embeddable":true,"href":"https:\/\/isfelevator.com\/fr\/wp-json\/wp\/v2\/product_cat?post=996910"},{"taxonomy":"product_tag","embeddable":true,"href":"https:\/\/isfelevator.com\/fr\/wp-json\/wp\/v2\/product_tag?post=996910"}],"curies":[{"name":"wp","href":"https:\/\/api.w.org\/{rel}","templated":true}]}}