{"id":996900,"date":"2023-02-24T13:04:19","date_gmt":"2023-02-24T13:04:19","guid":{"rendered":"https:\/\/isfelevator.com\/product\/akus-sd-combi-elevator-auxiliary-units\/"},"modified":"2023-02-28T07:57:38","modified_gmt":"2023-02-28T07:57:38","slug":"unites-auxiliaires-dascenseur-akus-sd-combi","status":"publish","type":"product","link":"https:\/\/isfelevator.com\/fr\/product\/unites-auxiliaires-dascenseur-akus-sd-combi\/","title":{"rendered":"Unit\u00e9s auxiliaires d&rsquo;ascenseur AKUS-SD COMBI"},"content":{"rendered":"<p><strong><span style=\"vertical-align: inherit;\">Unit\u00e9s auxiliaires d&rsquo;ascenseur AKUS-SD COMBI<\/span><\/strong><\/p>\n<p><strong><span style=\"vertical-align: inherit;\">CARACT\u00c9RISTIQUES<\/span><\/strong><span style=\"vertical-align: inherit;\"> AKUS-SD COMBI qui est compos\u00e9 d&rsquo;une seule carte est la nouvelle conception de l&rsquo;unit\u00e9 de secours d&rsquo;urgence. Il fournit toutes les fonctionnalit\u00e9s d&rsquo;AKUS-SD. En cas de panne de courant, il d\u00e9place l&rsquo;ascenseur qui s&rsquo;est arr\u00eat\u00e9 entre deux \u00e9tages au niveau du sol, ouvre la porte automatique et les passagers sont \u00e9vacu\u00e9s en toute s\u00e9curit\u00e9. Pour les ascenseurs \u00e0 portes automatiques, si une panne de courant se produit au niveau du sol, la porte est ouverte et les passagers sont \u00e9vacu\u00e9s. AKUS-SD COMBI peut \u00eatre appliqu\u00e9 \u00e0 tous les syst\u00e8mes \u00e0 une vitesse, \u00e0 deux vitesses ou \u00e0 vitesse contr\u00f4l\u00e9e. Convient aux entra\u00eenements asynchrones. Fonctionne en boucle ouverte. Pas besoin de mettre un capteur sur le moteur. Comprend un transformateur interne.<\/span><\/p>\n<p><span style=\"vertical-align: inherit;\">AKUS-SD COMBI est aliment\u00e9 par 5 batteries qui ne n\u00e9cessitent aucun entretien. Gr\u00e2ce au syst\u00e8me de charge de batterie intelligent qui ne fatigue pas les batteries et les fait fonctionner pendant de nombreuses ann\u00e9es. Parce qu&rsquo;il est int\u00e9gr\u00e9 au panneau de commande, toutes les connexions n\u00e9cessaires \u00e0 une unit\u00e9 d&rsquo;urgence sont r\u00e9alis\u00e9es en tissu. Ainsi, le temps d&rsquo;installation est minimis\u00e9. Aucune connexion de circuit de s\u00e9curit\u00e9 n&rsquo;est n\u00e9cessaire. La connexion du circuit de s\u00e9curit\u00e9 n&rsquo;est faite que pour soulever le contr\u00f4leur. AKUS-SD COMBI peut \u00eatre d\u00e9sactiv\u00e9 avec quelques connexions de c\u00e2ble en cas de panne. Avec les param\u00e8tres du programme LCD tels que le temps de d\u00e9placement maximal, le type de porte automatique, la fr\u00e9quence d&rsquo;entra\u00eenement du moteur, le temps d&rsquo;ouverture de la porte, le d\u00e9lai de d\u00e9marrage, la langue, etc. peut \u00eatre ajust\u00e9 facilement. Surveillance des ascenseurs et rapport d&rsquo;erreurs avec une interface de menu conviviale. Options de menu en turc et en anglais. Con\u00e7u selon EN81-1.<\/span><\/p>\n","protected":false},"excerpt":{"rendered":"<p><span style=\"vertical-align: inherit;\"><strong>Syst\u00e8me de sauvetage d&rsquo;urgence <\/strong><strong>AKUS-SD COMBI<\/strong><\/span><\/p>\n","protected":false},"featured_media":992535,"comment_status":"open","ping_status":"closed","template":"","meta":[],"product_brand":[],"product_cat":[682,706,688],"product_tag":[],"class_list":{"0":"post-996900","1":"product","2":"type-product","3":"status-publish","4":"has-post-thumbnail","6":"product_cat-controleurs-dascenseur","7":"product_cat-unite-de-sauvetage-durgence","8":"product_cat-unites-auxiliaires","10":"first","11":"instock","12":"shipping-taxable","13":"product-type-simple","14":"prodpage-style2"},"_links":{"self":[{"href":"https:\/\/isfelevator.com\/fr\/wp-json\/wp\/v2\/product\/996900","targetHints":{"allow":["GET"]}}],"collection":[{"href":"https:\/\/isfelevator.com\/fr\/wp-json\/wp\/v2\/product"}],"about":[{"href":"https:\/\/isfelevator.com\/fr\/wp-json\/wp\/v2\/types\/product"}],"replies":[{"embeddable":true,"href":"https:\/\/isfelevator.com\/fr\/wp-json\/wp\/v2\/comments?post=996900"}],"wp:featuredmedia":[{"embeddable":true,"href":"https:\/\/isfelevator.com\/fr\/wp-json\/wp\/v2\/media\/992535"}],"wp:attachment":[{"href":"https:\/\/isfelevator.com\/fr\/wp-json\/wp\/v2\/media?parent=996900"}],"wp:term":[{"taxonomy":"product_brand","embeddable":true,"href":"https:\/\/isfelevator.com\/fr\/wp-json\/wp\/v2\/product_brand?post=996900"},{"taxonomy":"product_cat","embeddable":true,"href":"https:\/\/isfelevator.com\/fr\/wp-json\/wp\/v2\/product_cat?post=996900"},{"taxonomy":"product_tag","embeddable":true,"href":"https:\/\/isfelevator.com\/fr\/wp-json\/wp\/v2\/product_tag?post=996900"}],"curies":[{"name":"wp","href":"https:\/\/api.w.org\/{rel}","templated":true}]}}