{"id":996890,"date":"2023-02-24T13:04:19","date_gmt":"2023-02-24T13:04:19","guid":{"rendered":"https:\/\/isfelevator.com\/product\/km-10-door-controllers\/"},"modified":"2023-02-28T07:51:10","modified_gmt":"2023-02-28T07:51:10","slug":"controleurs-de-porte-km-10","status":"publish","type":"product","link":"https:\/\/isfelevator.com\/fr\/product\/controleurs-de-porte-km-10\/","title":{"rendered":"Contr\u00f4leurs de porte KM-10"},"content":{"rendered":"<p><strong><span style=\"vertical-align: inherit;\">Contr\u00f4leurs de porte KM-10<\/span><\/strong><\/p>\n<p><strong><span style=\"vertical-align: inherit;\">CARACT\u00c9RISTIQUES G\u00c9N\u00c9RALES <\/span><\/strong><span style=\"vertical-align: inherit;\"><strong>DU KM-10<\/strong> Le KM-10 offre une prise compl\u00e8te du moteur avec son contr\u00f4le de moteur \u00e0 4 r\u00e9gions et son mat\u00e9riel d&rsquo;entr\u00e9e d&rsquo;encodeur haute r\u00e9solution. Le clavier int\u00e9gr\u00e9 KM-10 permet d&rsquo;acc\u00e9der \u00e0 tous ses param\u00e8tres et fonctionnalit\u00e9s. En plus de ce mat\u00e9riel, il permet un mouvement rapide mais confortable des portes gr\u00e2ce \u00e0 son logiciel qui fournit un adoucissement S dans les rampes de d\u00e9placement et qui dispose d&rsquo;un algorithme qui ne n\u00e9cessite pas de fins de course.<\/span><\/p>\n<p><span style=\"vertical-align: inherit;\">Le KM-10 offre des fonctionnalit\u00e9s d&rsquo;auto-apprentissage des limites de course de la porte sans interrupteurs de fin de course d&rsquo;ouverture-fermeture. Afin de travailler avec les panneaux de commande en parfaite harmonie, il peut g\u00e9n\u00e9rer des signaux \u00ab Les portes sont compl\u00e8tement ouvertes \u00bb, \u00ab Les portes sont compl\u00e8tement ferm\u00e9es \u00bb et \u00ab Obstruction ou photocellule d\u00e9tect\u00e9e \u00bb. Ces signaux lui permettent de fonctionner pour les portes d&rsquo;ascenseur coupe-feu. Une fonction de pouss\u00e9e est incluse avec une fermeture \u00e0 vitesse r\u00e9duite avec alerte sonore apr\u00e8s une longue interruption de la cellule photo\u00e9lectrique. En cas de panne de courant, il peut \u00eatre aliment\u00e9 par 2 batteries 12V ou une alimentation externe 24VDC.<\/span><\/p>\n<p><span style=\"vertical-align: inherit;\">Le type d&rsquo;alimentation de secours peut \u00eatre s\u00e9lectionn\u00e9 facilement via un cavalier \u00e0 bord. Le KM-10 prot\u00e8ge la batterie contre les surcharges gr\u00e2ce \u00e0 un syst\u00e8me de charge de batterie intelligent. Apr\u00e8s une ouverture d&rsquo;urgence avec une alimentation par batterie, le KM-10 passe en mode veille et prot\u00e8ge les batteries d&rsquo;une d\u00e9charge excessive. Avec une entr\u00e9e de signal au niveau de l&rsquo;\u00e9tage, les portes peuvent \u00eatre maintenues ferm\u00e9es jusqu&rsquo;\u00e0 ce que la cabine soit d\u00e9plac\u00e9e \u00e0 l&rsquo;\u00e9tage juste lors d&rsquo;une \u00e9vacuation d&rsquo;urgence. Il fournit un menu de param\u00e8tres qui a des niveaux d&rsquo;acc\u00e8s pour la s\u00e9curit\u00e9, les besoins de l&rsquo;utilisateur\/client et un r\u00e9glage facile.<\/span><\/p>\n<p><span style=\"vertical-align: inherit;\">Le KM-10 fournit de nombreuses fonctions et param\u00e8tres pour les entreprises de fabrication qui permettent une flexibilit\u00e9 d&rsquo;application, comme le rapport de r\u00e9duction du moteur, la r\u00e9volution du moteur, la circonf\u00e9rence de la poulie du moteur et la zone ouverte du patin. Il permet un param\u00e9trage convivial avec des unit\u00e9s de vitesse en cm\/s et des unit\u00e9s de distance parcourue en cm. Il fournit un compteur pour l&rsquo;information des heures d&rsquo;ouverture-fermeture. Les param\u00e8tres de base (vitesse d&rsquo;ouverture et de fermeture de la porte, pression d&rsquo;obstruction, type de signal et mode d\u00e9mo) peuvent \u00eatre ajust\u00e9s facilement par un utilisateur via des affichages et des boutons \u00e0 7 segments int\u00e9gr\u00e9s. Le clavier KM-10 en option permet d&rsquo;acc\u00e9der \u00e0 tous ses param\u00e8tres, fonctionnalit\u00e9s et \u00e9crans de surveillance. Disponibilit\u00e9 de plusieurs langues\u00a0: turc, anglais et grec<\/span><\/p>\n","protected":false},"excerpt":{"rendered":"<p><strong><span style=\"vertical-align: inherit;\">Contr\u00f4leur de porte KM-10 <\/span><\/strong> <strong><span style=\"vertical-align: inherit;\">pour portes t\u00e9lescopiques automatiques<\/span><\/strong><\/p>\n","protected":false},"featured_media":992529,"comment_status":"open","ping_status":"closed","template":"","meta":[],"product_brand":[],"product_cat":[682,772],"product_tag":[],"class_list":{"0":"post-996890","1":"product","2":"type-product","3":"status-publish","4":"has-post-thumbnail","6":"product_cat-controleurs-dascenseur","7":"product_cat-controleurs-de-porte","9":"first","10":"instock","11":"shipping-taxable","12":"product-type-simple","13":"prodpage-style2"},"_links":{"self":[{"href":"https:\/\/isfelevator.com\/fr\/wp-json\/wp\/v2\/product\/996890","targetHints":{"allow":["GET"]}}],"collection":[{"href":"https:\/\/isfelevator.com\/fr\/wp-json\/wp\/v2\/product"}],"about":[{"href":"https:\/\/isfelevator.com\/fr\/wp-json\/wp\/v2\/types\/product"}],"replies":[{"embeddable":true,"href":"https:\/\/isfelevator.com\/fr\/wp-json\/wp\/v2\/comments?post=996890"}],"wp:featuredmedia":[{"embeddable":true,"href":"https:\/\/isfelevator.com\/fr\/wp-json\/wp\/v2\/media\/992529"}],"wp:attachment":[{"href":"https:\/\/isfelevator.com\/fr\/wp-json\/wp\/v2\/media?parent=996890"}],"wp:term":[{"taxonomy":"product_brand","embeddable":true,"href":"https:\/\/isfelevator.com\/fr\/wp-json\/wp\/v2\/product_brand?post=996890"},{"taxonomy":"product_cat","embeddable":true,"href":"https:\/\/isfelevator.com\/fr\/wp-json\/wp\/v2\/product_cat?post=996890"},{"taxonomy":"product_tag","embeddable":true,"href":"https:\/\/isfelevator.com\/fr\/wp-json\/wp\/v2\/product_tag?post=996890"}],"curies":[{"name":"wp","href":"https:\/\/api.w.org\/{rel}","templated":true}]}}