{"id":996876,"date":"2023-02-24T13:04:19","date_gmt":"2023-02-24T13:04:19","guid":{"rendered":"https:\/\/isfelevator.com\/product\/arl-200-elevator-controller-panels\/"},"modified":"2023-02-28T07:37:25","modified_gmt":"2023-02-28T07:37:25","slug":"panneaux-de-controle-des-ascenseurs-arl-200","status":"publish","type":"product","link":"https:\/\/isfelevator.com\/fr\/product\/panneaux-de-controle-des-ascenseurs-arl-200\/","title":{"rendered":"Panneaux de contr\u00f4le des ascenseurs ARL 200"},"content":{"rendered":"<p><strong><span style=\"vertical-align: inherit;\">Panneau ARL 200<\/span><\/strong><\/p>\n<p><strong><span style=\"vertical-align: inherit;\">Panneau ARL 200 <\/span><\/strong> <strong><span style=\"vertical-align: inherit;\">CARACT\u00c9RISTIQUES DU SYST\u00c8ME<\/span><\/strong><span style=\"vertical-align: inherit;\"> Installation en voiture\u00a0; Installation de voiture en s\u00e9rie avec support de bo\u00eetier d&rsquo;inspection RK22, installation de voiture parall\u00e8le Installation d&rsquo;atterrissage\u00a0; Installation d&rsquo;atterrissage parall\u00e8le Positionnement de la cabine\u00a0; Par interrupteurs magn\u00e9tiques bi-stables et aimants ronds Entr\u00e9e de voiture\u00a0; Commande de porte double avec 1 Auto_Kg suppl\u00e9mentaire pour chaque porte Commande de porte automatique\u00a0; Tout type de porte automatique Syst\u00e8me de sauvetage d&rsquo;urgence (pour \u00e9l\u00e9vateurs \u00e0 c\u00e2ble);<\/span><\/p>\n<p><span style=\"vertical-align: inherit;\">Par l&rsquo;int\u00e9gration de l&rsquo;AKUS-SD dans le panneau de contr\u00f4le Motor Phase Protection\u00a0; Avec l&rsquo;unit\u00e9 de protection de phase moteur MKR-02C, les sorties de code indicateur sont prises en charge\u00a0; Sorties d&rsquo;indicateur \u00e0 7 segments int\u00e9gr\u00e9es, sorties de code gris et binaire avec prise en charge du pilote de code gris et binaire GKS, connexions de circuit de s\u00e9curit\u00e9, connexion sp\u00e9ciale pour circuit de s\u00e9curit\u00e9 par prise en charge de la carte de connecteur KBK-5 Compatibilit\u00e9\u00a0; Conformit\u00e9 totale \u00e0 la norme EN 81-1 en tant que panneau de commande d&rsquo;ascenseur complet<\/span><\/p>\n","protected":false},"excerpt":{"rendered":"<p><strong><span style=\"vertical-align: inherit;\">Panneau de commande d&rsquo;ascenseur <\/span><\/strong> <span style=\"vertical-align: inherit;\"><strong>ARL 200 <\/strong><\/span><strong><span style=\"vertical-align: inherit;\">CARACT\u00c9RISTIQUES G\u00c9N\u00c9RALES<\/span><\/strong><span style=\"vertical-align: inherit;\"> Nombre d&rsquo;\u00e9tages\u00a0: 16 arr\u00eats Type de conduite\u00a0: une vitesse, deux vitesses, vitesse de levage \u00e0 vitesse contr\u00f4l\u00e9e\u00a0: jusqu&rsquo;\u00e0 1,6\u00a0m\/s Type de commande\u00a0: commande de base, commande parall\u00e8le (m\u00e9lange int\u00e9rieur\/ext\u00e9rieur), simple Collectif mont\u00e9e et descente bouton, Collectif mont\u00e9e bouton unique, Collectif descente bouton unique, Collectif complet Fonctionnement en groupe : Jusqu&rsquo;\u00e0 2 ascenseurs Communication s\u00e9rie : Installation en cabine Commande de porte automatique : Commande de porte double<\/span><\/p>\n","protected":false},"featured_media":992517,"comment_status":"open","ping_status":"closed","template":"","meta":[],"product_brand":[],"product_cat":[682,736],"product_tag":[],"class_list":{"0":"post-996876","1":"product","2":"type-product","3":"status-publish","4":"has-post-thumbnail","6":"product_cat-controleurs-dascenseur","7":"product_cat-panneaux-de-controle-dascenseur","9":"first","10":"instock","11":"shipping-taxable","12":"product-type-simple","13":"prodpage-style2"},"_links":{"self":[{"href":"https:\/\/isfelevator.com\/fr\/wp-json\/wp\/v2\/product\/996876","targetHints":{"allow":["GET"]}}],"collection":[{"href":"https:\/\/isfelevator.com\/fr\/wp-json\/wp\/v2\/product"}],"about":[{"href":"https:\/\/isfelevator.com\/fr\/wp-json\/wp\/v2\/types\/product"}],"replies":[{"embeddable":true,"href":"https:\/\/isfelevator.com\/fr\/wp-json\/wp\/v2\/comments?post=996876"}],"wp:featuredmedia":[{"embeddable":true,"href":"https:\/\/isfelevator.com\/fr\/wp-json\/wp\/v2\/media\/992517"}],"wp:attachment":[{"href":"https:\/\/isfelevator.com\/fr\/wp-json\/wp\/v2\/media?parent=996876"}],"wp:term":[{"taxonomy":"product_brand","embeddable":true,"href":"https:\/\/isfelevator.com\/fr\/wp-json\/wp\/v2\/product_brand?post=996876"},{"taxonomy":"product_cat","embeddable":true,"href":"https:\/\/isfelevator.com\/fr\/wp-json\/wp\/v2\/product_cat?post=996876"},{"taxonomy":"product_tag","embeddable":true,"href":"https:\/\/isfelevator.com\/fr\/wp-json\/wp\/v2\/product_tag?post=996876"}],"curies":[{"name":"wp","href":"https:\/\/api.w.org\/{rel}","templated":true}]}}