{"id":996868,"date":"2023-02-24T13:04:19","date_gmt":"2023-02-24T13:04:19","guid":{"rendered":"https:\/\/isfelevator.com\/product\/arl-100-elevator-controller-panels\/"},"modified":"2023-02-28T07:31:35","modified_gmt":"2023-02-28T07:31:35","slug":"panneau-arl-100-panneaux-de-controleur-dascenseur","status":"publish","type":"product","link":"https:\/\/isfelevator.com\/fr\/product\/panneau-arl-100-panneaux-de-controleur-dascenseur\/","title":{"rendered":"Panneau ARL 100 Panneaux de contr\u00f4leur d&rsquo;ascenseur"},"content":{"rendered":"<p><strong><span style=\"vertical-align: inherit;\">Panneau ARL 100 Panneaux de contr\u00f4leur d&rsquo;ascenseur<\/span><\/strong><\/p>\n<p><strong><span style=\"vertical-align: inherit;\">Panneau ARL 100 <\/span><\/strong> <strong><span style=\"vertical-align: inherit;\">CARACT\u00c9RISTIQUES DU SYST\u00c8ME<\/span><\/strong><span style=\"vertical-align: inherit;\"> Installation de la cabine et du palier : Installation parall\u00e8le Positionnement de la cabine ; Par interrupteurs magn\u00e9tiques bi-stables et aimants ronds Entr\u00e9e de voiture\u00a0; Commande de porte double avec 1 Auto_Kg suppl\u00e9mentaire pour chaque porte Commande de porte automatique\u00a0; Tout type de porte automatique Syst\u00e8me de sauvetage d&rsquo;urgence (pour \u00e9l\u00e9vateurs \u00e0 c\u00e2ble); Par int\u00e9gration AKUS-SD dans le panneau de commande Protection de phase moteur\u00a0: avec prise en charge de l&rsquo;unit\u00e9 de protection de phase moteur MKR-02C sortie du code indicateur. Connexions du circuit de s\u00e9curit\u00e9\u00a0; Connexion sp\u00e9ciale pour circuit de s\u00e9curit\u00e9 par prise en charge de la carte de connexion KBK-5 Compatibilit\u00e9\u00a0; Conformit\u00e9 totale \u00e0 la norme EN 81-1 en tant que panneau de commande d&rsquo;ascenseur complet<\/span><\/p>\n","protected":false},"excerpt":{"rendered":"<p><strong><span style=\"vertical-align: inherit;\">Panneau de commande d&rsquo;ascenseur <\/span><\/strong> <span style=\"vertical-align: inherit;\"><strong>ARL 100 <\/strong><\/span><strong><span style=\"vertical-align: inherit;\">CARACT\u00c9RISTIQUES G\u00c9N\u00c9RALES<\/span><\/strong><span style=\"vertical-align: inherit;\"> Nombre d&rsquo;\u00e9tages : 8 arr\u00eats Type de conduite : Une vitesse, deux vitesses Vitesse de levage : 1 m\/s Type de contr\u00f4le : Fonctionnement du groupe de contr\u00f4le de base : N\/A Communication s\u00e9rie : Non Contr\u00f4le de porte automatique : Double porte Contr\u00f4le<\/span><\/p>\n","protected":false},"featured_media":992511,"comment_status":"open","ping_status":"closed","template":"","meta":[],"product_brand":[],"product_cat":[682,736],"product_tag":[],"class_list":{"0":"post-996868","1":"product","2":"type-product","3":"status-publish","4":"has-post-thumbnail","6":"product_cat-controleurs-dascenseur","7":"product_cat-panneaux-de-controle-dascenseur","9":"first","10":"instock","11":"shipping-taxable","12":"product-type-simple","13":"prodpage-style2"},"_links":{"self":[{"href":"https:\/\/isfelevator.com\/fr\/wp-json\/wp\/v2\/product\/996868","targetHints":{"allow":["GET"]}}],"collection":[{"href":"https:\/\/isfelevator.com\/fr\/wp-json\/wp\/v2\/product"}],"about":[{"href":"https:\/\/isfelevator.com\/fr\/wp-json\/wp\/v2\/types\/product"}],"replies":[{"embeddable":true,"href":"https:\/\/isfelevator.com\/fr\/wp-json\/wp\/v2\/comments?post=996868"}],"wp:featuredmedia":[{"embeddable":true,"href":"https:\/\/isfelevator.com\/fr\/wp-json\/wp\/v2\/media\/992511"}],"wp:attachment":[{"href":"https:\/\/isfelevator.com\/fr\/wp-json\/wp\/v2\/media?parent=996868"}],"wp:term":[{"taxonomy":"product_brand","embeddable":true,"href":"https:\/\/isfelevator.com\/fr\/wp-json\/wp\/v2\/product_brand?post=996868"},{"taxonomy":"product_cat","embeddable":true,"href":"https:\/\/isfelevator.com\/fr\/wp-json\/wp\/v2\/product_cat?post=996868"},{"taxonomy":"product_tag","embeddable":true,"href":"https:\/\/isfelevator.com\/fr\/wp-json\/wp\/v2\/product_tag?post=996868"}],"curies":[{"name":"wp","href":"https:\/\/api.w.org\/{rel}","templated":true}]}}