{"id":996859,"date":"2023-02-24T13:04:19","date_gmt":"2023-02-24T13:04:19","guid":{"rendered":"https:\/\/isfelevator.com\/product\/arl-300-elevator-controller-panels\/"},"modified":"2023-02-28T07:26:11","modified_gmt":"2023-02-28T07:26:11","slug":"panneau-arl-300-panneaux-de-controleur-dascenseur","status":"publish","type":"product","link":"https:\/\/isfelevator.com\/fr\/product\/panneau-arl-300-panneaux-de-controleur-dascenseur\/","title":{"rendered":"Panneau ARL 300 Panneaux de contr\u00f4leur d&rsquo;ascenseur"},"content":{"rendered":"<p><strong><span style=\"vertical-align: inherit;\">Panneau ARL 300. Panneaux de contr\u00f4leur d&rsquo;ascenseur<\/span><\/strong><\/p>\n<p><span style=\"vertical-align: inherit;\"><strong>CARACT\u00c9RISTIQUES DU SYST\u00c8ME <\/strong><strong>ARL 300 Panel<\/strong><\/span><span style=\"vertical-align: inherit;\">Positionnement de la voiture\u00a0; Par interrupteurs magn\u00e9tiques monostables et barreaux magn\u00e9tiques pour syst\u00e8mes VVVF et hydrauliques, Par interrupteurs magn\u00e9tiques bistables et aimants ronds pour syst\u00e8mes \u00e0 deux vitesses Type de porte automatique\u00a0; Tout type de porte automatique Entr\u00e9e de voiture\u00a0; Contr\u00f4le automatique des portes par entr\u00e9es et sorties int\u00e9gr\u00e9es sur la carte m\u00e8re, Double contr\u00f4le automatique des portes par ajout de 2 cartes Auto_Kg Syst\u00e8me de secours d&rsquo;urgence\u00a0; Par int\u00e9gration AKUS-SD dans le panneau de commande (pour les \u00e9l\u00e9vateurs \u00e0 c\u00e2ble), En ajoutant une carte ARL-SARJ et 2 pi\u00e8ces d&rsquo;une batterie 12V (pour les \u00e9l\u00e9vateurs hydrauliques) Pontage de porte\u00a0; Pr\u00e9-ouverture et remise \u00e0 niveau de la porte avec une porte ouverte Protection des phases du moteur\u00a0; Par entr\u00e9es et sorties int\u00e9gr\u00e9es sur les sorties de code indicateur de la carte m\u00e8re\u00a0; Par binaire int\u00e9gr\u00e9 (\u00e9galement binaire invers\u00e9) &amp; code Gray (\u00e9galement code Gray invers\u00e9) et sorties de signalisation \u00e0 7 segments (programmables dans un menu) Connexions du circuit de s\u00e9curit\u00e9 ; Connexion sp\u00e9ciale pour circuit de s\u00e9curit\u00e9 avec support de carte KBK-5 Compatibilit\u00e9\u00a0; Conformit\u00e9 totale \u00e0 la norme EN 81-1\/2 +A3 en tant que panneau complet<\/span><\/p>\n","protected":false},"excerpt":{"rendered":"<p><strong><span style=\"vertical-align: inherit;\">Panneau de commande d&rsquo;ascenseur <\/span><\/strong> <span style=\"vertical-align: inherit;\"><strong>ARL 300 <\/strong><\/span><strong><span style=\"vertical-align: inherit;\">CARACT\u00c9RISTIQUES G\u00c9N\u00c9RALES<\/span><\/strong><span style=\"vertical-align: inherit;\"> Nombre d&rsquo;arr\u00eats\u00a0: 24 arr\u00eats Type d&rsquo;entra\u00eenement\u00a0: C\u00e2ble, deux vitesses, hydraulique, r\u00e9gul\u00e9 VVVF (avec onduleur ADrive VVVF) + Machine \u00e0 engrenages, + Machine sans engrenage (avec ou sans salle des machines) Vitesse de levage\u00a0: vers le haut jusqu&rsquo;\u00e0 1,6 m\/s Type de commande\u00a0: bouton-poussoir simple, commande parall\u00e8le (int\u00e9rieur\/ext\u00e9rieur mixtes), bouton unique mont\u00e9e et descente collectif, bouton unique mont\u00e9e collectif, bouton unique descente collectif, collectif complet Fonctionnement en groupe\u00a0: jusqu&rsquo;\u00e0 4 ascenseurs Installation de cabine\u00a0: Installation de cabine en s\u00e9rie jusqu&rsquo;\u00e0 16 arr\u00eats avec support de bo\u00eetier d&rsquo;inspection RK22 Installation d&rsquo;atterrissage\u00a0: installation d&rsquo;atterrissage parall\u00e8le<\/span><\/p>\n","protected":false},"featured_media":992505,"comment_status":"open","ping_status":"closed","template":"","meta":[],"product_brand":[],"product_cat":[682,736],"product_tag":[],"class_list":{"0":"post-996859","1":"product","2":"type-product","3":"status-publish","4":"has-post-thumbnail","6":"product_cat-controleurs-dascenseur","7":"product_cat-panneaux-de-controle-dascenseur","9":"first","10":"instock","11":"shipping-taxable","12":"product-type-simple","13":"prodpage-style2"},"_links":{"self":[{"href":"https:\/\/isfelevator.com\/fr\/wp-json\/wp\/v2\/product\/996859","targetHints":{"allow":["GET"]}}],"collection":[{"href":"https:\/\/isfelevator.com\/fr\/wp-json\/wp\/v2\/product"}],"about":[{"href":"https:\/\/isfelevator.com\/fr\/wp-json\/wp\/v2\/types\/product"}],"replies":[{"embeddable":true,"href":"https:\/\/isfelevator.com\/fr\/wp-json\/wp\/v2\/comments?post=996859"}],"wp:featuredmedia":[{"embeddable":true,"href":"https:\/\/isfelevator.com\/fr\/wp-json\/wp\/v2\/media\/992505"}],"wp:attachment":[{"href":"https:\/\/isfelevator.com\/fr\/wp-json\/wp\/v2\/media?parent=996859"}],"wp:term":[{"taxonomy":"product_brand","embeddable":true,"href":"https:\/\/isfelevator.com\/fr\/wp-json\/wp\/v2\/product_brand?post=996859"},{"taxonomy":"product_cat","embeddable":true,"href":"https:\/\/isfelevator.com\/fr\/wp-json\/wp\/v2\/product_cat?post=996859"},{"taxonomy":"product_tag","embeddable":true,"href":"https:\/\/isfelevator.com\/fr\/wp-json\/wp\/v2\/product_tag?post=996859"}],"curies":[{"name":"wp","href":"https:\/\/api.w.org\/{rel}","templated":true}]}}