{"id":996850,"date":"2023-02-24T13:04:19","date_gmt":"2023-02-24T13:04:19","guid":{"rendered":"https:\/\/isfelevator.com\/product\/arl-500-elevator-controller-panels\/"},"modified":"2023-02-28T07:18:35","modified_gmt":"2023-02-28T07:18:35","slug":"panneau-arl-500-panneaux-de-controleur-dascenseur","status":"publish","type":"product","link":"https:\/\/isfelevator.com\/fr\/product\/panneau-arl-500-panneaux-de-controleur-dascenseur\/","title":{"rendered":"Panneau ARL 500 Panneaux de contr\u00f4leur d&rsquo;ascenseur"},"content":{"rendered":"<p><strong><span style=\"vertical-align: inherit;\">Panneau ARL 500. Panneaux de contr\u00f4leur d&rsquo;ascenseur<\/span><\/strong><\/p>\n<p><strong><span style=\"vertical-align: inherit;\">Panneau ARL 500 <\/span><\/strong> <strong><span style=\"vertical-align: inherit;\">CARACT\u00c9RISTIQUES G\u00c9N\u00c9RALES<\/span><\/strong><span style=\"vertical-align: inherit;\">Communication avec les Unit\u00e9s Car : Communication cabine s\u00e9rie via CANBus, Connexion un \u00e0 un par c\u00e2bles souples avec prises entre le panneau de commande et le bo\u00eetier d&rsquo;inspection, Connexion Plug &amp; Play par un c\u00e2ble avec prise entre le COP et le bo\u00eetier d&rsquo;inspection. Communication avec les unit\u00e9s de d\u00e9barquement. Panneau ARL 500 Communication d&rsquo;atterrissage en s\u00e9rie via CANBus, Ligne CANBus qui est reli\u00e9e par des c\u00e2bles avec des prises d&rsquo;\u00e9tage \u00e0 \u00e9tage et qui s&rsquo;\u00e9tend le long des gaines, Connexion Plug &amp; Play pour les panneaux de commande d&rsquo;atterrissage par des c\u00e2bles avec des prises qui sont connect\u00e9es \u00e0 la ligne CANBus de la gaine \u00e0 chaque sol. C\u00e2blage des contacts de porte\u00a0: installation de contact de porte qui est reli\u00e9e par des c\u00e2bles avec des prises d&rsquo;\u00e9tage \u00e0 \u00e9tage et qui s&rsquo;\u00e9tend le long de l&rsquo;arbre, connexion pour les contacts plug &amp; play des portes pali\u00e8res par des c\u00e2bles avec des prises qui sont connect\u00e9es \u00e0 l&rsquo;installation du contact de porte.<\/span><\/p>\n<p><strong><span style=\"vertical-align: inherit;\">CARACT\u00c9RISTIQUES DU SYST\u00c8ME ARL 500 Panel<\/span><\/strong><span style=\"vertical-align: inherit;\">Commande de porte automatique pour tout type de porte, Commande de porte ind\u00e9pendante pour chaque \u00e9tage par double support de porte 1 entr\u00e9e\/sortie de commande de porte dans le bo\u00eetier d&rsquo;inspection, 2 dans le panneau de commande Positionnement de la cabine Par encodeur, Par interrupteurs magn\u00e9tiques et aimants Options d&rsquo;indicateur pour le panneau de commande de la cabine\u00a0; Indicateur LCD graphique 240 x 128 pixels Indicateur LCD graphique 128 x 64 pixels (vertical\/horizontal) 2 \u00e9crans matriciels 30 mm 3 \u00e9crans matriciels 30 mm Options du module d&rsquo;appel\/d&rsquo;indicateur pour les panneaux de commande d&rsquo;atterrissage\u00a0; Indicateur LCD graphique 240 x 128 pixels (au-dessus d&rsquo;une porte) Indicateur LCD graphique 128 x 64 pixels (vertical) Affichage matriciel 2 x 30 mm Affichage matriciel 3 x 30 mm Module d&rsquo;appel sans affichage Syst\u00e8me de secours d&rsquo;urgence ; Par int\u00e9gration AKUS-SD dans le panneau de commande (pour les \u00e9l\u00e9vateurs \u00e0 c\u00e2ble), En ajoutant la carte ARL-SARJ et 2 pi\u00e8ces de batterie 12V (pour les \u00e9l\u00e9vateurs hydrauliques).<\/span><\/p>\n<p><span style=\"vertical-align: inherit;\">ARL 500 Pont de porte \u00e0 panneau\u00a0; Pr\u00e9-ouverture de porte et remise \u00e0 niveau d&rsquo;ouverture de porte par relais de pontage de porte sur la carte m\u00e8re Protection de phase moteur, Par entr\u00e9es\/sorties int\u00e9gr\u00e9es sur la carte m\u00e8re Entr\u00e9es\/sorties programmables, Entr\u00e9es\/sorties programmables libres sur la carte m\u00e8re, les cartes de cabine et les cartes d&rsquo;atterrissage Fonctions de test ; Fonction de test sp\u00e9ciale pour tester les connexions des panneaux de boutons de cabine et d&rsquo;atterrissage T\u00e9l\u00e9commande\u00a0; Contr\u00f4le de la carte m\u00e8re ARL-500 et de l&rsquo;onduleur ADrive VVVF \u00e0 l&rsquo;aide d&rsquo;un terminal manuel connect\u00e9 \u00e0 la ligne CANBus \u00e0 partir de n&rsquo;importe quel point Connexions du circuit de s\u00e9curit\u00e9\u00a0; Connexions sp\u00e9ciales dans le panneau de commande, le bo\u00eetier d&rsquo;inspection et le bo\u00eetier de fosse pour les circuits de s\u00e9curit\u00e9 Alimentation de la cabine et de la gaine\u00a0; Fusibles prot\u00e9g\u00e9s contre les d\u00e9fauts \u00e0 la terre pour l&rsquo;\u00e9clairage de la cabine et de la gaine Circuit d&rsquo;\u00e9clairage de la gaine\u00a0; Circuit d&rsquo;\u00e9clairage de la gaine via un relais d&rsquo;impulsion de courant (activ\u00e9 avec des boutons dans le bo\u00eetier d&rsquo;inspection et le bo\u00eetier de fosse) Sir\u00e8ne d&rsquo;alarme d&rsquo;urgence (activ\u00e9e avec des boutons dans le bo\u00eetier d&rsquo;inspection et le bo\u00eetier de fosse) Compatibilit\u00e9\u00a0; CEM test\u00e9 et v\u00e9rifi\u00e9, enti\u00e8rement conforme \u00e0 la norme EN 81-1\/2 + A3 en tant que syst\u00e8me de contr\u00f4le d&rsquo;ascenseur complet<\/span><\/p>\n","protected":false},"excerpt":{"rendered":"<p><strong><span style=\"vertical-align: inherit;\">Panneau de commande d&rsquo;ascenseur <\/span><\/strong><span style=\"vertical-align: inherit;\"><strong>ARL 500<\/strong> Nombre d&rsquo;arr\u00eats\u00a0: jusqu&rsquo;\u00e0 48 arr\u00eats Type d&rsquo;entra\u00eenement\u00a0: deux vitesses, hydraulique, VVVF (avec onduleur ADrive VVVF) + machine \u00e0 engrenages, + machine sans engrenage (avec ou sans salle des machines) Vitesse de levage\u00a0: jusqu&rsquo;\u00e0 2,5\u00a0m \/s Type de contr\u00f4le : Collectif complet, Collectif Mont\u00e9e ou Descente Commande de groupe : Jusqu&rsquo;\u00e0 8 ascenseurs<\/span><\/p>\n","protected":false},"featured_media":992481,"comment_status":"open","ping_status":"closed","template":"","meta":[],"product_brand":[],"product_cat":[682,736],"product_tag":[],"class_list":{"0":"post-996850","1":"product","2":"type-product","3":"status-publish","4":"has-post-thumbnail","6":"product_cat-controleurs-dascenseur","7":"product_cat-panneaux-de-controle-dascenseur","9":"first","10":"instock","11":"shipping-taxable","12":"product-type-simple","13":"prodpage-style2"},"_links":{"self":[{"href":"https:\/\/isfelevator.com\/fr\/wp-json\/wp\/v2\/product\/996850","targetHints":{"allow":["GET"]}}],"collection":[{"href":"https:\/\/isfelevator.com\/fr\/wp-json\/wp\/v2\/product"}],"about":[{"href":"https:\/\/isfelevator.com\/fr\/wp-json\/wp\/v2\/types\/product"}],"replies":[{"embeddable":true,"href":"https:\/\/isfelevator.com\/fr\/wp-json\/wp\/v2\/comments?post=996850"}],"wp:featuredmedia":[{"embeddable":true,"href":"https:\/\/isfelevator.com\/fr\/wp-json\/wp\/v2\/media\/992481"}],"wp:attachment":[{"href":"https:\/\/isfelevator.com\/fr\/wp-json\/wp\/v2\/media?parent=996850"}],"wp:term":[{"taxonomy":"product_brand","embeddable":true,"href":"https:\/\/isfelevator.com\/fr\/wp-json\/wp\/v2\/product_brand?post=996850"},{"taxonomy":"product_cat","embeddable":true,"href":"https:\/\/isfelevator.com\/fr\/wp-json\/wp\/v2\/product_cat?post=996850"},{"taxonomy":"product_tag","embeddable":true,"href":"https:\/\/isfelevator.com\/fr\/wp-json\/wp\/v2\/product_tag?post=996850"}],"curies":[{"name":"wp","href":"https:\/\/api.w.org\/{rel}","templated":true}]}}