{"id":996841,"date":"2023-02-24T13:04:19","date_gmt":"2023-02-24T13:04:19","guid":{"rendered":"https:\/\/isfelevator.com\/product\/arcode-elevator-controller-panels\/"},"modified":"2023-02-28T07:00:28","modified_gmt":"2023-02-28T07:00:28","slug":"panneau-arcode-panneaux-de-controleur-dascenseur","status":"publish","type":"product","link":"https:\/\/isfelevator.com\/fr\/product\/panneau-arcode-panneaux-de-controleur-dascenseur\/","title":{"rendered":"Panneau ARCODE Panneaux de contr\u00f4leur d&rsquo;ascenseur"},"content":{"rendered":"<p><strong><span style=\"vertical-align: inherit;\">Panneau ARCODE. Panneaux de contr\u00f4leur d&rsquo;ascenseur<\/span><\/strong><\/p>\n<p><strong><span style=\"vertical-align: inherit;\">CARACT\u00c9RISTIQUES DU SYST\u00c8ME<\/span><\/strong><span style=\"vertical-align: inherit;\"> Communication avec les unit\u00e9s embarqu\u00e9es\u00a0; Communication voiture s\u00e9rie via CANBus Connexion un \u00e0 un par c\u00e2bles souples avec prises entre le panneau de commande et le bo\u00eetier d&rsquo;inspection Connexion plug &amp; play par un c\u00e2ble avec prise entre le COP et le bo\u00eetier d&rsquo;inspection Communication avec les unit\u00e9s d&rsquo;atterrissage\u00a0; Communication d&rsquo;atterrissage s\u00e9rie via CANBus ou communication d&rsquo;atterrissage parall\u00e8le via la carte SP16. Ligne CANBus qui est reli\u00e9e par des c\u00e2bles avec des prises d&rsquo;\u00e9tage \u00e0 \u00e9tage et qui s&rsquo;\u00e9tend le long de la gaine Connexion Plug &amp; Play pour les panneaux de commande d&rsquo;atterrissage par des c\u00e2bles avec des prises qui sont connect\u00e9es \u00e0 la gaine.<\/span><\/p>\n<p><span style=\"vertical-align: inherit;\">Panneau ARCODE Ligne CANBus \u00e0 chaque \u00e9tage Contacts de porte C\u00e2blage\u00a0; Installation de contact de porte qui est reli\u00e9e par des c\u00e2bles avec des prises d&rsquo;\u00e9tage \u00e0 \u00e9tage et qui s&rsquo;\u00e9tend le long de la gaine Connexion pour les contacts plug &amp; play des portes pali\u00e8res par des c\u00e2bles avec des prises qui sont connect\u00e9es \u00e0 l&rsquo;installation de contact de porte C\u00e2blage de gaine\u00a0; Connexion au pit box par un c\u00e2ble avec prises Car Positioning; Par encodeur Par interrupteurs magn\u00e9tiques et aimants Contr\u00f4le automatique des portes\u00a0; Commande de porte automatique pour tout type de porte Commande de porte ind\u00e9pendante pour chaque \u00e9tage par support de porte double 1 entr\u00e9e\/sortie de commande de porte dans la bo\u00eete d&rsquo;inspection, 2 dans le panneau de commande Options d&rsquo;indicateur pour le panneau de commande de la cabine\u00a0; 5.7&Prime; Indicateur LCD TFT couleur 320 x 240 pixels Indicateur LCD graphique 240 x 128 pixels Indicateur LCD graphique 128 x 64 pixels (vertical \/ horizontal) 2 \u00e9crans matriciels de 30 mm 3 \u00e9crans matriciels de 30 mm Options du module d&rsquo;appel\/d&rsquo;indicateur pour les panneaux de commande d&rsquo;atterrissage\u00a0; Indicateur LCD graphique 240 x 128 pixels (au-dessus de la porte) Indicateur LCD graphique 128 x 64 pixels (vertical) Affichage matriciel 2 x 30 mm Affichage matriciel 3 x 30 mm.<\/span><\/p>\n<p><span style=\"vertical-align: inherit;\">Module d&rsquo;appel panneau ARCODE sans affichage Op\u00e9ration d&rsquo;\u00e9vacuation\u00a0; En utilisant un onduleur 220VAC monophas\u00e9 ou une batterie Vers l&rsquo;\u00e9tage le plus proche ou sp\u00e9cifique Pontage de porte\u00a0; Pr\u00e9-ouverture de la porte et remise \u00e0 niveau de l&rsquo;ouverture de la porte par relais de pontage de porte sur la carte DBR Protection des phases du moteur\u00a0; Par entr\u00e9es\/sorties int\u00e9gr\u00e9es sur la carte m\u00e8re. entr\u00e9es\/sorties programmables\u00a0; Entr\u00e9es\/sorties programmables gratuites sur Arcode, cartes de voiture et cartes d&rsquo;atterrissage Fonctions de test\u00a0; Fonction de test sp\u00e9ciale pour tester les connexions des panneaux de boutons de cabine et d&rsquo;atterrissage T\u00e9l\u00e9commande\u00a0; Contr\u00f4le de la carte m\u00e8re ARL-500 et de l&rsquo;onduleur ADrive VVVF \u00e0 l&rsquo;aide d&rsquo;un terminal manuel connect\u00e9 \u00e0 la ligne CANBus \u00e0 partir de n&rsquo;importe quel point Connexion du circuit de s\u00e9curit\u00e9\u00a0; Connexions sp\u00e9ciales dans le panneau de commande, le bo\u00eetier d&rsquo;inspection et le bo\u00eetier de fosse pour les circuits de s\u00e9curit\u00e9 Alimentation de la cabine et de la gaine\u00a0; Fusibles prot\u00e9g\u00e9s contre les d\u00e9fauts \u00e0 la terre pour l&rsquo;\u00e9clairage de la cabine et de la gaine Circuit d&rsquo;\u00e9clairage de la gaine\u00a0; Circuit d&rsquo;\u00e9clairage de la gaine via un relais d&rsquo;impulsion de courant (activ\u00e9 avec des boutons dans le bo\u00eetier d&rsquo;inspection et le bo\u00eetier de fosse) Alarme d&rsquo;urgence\u00a0; Sir\u00e8ne d&rsquo;alarme d&rsquo;urgence (activ\u00e9e avec des boutons dans la bo\u00eete d&rsquo;inspection et la bo\u00eete de fosse) Compatibilit\u00e9\u00a0; Test\u00e9 et v\u00e9rifi\u00e9 CEM Compatibilit\u00e9 totale avec la norme EN 81-20 en tant que syst\u00e8me de contr\u00f4le d&rsquo;ascenseur complet<\/span><\/p>\n","protected":false},"excerpt":{"rendered":"<p><strong><span style=\"vertical-align: inherit;\">Panneau ARCODE<\/span><\/strong><span style=\"vertical-align: inherit;\"> Nombre d&rsquo;arr\u00eats\u00a0: jusqu&rsquo;\u00e0 64 arr\u00eats Type d&rsquo;entra\u00eenement\u00a0: c\u00e2ble, VVVF (avec onduleur ADrive VVVF), machine \u00e0 engrenages, machine sans engrenage (avec ou sans salle des machines) Vitesse de levage\u00a0: jusqu&rsquo;\u00e0 4\u00a0m\/s Type de commande\u00a0: collectif complet, Commande de groupe collectif vers le haut ou vers le bas\u00a0: jusqu&rsquo;\u00e0 8\u00a0ascenseurs<\/span><\/p>\n","protected":false},"featured_media":992451,"comment_status":"open","ping_status":"closed","template":"","meta":[],"product_brand":[],"product_cat":[682,736],"product_tag":[],"class_list":{"0":"post-996841","1":"product","2":"type-product","3":"status-publish","4":"has-post-thumbnail","6":"product_cat-controleurs-dascenseur","7":"product_cat-panneaux-de-controle-dascenseur","9":"first","10":"instock","11":"shipping-taxable","12":"product-type-simple","13":"prodpage-style2"},"_links":{"self":[{"href":"https:\/\/isfelevator.com\/fr\/wp-json\/wp\/v2\/product\/996841","targetHints":{"allow":["GET"]}}],"collection":[{"href":"https:\/\/isfelevator.com\/fr\/wp-json\/wp\/v2\/product"}],"about":[{"href":"https:\/\/isfelevator.com\/fr\/wp-json\/wp\/v2\/types\/product"}],"replies":[{"embeddable":true,"href":"https:\/\/isfelevator.com\/fr\/wp-json\/wp\/v2\/comments?post=996841"}],"wp:featuredmedia":[{"embeddable":true,"href":"https:\/\/isfelevator.com\/fr\/wp-json\/wp\/v2\/media\/992451"}],"wp:attachment":[{"href":"https:\/\/isfelevator.com\/fr\/wp-json\/wp\/v2\/media?parent=996841"}],"wp:term":[{"taxonomy":"product_brand","embeddable":true,"href":"https:\/\/isfelevator.com\/fr\/wp-json\/wp\/v2\/product_brand?post=996841"},{"taxonomy":"product_cat","embeddable":true,"href":"https:\/\/isfelevator.com\/fr\/wp-json\/wp\/v2\/product_cat?post=996841"},{"taxonomy":"product_tag","embeddable":true,"href":"https:\/\/isfelevator.com\/fr\/wp-json\/wp\/v2\/product_tag?post=996841"}],"curies":[{"name":"wp","href":"https:\/\/api.w.org\/{rel}","templated":true}]}}