{"id":996833,"date":"2023-02-24T13:04:19","date_gmt":"2023-02-24T13:04:19","guid":{"rendered":"https:\/\/isfelevator.com\/product\/adrive-speed-control-units\/"},"modified":"2023-02-28T06:49:45","modified_gmt":"2023-02-28T06:49:45","slug":"unites-de-controle-de-vitesse-adrive","status":"publish","type":"product","link":"https:\/\/isfelevator.com\/fr\/product\/unites-de-controle-de-vitesse-adrive\/","title":{"rendered":"Unit\u00e9s de contr\u00f4le de vitesse ADrive"},"content":{"rendered":"<p><strong><span style=\"vertical-align: inherit;\">Unit\u00e9s de contr\u00f4le de vitesse ADrive<\/span><\/strong><\/p>\n<p><span style=\"vertical-align: inherit;\">CARACT\u00c9RISTIQUES G\u00c9N\u00c9RALES ADrive Peut \u00eatre utilis\u00e9 avec des entra\u00eenements d&rsquo;ascenseur asynchrones (avec engrenage) et synchrones (sans engrenage). Offre un grand confort de voyage. Peut \u00eatre utilis\u00e9 avec des entra\u00eenements d&rsquo;ascenseur asynchrones (avec engrenage) et synchrones (sans engrenage). Offre un grand confort de voyage. Arr\u00eat au sol ind\u00e9pendant de la charge et sensible. Motorisation \u00e0 couple \u00e9lev\u00e9 \u00e0 toutes les vitesses par modulation vectorielle spatiale. Jusqu&rsquo;\u00e0 40 % d&rsquo;\u00e9conomies d&rsquo;\u00e9nergie \u00e9lectrique.<\/span><\/p>\n<p><span style=\"vertical-align: inherit;\">ADrive \u00e9limine les probl\u00e8mes de d\u00e9marrage avec les g\u00e9n\u00e9rateurs \u00e0 l&rsquo;aide d&rsquo;un courant de moteur contr\u00f4l\u00e9. Sp\u00e9cialement con\u00e7u pour les ascenseurs. Param\u00e8tres sp\u00e9ciaux pour le confort de voyage. Fr\u00e9quence de commutation IPM de 10 kHz pour un entra\u00eenement \u00e0 moteur \u00e0 faible bruit. Consommation d&rsquo;\u00e9nergie via un r\u00e9acteur DC interne. 4 ventilateurs silencieux pour un refroidissement efficace. Toutes les entr\u00e9es et sorties de contr\u00f4le isol\u00e9es. Surcharge, haute tension, basse tension, court-circuit de sortie, perte de puissance, contr\u00f4le de phase de ligne, surchauffe, d\u00e9faut \u00e0 la terre, surcouple et autres fonctions de protection n\u00e9cessaires. CEM test\u00e9 et v\u00e9rifi\u00e9. Mod\u00e8les de 5,5 kW, 7,5 kW, 11 kW, 15 kW et 22 kW.<\/span><\/p>\n","protected":false},"excerpt":{"rendered":"<p><strong><span style=\"vertical-align: inherit;\">ADrive<\/span><\/strong><span style=\"vertical-align: inherit;\"> ADrive VVVF Inverter con\u00e7u pour les ascenseurs Fonction anti-retour pour emp\u00eacher le retour en arri\u00e8re sans unit\u00e9 de cellule de charge. Fonction de correction automatique de la courbe de d\u00e9placement pour les sols courts. Fonction de d\u00e9tection de gain excessif pour emp\u00eacher l&rsquo;oscillation du moteur<\/span><\/p>\n","protected":false},"featured_media":992421,"comment_status":"open","ping_status":"closed","template":"","meta":[],"product_brand":[],"product_cat":[682,760],"product_tag":[],"class_list":{"0":"post-996833","1":"product","2":"type-product","3":"status-publish","4":"has-post-thumbnail","6":"product_cat-controleurs-dascenseur","7":"product_cat-unites-de-commande-de-vitesse","9":"first","10":"instock","11":"shipping-taxable","12":"product-type-simple","13":"prodpage-style2"},"_links":{"self":[{"href":"https:\/\/isfelevator.com\/fr\/wp-json\/wp\/v2\/product\/996833","targetHints":{"allow":["GET"]}}],"collection":[{"href":"https:\/\/isfelevator.com\/fr\/wp-json\/wp\/v2\/product"}],"about":[{"href":"https:\/\/isfelevator.com\/fr\/wp-json\/wp\/v2\/types\/product"}],"replies":[{"embeddable":true,"href":"https:\/\/isfelevator.com\/fr\/wp-json\/wp\/v2\/comments?post=996833"}],"wp:featuredmedia":[{"embeddable":true,"href":"https:\/\/isfelevator.com\/fr\/wp-json\/wp\/v2\/media\/992421"}],"wp:attachment":[{"href":"https:\/\/isfelevator.com\/fr\/wp-json\/wp\/v2\/media?parent=996833"}],"wp:term":[{"taxonomy":"product_brand","embeddable":true,"href":"https:\/\/isfelevator.com\/fr\/wp-json\/wp\/v2\/product_brand?post=996833"},{"taxonomy":"product_cat","embeddable":true,"href":"https:\/\/isfelevator.com\/fr\/wp-json\/wp\/v2\/product_cat?post=996833"},{"taxonomy":"product_tag","embeddable":true,"href":"https:\/\/isfelevator.com\/fr\/wp-json\/wp\/v2\/product_tag?post=996833"}],"curies":[{"name":"wp","href":"https:\/\/api.w.org\/{rel}","templated":true}]}}