{"id":996825,"date":"2023-02-24T13:04:19","date_gmt":"2023-02-24T13:04:19","guid":{"rendered":"https:\/\/isfelevator.com\/product\/arl-100-elevator-controller-units\/"},"modified":"2023-02-28T06:43:36","modified_gmt":"2023-02-28T06:43:36","slug":"unites-de-controle-dascenseur-arl-100","status":"publish","type":"product","link":"https:\/\/isfelevator.com\/fr\/product\/unites-de-controle-dascenseur-arl-100\/","title":{"rendered":"Unit\u00e9s de contr\u00f4le d&rsquo;ascenseur ARL 100"},"content":{"rendered":"<p><strong><span style=\"vertical-align: inherit;\">Unit\u00e9s de contr\u00f4le d&rsquo;ascenseur ARL 100<\/span><\/strong><\/p>\n<p><span style=\"vertical-align: inherit;\">Caract\u00e9ristiques : Une carte \u00e9conomique et pratique pour les ascenseurs simple pression \u00e0 une ou deux vitesses jusqu&rsquo;\u00e0 8 \u00e9tages. Le syst\u00e8me est compos\u00e9 d&rsquo;une seule unit\u00e9 (22x11cm). La d\u00e9tection d&rsquo;\u00e9tage est effectu\u00e9e par un syst\u00e8me de compteur. Seuls 3 interrupteurs magn\u00e9tiques pour les syst\u00e8mes \u00e0 une vitesse et 4 pour les syst\u00e8mes \u00e0 deux vitesses, y compris les interrupteurs de fin de course, sont utilis\u00e9s pour n&rsquo;importe quel nombre d&rsquo;\u00e9tages. Tous les param\u00e8tres du syst\u00e8me (Nombre d&rsquo;\u00e9tages, d\u00e9lai d&rsquo;occupation, temps d&rsquo;attente de verrouillage de la porte, porte automatique oui-non, temps de d\u00e9placement max. d&rsquo;\u00e9tage \u00e0 \u00e9tage, \u00e9tage du parc incendie, temps d&rsquo;attente max. pour la fermeture de la porte, arr\u00eat au niveau de l&rsquo;\u00e9tage lors de l&rsquo;inspection) r\u00e9glable par l&rsquo;utilisateur via 3 boutons et afficheur 7 segments sur la carte.<\/span><\/p>\n<p><span style=\"vertical-align: inherit;\">ARL 100 un affichage \u00e0 7 segments indique la position de la voiture dans des conditions normales et affiche un code d&rsquo;erreur dans des conditions anormales. Une entr\u00e9e d&rsquo;alarme incendie, une entr\u00e9e de capteur de tremblement de terre, une entr\u00e9e de surcharge, une entr\u00e9e de commutateur de priorit\u00e9 de voiture, une fl\u00e8che de direction, une lampe de voiture, des sorties occup\u00e9es, hors service et de porte automatique sont disponibles. Les sorties \u00e0 7 segments et de signalisation sont prot\u00e9g\u00e9es contre les courts-circuits Con\u00e7u selon la norme europ\u00e9enne des ascenseurs EN-81.<\/span><\/p>\n","protected":false},"excerpt":{"rendered":"<p><strong><span style=\"vertical-align: inherit;\">ARL 100<\/span><\/strong><span style=\"vertical-align: inherit;\"> Contr\u00f4leur d&rsquo;ascenseur pour syst\u00e8mes non collectifs Une carte \u00e9conomique et pratique pour les ascenseurs simple bouton poussoir \u00e0 une ou deux vitesses jusqu&rsquo;\u00e0 8 \u00e9tages.<\/span><\/p>\n","protected":false},"featured_media":992415,"comment_status":"open","ping_status":"closed","template":"","meta":[],"product_brand":[],"product_cat":[682,742],"product_tag":[],"class_list":{"0":"post-996825","1":"product","2":"type-product","3":"status-publish","4":"has-post-thumbnail","6":"product_cat-controleurs-dascenseur","7":"product_cat-unites-de-controle-dascenseur","9":"first","10":"instock","11":"shipping-taxable","12":"product-type-simple","13":"prodpage-style2"},"_links":{"self":[{"href":"https:\/\/isfelevator.com\/fr\/wp-json\/wp\/v2\/product\/996825","targetHints":{"allow":["GET"]}}],"collection":[{"href":"https:\/\/isfelevator.com\/fr\/wp-json\/wp\/v2\/product"}],"about":[{"href":"https:\/\/isfelevator.com\/fr\/wp-json\/wp\/v2\/types\/product"}],"replies":[{"embeddable":true,"href":"https:\/\/isfelevator.com\/fr\/wp-json\/wp\/v2\/comments?post=996825"}],"wp:featuredmedia":[{"embeddable":true,"href":"https:\/\/isfelevator.com\/fr\/wp-json\/wp\/v2\/media\/992415"}],"wp:attachment":[{"href":"https:\/\/isfelevator.com\/fr\/wp-json\/wp\/v2\/media?parent=996825"}],"wp:term":[{"taxonomy":"product_brand","embeddable":true,"href":"https:\/\/isfelevator.com\/fr\/wp-json\/wp\/v2\/product_brand?post=996825"},{"taxonomy":"product_cat","embeddable":true,"href":"https:\/\/isfelevator.com\/fr\/wp-json\/wp\/v2\/product_cat?post=996825"},{"taxonomy":"product_tag","embeddable":true,"href":"https:\/\/isfelevator.com\/fr\/wp-json\/wp\/v2\/product_tag?post=996825"}],"curies":[{"name":"wp","href":"https:\/\/api.w.org\/{rel}","templated":true}]}}