{"id":996817,"date":"2023-02-24T13:04:20","date_gmt":"2023-02-24T13:04:20","guid":{"rendered":"https:\/\/isfelevator.com\/product\/2x-dotmatrix\/"},"modified":"2023-02-28T06:34:02","modified_gmt":"2023-02-28T06:34:02","slug":"2x-dotmatrix-matrice-de-points","status":"publish","type":"product","link":"https:\/\/isfelevator.com\/fr\/product\/2x-dotmatrix-matrice-de-points\/","title":{"rendered":"2X Dotmatrix (matrice de points)"},"content":{"rendered":"<p><strong>2X Dotmatrix (matrice de points)<\/strong><\/p>\n<p><img loading=\"lazy\" decoding=\"async\" class=\"alignleft wp-image-2902 size-full\" src=\"https:\/\/isfelevator.com\/wp-content\/uploads\/2017\/10\/KK2X3057-Assambly-Dimensions-1.jpg\" alt=\"\" width=\"1019\" height=\"1024\" \/><\/p>\n","protected":false},"excerpt":{"rendered":"<p>Module d&rsquo;appel\/Indicateur (2 pi\u00e8ces de 30 mm 5&#215;7 \u00e9crans \u00e0 matrice de points &#8211; Interface CANBus)<\/p>\n","protected":false},"featured_media":992655,"comment_status":"open","ping_status":"closed","template":"","meta":[],"product_brand":[],"product_cat":[700,682,688],"product_tag":[],"class_list":{"0":"post-996817","1":"product","2":"type-product","3":"status-publish","4":"has-post-thumbnail","6":"product_cat-affichages","7":"product_cat-controleurs-dascenseur","8":"product_cat-unites-auxiliaires","10":"first","11":"instock","12":"shipping-taxable","13":"product-type-simple","14":"prodpage-style2"},"_links":{"self":[{"href":"https:\/\/isfelevator.com\/fr\/wp-json\/wp\/v2\/product\/996817","targetHints":{"allow":["GET"]}}],"collection":[{"href":"https:\/\/isfelevator.com\/fr\/wp-json\/wp\/v2\/product"}],"about":[{"href":"https:\/\/isfelevator.com\/fr\/wp-json\/wp\/v2\/types\/product"}],"replies":[{"embeddable":true,"href":"https:\/\/isfelevator.com\/fr\/wp-json\/wp\/v2\/comments?post=996817"}],"wp:featuredmedia":[{"embeddable":true,"href":"https:\/\/isfelevator.com\/fr\/wp-json\/wp\/v2\/media\/992655"}],"wp:attachment":[{"href":"https:\/\/isfelevator.com\/fr\/wp-json\/wp\/v2\/media?parent=996817"}],"wp:term":[{"taxonomy":"product_brand","embeddable":true,"href":"https:\/\/isfelevator.com\/fr\/wp-json\/wp\/v2\/product_brand?post=996817"},{"taxonomy":"product_cat","embeddable":true,"href":"https:\/\/isfelevator.com\/fr\/wp-json\/wp\/v2\/product_cat?post=996817"},{"taxonomy":"product_tag","embeddable":true,"href":"https:\/\/isfelevator.com\/fr\/wp-json\/wp\/v2\/product_tag?post=996817"}],"curies":[{"name":"wp","href":"https:\/\/api.w.org\/{rel}","templated":true}]}}