{"id":996793,"date":"2023-02-24T13:04:20","date_gmt":"2023-02-24T13:04:20","guid":{"rendered":"https:\/\/isfelevator.com\/product\/bc-lcd10555-display\/"},"modified":"2023-02-28T06:18:38","modified_gmt":"2023-02-28T06:18:38","slug":"affichage-bc-lcd10555","status":"publish","type":"product","link":"https:\/\/isfelevator.com\/fr\/product\/affichage-bc-lcd10555\/","title":{"rendered":"Affichage BC-LCD10555"},"content":{"rendered":"<p><strong><span style=\"vertical-align: inherit;\">Affichage BC-LCD10555<\/span><\/strong><\/p>\n<p><strong><span style=\"vertical-align: inherit;\">CARACT\u00c9RISTIQUES<\/span><\/strong><span style=\"vertical-align: inherit;\"> Entr\u00e9es de bouton d&rsquo;appel haut et bas et sorties LED Deux entr\u00e9es programmables Sortie haut-parleur (voix gong et bouton) R\u00e9glage du niveau de volume de la voix par un potentiom\u00e8tre<\/span><\/p>\n<p><img loading=\"lazy\" decoding=\"async\" class=\"alignleft wp-image-2908 size-large\" src=\"https:\/\/isfelevator.com\/wp-content\/uploads\/2017\/10\/BC-LCD10555-Assambly-Details-1-1024x1017.jpg\" alt=\"BC-LCD10555\" width=\"1024\" height=\"1017\" \/><\/p>\n","protected":false},"excerpt":{"rendered":"<p><strong><span style=\"vertical-align: inherit;\">Afficheur LCD VA N\u00e9gatif pour Tableau Ascenseurs<\/span><\/strong><span style=\"vertical-align: inherit;\"> Dimensions : 135 mm X 77 mm X 15 mm Zone Visible : 105 X 55 mm R\u00e9solution : 240 x 128 pixels<\/span><\/p>\n","protected":false},"featured_media":992625,"comment_status":"open","ping_status":"closed","template":"","meta":[],"product_brand":[],"product_cat":[700,682,688],"product_tag":[],"class_list":{"0":"post-996793","1":"product","2":"type-product","3":"status-publish","4":"has-post-thumbnail","6":"product_cat-affichages","7":"product_cat-controleurs-dascenseur","8":"product_cat-unites-auxiliaires","10":"first","11":"instock","12":"shipping-taxable","13":"product-type-simple","14":"prodpage-style2"},"_links":{"self":[{"href":"https:\/\/isfelevator.com\/fr\/wp-json\/wp\/v2\/product\/996793","targetHints":{"allow":["GET"]}}],"collection":[{"href":"https:\/\/isfelevator.com\/fr\/wp-json\/wp\/v2\/product"}],"about":[{"href":"https:\/\/isfelevator.com\/fr\/wp-json\/wp\/v2\/types\/product"}],"replies":[{"embeddable":true,"href":"https:\/\/isfelevator.com\/fr\/wp-json\/wp\/v2\/comments?post=996793"}],"wp:featuredmedia":[{"embeddable":true,"href":"https:\/\/isfelevator.com\/fr\/wp-json\/wp\/v2\/media\/992625"}],"wp:attachment":[{"href":"https:\/\/isfelevator.com\/fr\/wp-json\/wp\/v2\/media?parent=996793"}],"wp:term":[{"taxonomy":"product_brand","embeddable":true,"href":"https:\/\/isfelevator.com\/fr\/wp-json\/wp\/v2\/product_brand?post=996793"},{"taxonomy":"product_cat","embeddable":true,"href":"https:\/\/isfelevator.com\/fr\/wp-json\/wp\/v2\/product_cat?post=996793"},{"taxonomy":"product_tag","embeddable":true,"href":"https:\/\/isfelevator.com\/fr\/wp-json\/wp\/v2\/product_tag?post=996793"}],"curies":[{"name":"wp","href":"https:\/\/api.w.org\/{rel}","templated":true}]}}