{"id":996786,"date":"2023-02-24T13:04:20","date_gmt":"2023-02-24T13:04:20","guid":{"rendered":"https:\/\/isfelevator.com\/product\/lcd-240x128a-display\/"},"modified":"2023-02-28T06:10:49","modified_gmt":"2023-02-28T06:10:49","slug":"ecran-lcd-240x128a","status":"publish","type":"product","link":"https:\/\/isfelevator.com\/fr\/product\/ecran-lcd-240x128a\/","title":{"rendered":"\u00c9cran LCD 240X128A"},"content":{"rendered":"<p><strong><span style=\"vertical-align: inherit;\">\u00c9cran LCD 240X128A<\/span><\/strong><\/p>\n<p><strong><span style=\"vertical-align: inherit;\">CARACT\u00c9RISTIQUES<\/span><\/strong><\/p>\n<p><span style=\"vertical-align: inherit;\">Prend en charge jusqu&rsquo;\u00e0 32 \u00e9tages (48 \u00e9tages avec mode CANbus pour le syst\u00e8me de contr\u00f4le ARL-500) R\u00e9solution de 240 x 128 pixels (zone active de 114 mm x 64 mm) Panneau d&rsquo;affichage \u00e0 usage g\u00e9n\u00e9ral pour cabine et paliers Prise en charge de CANbus, code Gray, code binaire, Arkel mode compteur et mode d&rsquo;affichage \u00e0 7 segments Programmation de l&rsquo;appareil avec un menu et des boutons sur LCD240128A ou avec un PC \u00e0 l&rsquo;aide du logiciel LCD240128A Uploader Programmation d&rsquo;images individuellement pour chaque \u00e9tage Fl\u00e8che statique\/anim\u00e9e programmable<\/span><\/p>\n<p><span style=\"vertical-align: inherit;\">LCD 240X128A Sous-titres statiques\/anim\u00e9s programmables Image hors service et surcharge programmable Logo programmable Lettres ou chiffres s\u00e9lectionnables (-, 0&#8230;9, A&#8230;Z) pour le texte au sol Enregistrement ou chargement de vos param\u00e8tres personnels avec LCD240128A Uploader Images utilisateur et les logos peuvent \u00eatre facilement ajout\u00e9s au syst\u00e8me par le logiciel pc Signaux d&rsquo;entr\u00e9e s\u00e9lectionnables communs positifs ou n\u00e9gatifs Pr\u00e9sentation de l&rsquo;heure et de la date (disponible uniquement avec le mode CANbus) Fonction d&rsquo;\u00e9conomie d&rsquo;\u00e9nergie (disponible uniquement avec le mode CANbus)<\/span><\/p>\n<p><img loading=\"lazy\" decoding=\"async\" class=\"alignleft wp-image-2910 size-large\" src=\"https:\/\/isfelevator.com\/wp-content\/uploads\/2017\/10\/LCD240X128A-Assanbly-Details-1-1024x1020.jpg\" alt=\"LCD240X128A\" width=\"1024\" height=\"1020\" \/><\/p>\n","protected":false},"excerpt":{"rendered":"<p><strong><span style=\"vertical-align: inherit;\">\u00c9cran LCD graphique de r\u00e9solution 240 x 128 pixels pour ascenseurs<\/span><\/strong><span style=\"vertical-align: inherit;\"> Type d&rsquo;\u00e9cran LCD : Graphique monochrome Zone visible : 114 mm x 64 mm R\u00e9solution : 240 x 128 pixels<\/span><\/p>\n","protected":false},"featured_media":992613,"comment_status":"open","ping_status":"closed","template":"","meta":[],"product_brand":[],"product_cat":[700,682,688],"product_tag":[],"class_list":{"0":"post-996786","1":"product","2":"type-product","3":"status-publish","4":"has-post-thumbnail","6":"product_cat-affichages","7":"product_cat-controleurs-dascenseur","8":"product_cat-unites-auxiliaires","10":"first","11":"instock","12":"shipping-taxable","13":"product-type-simple","14":"prodpage-style2"},"_links":{"self":[{"href":"https:\/\/isfelevator.com\/fr\/wp-json\/wp\/v2\/product\/996786","targetHints":{"allow":["GET"]}}],"collection":[{"href":"https:\/\/isfelevator.com\/fr\/wp-json\/wp\/v2\/product"}],"about":[{"href":"https:\/\/isfelevator.com\/fr\/wp-json\/wp\/v2\/types\/product"}],"replies":[{"embeddable":true,"href":"https:\/\/isfelevator.com\/fr\/wp-json\/wp\/v2\/comments?post=996786"}],"wp:featuredmedia":[{"embeddable":true,"href":"https:\/\/isfelevator.com\/fr\/wp-json\/wp\/v2\/media\/992613"}],"wp:attachment":[{"href":"https:\/\/isfelevator.com\/fr\/wp-json\/wp\/v2\/media?parent=996786"}],"wp:term":[{"taxonomy":"product_brand","embeddable":true,"href":"https:\/\/isfelevator.com\/fr\/wp-json\/wp\/v2\/product_brand?post=996786"},{"taxonomy":"product_cat","embeddable":true,"href":"https:\/\/isfelevator.com\/fr\/wp-json\/wp\/v2\/product_cat?post=996786"},{"taxonomy":"product_tag","embeddable":true,"href":"https:\/\/isfelevator.com\/fr\/wp-json\/wp\/v2\/product_tag?post=996786"}],"curies":[{"name":"wp","href":"https:\/\/api.w.org\/{rel}","templated":true}]}}