{"id":996778,"date":"2023-02-24T13:04:20","date_gmt":"2023-02-24T13:04:20","guid":{"rendered":"https:\/\/isfelevator.com\/product\/liftmedia-display\/"},"modified":"2023-02-28T06:05:26","modified_gmt":"2023-02-28T06:05:26","slug":"affichage-liftmedia","status":"publish","type":"product","link":"https:\/\/isfelevator.com\/fr\/product\/affichage-liftmedia\/","title":{"rendered":"Affichage LiftMedia"},"content":{"rendered":"<p><strong><span style=\"vertical-align: inherit;\">Affichage LiftMedia<\/span><\/strong><\/p>\n<p><strong><span style=\"vertical-align: inherit;\">CARACT\u00c9RISTIQUES<\/span><\/strong><span style=\"vertical-align: inherit;\"> 5,7&Prime;, 320&#215;240 pixels, \u00e9cran LCD TFT couleur. Capacit\u00e9 de lecture vid\u00e9o sur une section (environ 1\/4) de l&rsquo;\u00e9cran. Lecture de musique de haute qualit\u00e9. Annonce vocale des messages d&rsquo;\u00e9tage et des \u00e9v\u00e9nements d&rsquo;ascenseur (surcharg\u00e9, hors service, incendie alerte, etc.). LiftMedia affiche les noms d&rsquo;\u00e9tage d&rsquo;ascenseur, les images d&rsquo;\u00e9tage, les fl\u00e8ches de direction, le logo, les images d&rsquo;arri\u00e8re-plan et d&rsquo;autres signaux du contr\u00f4leur d&rsquo;ascenseur (surcharg\u00e9, hors service, alerte incendie, etc.). Une ombre port\u00e9e et un effet 3D peuvent \u00eatre ajout\u00e9s \u00e0 tous les \u00e9l\u00e9ments de l&rsquo;affichage. Les images d&rsquo;arri\u00e8re-plan peuvent \u00eatre modifi\u00e9es avec une p\u00e9riode de temps d\u00e9finie par l&rsquo;utilisateur. Affichage de la date, de l&rsquo;heure et de la temp\u00e9rature. Un logiciel de conception visuelle convivial est disponible gratuitement.<\/span><\/p>\n<p><span style=\"vertical-align: inherit;\">LiftMedia prend en charge les types de fichiers multim\u00e9dias courants\u00a0: mp3, MPEG, Avi, WMV, Flv, mp4, m4u et wav. Prend en charge les types de fichiers image courants\u00a0: BMP, jpeg, gif et png. Tous les \u00e9l\u00e9ments d&rsquo;\u00e9cran, de son, de musique et de vid\u00e9o sont personnalisables par l&rsquo;utilisateur. Peut \u00eatre assembl\u00e9 \u00e0 la cabine ou \u00e0 un palier. Interface s\u00e9rie CANBUS avec ARL-500. L&rsquo;orientation horizontale ou verticale est possible pour LiftMedia. Le volume de la musique et des annonces peut \u00eatre r\u00e9gl\u00e9 s\u00e9par\u00e9ment. Le r\u00e9tro\u00e9clairage peut \u00eatre \u00e9teint apr\u00e8s l&rsquo;\u00e9clairage de la voiture avec un d\u00e9lai r\u00e9glable (fonction mode veille). Le son peut \u00eatre coup\u00e9 pendant les heures d\u00e9finies par l&rsquo;utilisateur. Aucun c\u00e2ble de connexion n&rsquo;est n\u00e9cessaire pour la programmation. Copiez simplement le motif de votre PC sur la carte SD et ins\u00e9rez la carte dans LiftMedia.<\/span><\/p>\n<p><span style=\"vertical-align: inherit;\">Utilise les polices install\u00e9es sur le syst\u00e8me d&rsquo;exploitation afin que chaque alphabet soit disponible (cyrillique, grec, arabe, etc.). Des heures de lecture vid\u00e9o et musicale avec la carte SD incluse. L&rsquo;extension de capacit\u00e9 est possible avec la prise en charge de la carte SDHC. Le micrologiciel peut \u00eatre facilement mis \u00e0 jour via une carte SD lorsque de nouvelles versions et de nouvelles fonctionnalit\u00e9s seront disponibles.<\/span><\/p>\n","protected":false},"excerpt":{"rendered":"<p><strong><span style=\"vertical-align: inherit;\">\u00c9cran LCD TFT, musique et syst\u00e8me d&rsquo;annonce pour ascenseurs<\/span><\/strong><span style=\"vertical-align: inherit;\"> Type d&rsquo;\u00e9cran LCD : \u00e9cran TFT couleur 5,7 pouces Zone visible : : 115,2 x 86,4 mm R\u00e9solution : : 320 x 240 pixels<\/span><\/p>\n","protected":false},"featured_media":992601,"comment_status":"open","ping_status":"closed","template":"","meta":[],"product_brand":[],"product_cat":[700,682,688],"product_tag":[],"class_list":{"0":"post-996778","1":"product","2":"type-product","3":"status-publish","4":"has-post-thumbnail","6":"product_cat-affichages","7":"product_cat-controleurs-dascenseur","8":"product_cat-unites-auxiliaires","10":"first","11":"instock","12":"shipping-taxable","13":"product-type-simple","14":"prodpage-style2"},"_links":{"self":[{"href":"https:\/\/isfelevator.com\/fr\/wp-json\/wp\/v2\/product\/996778","targetHints":{"allow":["GET"]}}],"collection":[{"href":"https:\/\/isfelevator.com\/fr\/wp-json\/wp\/v2\/product"}],"about":[{"href":"https:\/\/isfelevator.com\/fr\/wp-json\/wp\/v2\/types\/product"}],"replies":[{"embeddable":true,"href":"https:\/\/isfelevator.com\/fr\/wp-json\/wp\/v2\/comments?post=996778"}],"wp:featuredmedia":[{"embeddable":true,"href":"https:\/\/isfelevator.com\/fr\/wp-json\/wp\/v2\/media\/992601"}],"wp:attachment":[{"href":"https:\/\/isfelevator.com\/fr\/wp-json\/wp\/v2\/media?parent=996778"}],"wp:term":[{"taxonomy":"product_brand","embeddable":true,"href":"https:\/\/isfelevator.com\/fr\/wp-json\/wp\/v2\/product_brand?post=996778"},{"taxonomy":"product_cat","embeddable":true,"href":"https:\/\/isfelevator.com\/fr\/wp-json\/wp\/v2\/product_cat?post=996778"},{"taxonomy":"product_tag","embeddable":true,"href":"https:\/\/isfelevator.com\/fr\/wp-json\/wp\/v2\/product_tag?post=996778"}],"curies":[{"name":"wp","href":"https:\/\/api.w.org\/{rel}","templated":true}]}}